{"id":147813,"date":"2021-01-15T10:55:59","date_gmt":"2021-01-15T10:55:59","guid":{"rendered":"https:\/\/codengine3.ch\/?product=import-placeholder-for-200280"},"modified":"2021-01-15T10:56:05","modified_gmt":"2021-01-15T10:56:05","slug":"vinschgau-25-wanderungen","status":"publish","type":"product","link":"https:\/\/pizbube.ch\/en\/shop\/vinschgau-25-wanderungen\/","title":{"rendered":"Vinschgau 25 Wanderungen"},"content":{"rendered":"<p>Der Vinschgau in S\u00fcdtirol z\u00e4hlt zu den beliebtesten Wanderregionen der Alpen.<br \/>\nRuhige T\u00e4ler, Apfelplantagen, Almen und Bergw\u00e4lder versprechen ein<br \/>\nabwechslungsreiches Wandererlebnis. Entsprechend vielf\u00e4ltig sind die 25<br \/>\nTagestouren, die dieser Wanderf\u00fchrer vorstellt: Mal stehen kulturelle<br \/>\nHighlights wie Kl\u00f6ster oder Schl\u00f6sser im Vordergrund, mal landschaftliche<br \/>\nSch\u00f6nheiten oder einfach nur Ruhe und Entspannung.<\/p>\n<p>Zu jeder Wanderung gibt es Infos zur Tourenplanung und Verkehrsverbindungen<br \/>\nund Hinweise, inwieweit die Tour f\u00fcr Familien bzw. Kinder sowie f\u00fcr Hunde<br \/>\ngeeignet ist. Karten und H\u00f6henprofile erg\u00e4nzen die genauen Wegbeschreibungen,<br \/>\nGPS-Tracks k\u00f6nnen kostenlos heruntergeladen werden.<\/p>\n<p>159 Seiten, 33 Karten, 58 farbige Abbildungen, 24 farbige H\u00f6henprofile  <\/p>","protected":false},"excerpt":{"rendered":"<p>Der Vinschgau in S\u00fcdtirol z\u00e4hlt zu den beliebtesten Wanderregionen der Alpen. Ruhige T\u00e4ler, Apfelplantagen, Almen und Bergw\u00e4lder versprechen ein abwechslungsreiches Wandererlebnis. Entsprechend vielf\u00e4ltig sind die 25 Tagestouren, die dieser Wanderf\u00fchrer vorstellt: Mal stehen kulturelle Highlights wie Kl\u00f6ster oder Schl\u00f6sser im Vordergrund, mal landschaftliche Sch\u00f6nheiten oder einfach nur Ruhe und Entspannung. Zu jeder Wanderung gibt es [&#8230;]\n","protected":false},"featured_media":26455,"template":"","meta":[],"product_brand":[],"product_cat":[21605],"product_tag":[],"class_list":{"0":"post-147813","1":"product","2":"type-product","3":"status-publish","4":"has-post-thumbnail","6":"product_cat-wanderfuehrer-trekking","7":"pa_autor-barelds","8":"pa_erscheinungsjahr-21571","9":"pa_region-italien","10":"pa_sprache-de","12":"first","13":"instock","14":"taxable","15":"shipping-taxable","16":"purchasable","17":"product-type-simple"},"_links":{"self":[{"href":"https:\/\/pizbube.ch\/en\/wp-json\/wp\/v2\/product\/147813","targetHints":{"allow":["GET"]}}],"collection":[{"href":"https:\/\/pizbube.ch\/en\/wp-json\/wp\/v2\/product"}],"about":[{"href":"https:\/\/pizbube.ch\/en\/wp-json\/wp\/v2\/types\/product"}],"wp:featuredmedia":[{"embeddable":true,"href":"https:\/\/pizbube.ch\/en\/wp-json\/wp\/v2\/media\/26455"}],"wp:attachment":[{"href":"https:\/\/pizbube.ch\/en\/wp-json\/wp\/v2\/media?parent=147813"}],"wp:term":[{"taxonomy":"product_brand","embeddable":true,"href":"https:\/\/pizbube.ch\/en\/wp-json\/wp\/v2\/product_brand?post=147813"},{"taxonomy":"product_cat","embeddable":true,"href":"https:\/\/pizbube.ch\/en\/wp-json\/wp\/v2\/product_cat?post=147813"},{"taxonomy":"product_tag","embeddable":true,"href":"https:\/\/pizbube.ch\/en\/wp-json\/wp\/v2\/product_tag?post=147813"}],"curies":[{"name":"wp","href":"https:\/\/api.w.org\/{rel}","templated":true}]}}