{"id":147814,"date":"2021-01-15T10:55:59","date_gmt":"2021-01-15T10:55:59","guid":{"rendered":"https:\/\/codengine3.ch\/?product=import-placeholder-for-207686"},"modified":"2023-02-08T08:49:56","modified_gmt":"2023-02-08T07:49:56","slug":"mountainbiken-im-vinschgau","status":"publish","type":"product","link":"https:\/\/pizbube.ch\/en\/shop\/mountainbiken-im-vinschgau\/","title":{"rendered":"Mountainbiken im Vinschgau"},"content":{"rendered":"<p>Die sch\u00f6nsten Trails und MTB-Touren: Vinschgau, Nordtirol, Graub\u00fcnden,<br \/>\nLivigno, Bormio, Valtellina<\/p>\n<p>Dieser MTB-Guide speziell f\u00fcr den Vinschgau f\u00fchrt mit seinen Touren auch \u00fcber<br \/>\ndie Landesgrenzen hinaus und pr\u00e4sentiert die sch\u00f6nsten Routen dieser Zone.<br \/>\nJede Tour ist versehen mit einer 3D-Map, auf der die Tour mit ihren<br \/>\nWegbeschaffenheiten und waypoints eingezeichnet ist. Ein detailliertes<br \/>\nH\u00f6henprofil, genaue technische Daten sowie eine genaue Wegbeschreibung<br \/>\nvervollst\u00e4ndigen jede Tour. Inkl. &#171;Ortler Runde &#8211; Ortles Ronda&#187;.<\/p>\n<p>&#8211; 3D-Maps f\u00fcr jede Tour<br \/>\n&#8211; 58 Touren<br \/>\n&#8211; jede Tour mit H\u00f6henprofil und GPS-Tracks<br \/>\n&#8211; jede Tour mit Wegbeschaffenheit<\/p>\n<p>3. \u00fcberarbeitete und erweiterte Auflg. 2016<\/p>","protected":false},"excerpt":{"rendered":"<p>Die sch\u00f6nsten Trails und MTB-Touren: Vinschgau, Nordtirol, Graub\u00fcnden, Livigno, Bormio, Valtellina Dieser MTB-Guide speziell f\u00fcr den Vinschgau f\u00fchrt mit seinen Touren auch \u00fcber die Landesgrenzen hinaus und pr\u00e4sentiert die sch\u00f6nsten Routen dieser Zone. Jede Tour ist versehen mit einer 3D-Map, auf der die Tour mit ihren Wegbeschaffenheiten und waypoints eingezeichnet ist. Ein detailliertes H\u00f6henprofil, genaue [&#8230;]\n","protected":false},"featured_media":26806,"template":"","meta":[],"product_brand":[],"product_cat":[21606],"product_tag":[],"class_list":{"0":"post-147814","1":"product","2":"type-product","3":"status-publish","4":"has-post-thumbnail","6":"product_cat-mountainbikefuehrer","7":"pa_autor-weisenhorn","8":"pa_erscheinungsjahr-21571","9":"pa_region-italien","10":"pa_sprache-de","12":"first","13":"outofstock","14":"taxable","15":"shipping-taxable","16":"purchasable","17":"product-type-simple"},"_links":{"self":[{"href":"https:\/\/pizbube.ch\/en\/wp-json\/wp\/v2\/product\/147814","targetHints":{"allow":["GET"]}}],"collection":[{"href":"https:\/\/pizbube.ch\/en\/wp-json\/wp\/v2\/product"}],"about":[{"href":"https:\/\/pizbube.ch\/en\/wp-json\/wp\/v2\/types\/product"}],"wp:featuredmedia":[{"embeddable":true,"href":"https:\/\/pizbube.ch\/en\/wp-json\/wp\/v2\/media\/26806"}],"wp:attachment":[{"href":"https:\/\/pizbube.ch\/en\/wp-json\/wp\/v2\/media?parent=147814"}],"wp:term":[{"taxonomy":"product_brand","embeddable":true,"href":"https:\/\/pizbube.ch\/en\/wp-json\/wp\/v2\/product_brand?post=147814"},{"taxonomy":"product_cat","embeddable":true,"href":"https:\/\/pizbube.ch\/en\/wp-json\/wp\/v2\/product_cat?post=147814"},{"taxonomy":"product_tag","embeddable":true,"href":"https:\/\/pizbube.ch\/en\/wp-json\/wp\/v2\/product_tag?post=147814"}],"curies":[{"name":"wp","href":"https:\/\/api.w.org\/{rel}","templated":true}]}}