{"id":147815,"date":"2021-01-15T10:55:59","date_gmt":"2021-01-15T10:55:59","guid":{"rendered":"https:\/\/codengine3.ch\/?product=import-placeholder-for-204458"},"modified":"2022-08-06T14:53:08","modified_gmt":"2022-08-06T12:53:08","slug":"vinschgau-die-40-schoensten-touren","status":"publish","type":"product","link":"https:\/\/pizbube.ch\/en\/shop\/vinschgau-die-40-schoensten-touren\/","title":{"rendered":"Vinschgau &#8211; Die 40 sch\u00f6nsten Touren"},"content":{"rendered":"<p>Die 40 sch\u00f6nsten Wanderungen \u2013 Panoramatouren und Waalwege \u2013 Almen, H\u00fctten und<br \/>\naussichtsreiche Gipfel \u2013 Ausflugsziele in der Region \u2013 Mit GPS-Tracks zum<br \/>\nDownload und die Faltkarte zum Herausnehmen erleichtern die Planung und die<br \/>\nOrientierung auf der Tour.<\/p>\n<p>Riesige Gletscher, glitzernde Seen, satte Almen und die klare Luft: Das<br \/>\nVinschgau ist das Wander- und Bergsport-Paradies, und zwischen 400 und 4000<br \/>\nMetern kommt jeder auf seine Kosten. Ob Picknick in sonnigen T\u00e4lern oder hoch<br \/>\nhinauf ins Ortler-Gebiet: dieser Wanderf\u00fchrer stellt 40 Touren durch das<br \/>\nzauberhafte S\u00fcdtirol f\u00fcr Sie zusammen: von idyllischen Waalwegen \u00fcber<br \/>\nlehrreiche Themenwege bis zu anspruchsvollen Alm- und H\u00f6henwegen im Val<br \/>\nVenosta<\/p>\n<p>Mit vielen Tipps f\u00fcr Pfade abseits des Trubels, gem\u00fctlichen Einkehr- und<br \/>\nerfrischende Badem\u00f6glichkeiten.<\/p>","protected":false},"excerpt":{"rendered":"<p>Die 40 sch\u00f6nsten Wanderungen \u2013 Panoramatouren und Waalwege \u2013 Almen, H\u00fctten und aussichtsreiche Gipfel \u2013 Ausflugsziele in der Region \u2013 Mit GPS-Tracks zum Download und die Faltkarte zum Herausnehmen erleichtern die Planung und die Orientierung auf der Tour. Riesige Gletscher, glitzernde Seen, satte Almen und die klare Luft: Das Vinschgau ist das Wander- und Bergsport-Paradies, [&#8230;]\n","protected":false},"featured_media":38186,"template":"","meta":[],"product_brand":[],"product_cat":[21605],"product_tag":[],"class_list":{"0":"post-147815","1":"product","2":"type-product","3":"status-publish","4":"has-post-thumbnail","6":"product_cat-wanderfuehrer-trekking","7":"pa_autor-meier","8":"pa_erscheinungsjahr-21586","9":"pa_region-italien","10":"pa_sprache-de","12":"first","13":"instock","14":"taxable","15":"shipping-taxable","16":"purchasable","17":"product-type-simple"},"_links":{"self":[{"href":"https:\/\/pizbube.ch\/en\/wp-json\/wp\/v2\/product\/147815","targetHints":{"allow":["GET"]}}],"collection":[{"href":"https:\/\/pizbube.ch\/en\/wp-json\/wp\/v2\/product"}],"about":[{"href":"https:\/\/pizbube.ch\/en\/wp-json\/wp\/v2\/types\/product"}],"wp:featuredmedia":[{"embeddable":true,"href":"https:\/\/pizbube.ch\/en\/wp-json\/wp\/v2\/media\/38186"}],"wp:attachment":[{"href":"https:\/\/pizbube.ch\/en\/wp-json\/wp\/v2\/media?parent=147815"}],"wp:term":[{"taxonomy":"product_brand","embeddable":true,"href":"https:\/\/pizbube.ch\/en\/wp-json\/wp\/v2\/product_brand?post=147815"},{"taxonomy":"product_cat","embeddable":true,"href":"https:\/\/pizbube.ch\/en\/wp-json\/wp\/v2\/product_cat?post=147815"},{"taxonomy":"product_tag","embeddable":true,"href":"https:\/\/pizbube.ch\/en\/wp-json\/wp\/v2\/product_tag?post=147815"}],"curies":[{"name":"wp","href":"https:\/\/api.w.org\/{rel}","templated":true}]}}