{"id":147816,"date":"2021-01-15T10:55:59","date_gmt":"2021-01-15T10:55:59","guid":{"rendered":"https:\/\/codengine3.ch\/?product=import-placeholder-for-200796"},"modified":"2025-01-09T11:51:14","modified_gmt":"2025-01-09T10:51:14","slug":"obervinschgau-alta-val-venosta-wander-und-skiroutenkarte-1-25000","status":"publish","type":"product","link":"https:\/\/pizbube.ch\/en\/shop\/obervinschgau-alta-val-venosta-wander-und-skiroutenkarte-1-25000\/","title":{"rendered":"Obervinschgau Alta Val Venosta \/  Wander- und Skiroutenkarte 1: 25&#8217;000"},"content":{"rendered":"<p>Reschenpass und Matschertal;<br \/>\nBlatt 041<\/p>\n<p>Wander- Rad- und Skitourenkarte 1: 25 000<br \/>\nDeutsch \/ Italienisch. Mit Kurzf\u00fchrer, alpinen Skitouren und Radtouren.<\/p>\n<p>Reiss- und Wasserfest; Mit Lexikon, Masstab, in Plastikh\u00fclle<\/p>\n<p>Die 3in1 Wanderkarte ist jetzt noch \u00fcbersichtlicher und besser lesbar. Der<br \/>\nAktiv Guide informiert Sie rund um das Thema Outdoor und die kostenlose App<br \/>\nf\u00fcr unterwegs gibt es auch noch dazu. Das bildet die perfekte Grundlage f\u00fcr<br \/>\ndie Planung einer Wandertour. Die pr\u00e4zise Kartografie zeigt alle begehbaren<br \/>\nWanderwege inklusive Klassifizierung. Informationen wie Schwimmb\u00e4der,<br \/>\nKlettersteige, Kinderspielpl\u00e4tze, H\u00fctten und vieles mehr sind in der Karte<br \/>\nebenfalls enthalten. Dank der rei\u00df- und wetterfesten Papierqualit\u00e4t ist die<br \/>\nKarte bei jedem Wetter ein treuer Begleiter.<\/p>","protected":false},"excerpt":{"rendered":"<p>Reschenpass und Matschertal; Blatt 041 Wander- Rad- und Skitourenkarte 1: 25 000 Deutsch \/ Italienisch. Mit Kurzf\u00fchrer, alpinen Skitouren und Radtouren. Reiss- und Wasserfest; Mit Lexikon, Masstab, in Plastikh\u00fclle Die 3in1 Wanderkarte ist jetzt noch \u00fcbersichtlicher und besser lesbar. Der Aktiv Guide informiert Sie rund um das Thema Outdoor und die kostenlose App f\u00fcr unterwegs [&#8230;]\n","protected":false},"featured_media":166943,"template":"","meta":[],"product_brand":[],"product_cat":[21543],"product_tag":[],"class_list":{"0":"post-147816","1":"product","2":"type-product","3":"status-publish","4":"has-post-thumbnail","6":"product_cat-landkarten","7":"pa_autor-kompass","8":"pa_erscheinungsjahr-27129","9":"pa_region-italien","10":"pa_sprache-de-it","12":"first","13":"instock","14":"taxable","15":"shipping-taxable","16":"purchasable","17":"product-type-simple"},"_links":{"self":[{"href":"https:\/\/pizbube.ch\/en\/wp-json\/wp\/v2\/product\/147816","targetHints":{"allow":["GET"]}}],"collection":[{"href":"https:\/\/pizbube.ch\/en\/wp-json\/wp\/v2\/product"}],"about":[{"href":"https:\/\/pizbube.ch\/en\/wp-json\/wp\/v2\/types\/product"}],"wp:featuredmedia":[{"embeddable":true,"href":"https:\/\/pizbube.ch\/en\/wp-json\/wp\/v2\/media\/166943"}],"wp:attachment":[{"href":"https:\/\/pizbube.ch\/en\/wp-json\/wp\/v2\/media?parent=147816"}],"wp:term":[{"taxonomy":"product_brand","embeddable":true,"href":"https:\/\/pizbube.ch\/en\/wp-json\/wp\/v2\/product_brand?post=147816"},{"taxonomy":"product_cat","embeddable":true,"href":"https:\/\/pizbube.ch\/en\/wp-json\/wp\/v2\/product_cat?post=147816"},{"taxonomy":"product_tag","embeddable":true,"href":"https:\/\/pizbube.ch\/en\/wp-json\/wp\/v2\/product_tag?post=147816"}],"curies":[{"name":"wp","href":"https:\/\/api.w.org\/{rel}","templated":true}]}}