{"id":147817,"date":"2021-01-15T10:55:59","date_gmt":"2021-01-15T10:55:59","guid":{"rendered":"https:\/\/codengine3.ch\/?product=import-placeholder-for-208178"},"modified":"2021-01-15T17:51:03","modified_gmt":"2021-01-15T17:51:03","slug":"vinschgau-trails","status":"publish","type":"product","link":"https:\/\/pizbube.ch\/en\/shop\/vinschgau-trails\/","title":{"rendered":"Vinschgau Trails!"},"content":{"rendered":"<p>\nDas nagelneue Trails!BOOK \u201eVinschgau Trails!\u201c von Ralf Glaser und Local Matze<br \/>\nGruber beschreibt detailliert 33 Touren im S\u00fcdtiroler Singletrail-Hotspot<br \/>\nVinschgau. Die Touren verteilen sich auf insgesamt 5 Trail-Areas: Meraner<br \/>\nLand, Latsch, Schlanders, Nationalpark Stilfser Joch, Dreil\u00e4ndereck. Au\u00dferdem<br \/>\nist der f\u00fcnft\u00e4gige \u201eOrtler Giro\u201c mit im Programm.<\/p>\n<p>Wie die anderen B\u00fccher von Ralf Glaser ist auch \u201eVinschgau Trails!\u201c ein Mix<br \/>\naus Bildband und Mountainbike-Guide. Mit gro\u00dfformatigen Actionfotos und<br \/>\nkurzweilig geschriebenen Stories wird im Magazin-Stil viel Wissenswertes und<br \/>\nHintergrund-Infos zum Biken im Vinschgau vermittelt. Der Tourenteil bietet mit<br \/>\ndetaillierten Kartenausschnitten, H\u00f6henprofilen und GPS-Daten alle<br \/>\nInformationen, die du auf Tour ben\u00f6tigst.<\/p>\n<p>\u201eVinschgau Trails!\u201c ist ein Coffeetable-Bike-Guide zum Schm\u00f6kern, zur<br \/>\nTourvorbereitung und gleichzeitig die perfekte L\u00f6sung f\u00fcr deine Touren.  <\/p>","protected":false},"excerpt":{"rendered":"<p>Das nagelneue Trails!BOOK \u201eVinschgau Trails!\u201c von Ralf Glaser und Local Matze Gruber beschreibt detailliert 33 Touren im S\u00fcdtiroler Singletrail-Hotspot Vinschgau. Die Touren verteilen sich auf insgesamt 5 Trail-Areas: Meraner Land, Latsch, Schlanders, Nationalpark Stilfser Joch, Dreil\u00e4ndereck. Au\u00dferdem ist der f\u00fcnft\u00e4gige \u201eOrtler Giro\u201c mit im Programm. Wie die anderen B\u00fccher von Ralf Glaser ist auch \u201eVinschgau [&#8230;]\n","protected":false},"featured_media":39566,"template":"","meta":[],"product_brand":[],"product_cat":[21606],"product_tag":[],"class_list":{"0":"post-147817","1":"product","2":"type-product","3":"status-publish","4":"has-post-thumbnail","6":"product_cat-mountainbikefuehrer","7":"pa_autor-glaser","8":"pa_erscheinungsjahr-21597","9":"pa_region-italien","10":"pa_sprache-de","12":"first","13":"instock","14":"taxable","15":"shipping-taxable","16":"purchasable","17":"product-type-simple"},"_links":{"self":[{"href":"https:\/\/pizbube.ch\/en\/wp-json\/wp\/v2\/product\/147817","targetHints":{"allow":["GET"]}}],"collection":[{"href":"https:\/\/pizbube.ch\/en\/wp-json\/wp\/v2\/product"}],"about":[{"href":"https:\/\/pizbube.ch\/en\/wp-json\/wp\/v2\/types\/product"}],"wp:featuredmedia":[{"embeddable":true,"href":"https:\/\/pizbube.ch\/en\/wp-json\/wp\/v2\/media\/39566"}],"wp:attachment":[{"href":"https:\/\/pizbube.ch\/en\/wp-json\/wp\/v2\/media?parent=147817"}],"wp:term":[{"taxonomy":"product_brand","embeddable":true,"href":"https:\/\/pizbube.ch\/en\/wp-json\/wp\/v2\/product_brand?post=147817"},{"taxonomy":"product_cat","embeddable":true,"href":"https:\/\/pizbube.ch\/en\/wp-json\/wp\/v2\/product_cat?post=147817"},{"taxonomy":"product_tag","embeddable":true,"href":"https:\/\/pizbube.ch\/en\/wp-json\/wp\/v2\/product_tag?post=147817"}],"curies":[{"name":"wp","href":"https:\/\/api.w.org\/{rel}","templated":true}]}}