{"id":147818,"date":"2021-01-15T10:55:59","date_gmt":"2021-01-15T10:55:59","guid":{"rendered":"https:\/\/codengine3.ch\/?product=import-placeholder-for-203672"},"modified":"2021-01-15T14:25:31","modified_gmt":"2021-01-15T14:25:31","slug":"pioniere-der-alpin-fotografie","status":"publish","type":"product","link":"https:\/\/pizbube.ch\/en\/shop\/pioniere-der-alpin-fotografie\/","title":{"rendered":"Pioniere der Alpin- Fotografie"},"content":{"rendered":"<p>Das Archiv der Gebr\u00fcder Wehrli umfasst mehrere Zehntausend Fotos, die Ende des<br \/>\n19. und Anfang des 20.Jahrhunderts entstanden. Unter gr\u00f6ssten Strapazen<br \/>\nstiegen die Fotografen ins Hochgebirge und brachten beeindruckende Bilder<br \/>\nzur\u00fcck.<br \/>\nDer klassische Wehrli-Look zeichnet sich aus durch satte Schwarz-Weiss-<br \/>\nKontraste bei grosser Liebe zu Sch\u00e4rfe und Genauigkeit. Die Bedeutung der<br \/>\nfotografischen Leistung der Br\u00fcder Wehrli liegt aber ebenso in der<br \/>\nPopularisierung der Gebirgsfotografie und ganz generell der Dokumentation von<br \/>\nLandschaften und Siedlungen. Die Ansichtskarten der Gebr. Wehrli waren bald<br \/>\n\u00fcberall in der Schweiz erh\u00e4ltlich.<br \/>\nDer vorliegende Band zeigt jene Fotografien, die den alpinen Traum ins Bild<br \/>\nr\u00fccken. Dazu kommen auch die Bilder von den Menschen, die in den Bergen leben,<br \/>\nseien es die echten Bergler oder die saisonalen Touristen, zu denen die<br \/>\nAlpinisten geh\u00f6ren. 106 S., 70 Duplexfotos.<\/p>","protected":false},"excerpt":{"rendered":"<p>Das Archiv der Gebr\u00fcder Wehrli umfasst mehrere Zehntausend Fotos, die Ende des 19. und Anfang des 20.Jahrhunderts entstanden. Unter gr\u00f6ssten Strapazen stiegen die Fotografen ins Hochgebirge und brachten beeindruckende Bilder zur\u00fcck. Der klassische Wehrli-Look zeichnet sich aus durch satte Schwarz-Weiss- Kontraste bei grosser Liebe zu Sch\u00e4rfe und Genauigkeit. Die Bedeutung der fotografischen Leistung der Br\u00fcder [&#8230;]\n","protected":false},"featured_media":31327,"template":"","meta":[],"product_brand":[],"product_cat":[21580],"product_tag":[],"class_list":{"0":"post-147818","1":"product","2":"type-product","3":"status-publish","4":"has-post-thumbnail","6":"product_cat-kunst-kultur","7":"pa_autor-hugger","8":"pa_erscheinungsjahr-21776","9":"pa_region-schweiz","10":"pa_sprache-de","12":"first","13":"instock","14":"taxable","15":"shipping-taxable","16":"purchasable","17":"product-type-simple"},"_links":{"self":[{"href":"https:\/\/pizbube.ch\/en\/wp-json\/wp\/v2\/product\/147818","targetHints":{"allow":["GET"]}}],"collection":[{"href":"https:\/\/pizbube.ch\/en\/wp-json\/wp\/v2\/product"}],"about":[{"href":"https:\/\/pizbube.ch\/en\/wp-json\/wp\/v2\/types\/product"}],"wp:featuredmedia":[{"embeddable":true,"href":"https:\/\/pizbube.ch\/en\/wp-json\/wp\/v2\/media\/31327"}],"wp:attachment":[{"href":"https:\/\/pizbube.ch\/en\/wp-json\/wp\/v2\/media?parent=147818"}],"wp:term":[{"taxonomy":"product_brand","embeddable":true,"href":"https:\/\/pizbube.ch\/en\/wp-json\/wp\/v2\/product_brand?post=147818"},{"taxonomy":"product_cat","embeddable":true,"href":"https:\/\/pizbube.ch\/en\/wp-json\/wp\/v2\/product_cat?post=147818"},{"taxonomy":"product_tag","embeddable":true,"href":"https:\/\/pizbube.ch\/en\/wp-json\/wp\/v2\/product_tag?post=147818"}],"curies":[{"name":"wp","href":"https:\/\/api.w.org\/{rel}","templated":true}]}}