{"id":147820,"date":"2021-01-15T10:55:59","date_gmt":"2021-01-15T10:55:59","guid":{"rendered":"https:\/\/codengine3.ch\/?product=import-placeholder-for-206964"},"modified":"2026-03-12T12:33:08","modified_gmt":"2026-03-12T11:33:08","slug":"geologie-des-kantons-uri","status":"publish","type":"product","link":"https:\/\/pizbube.ch\/en\/shop\/geologie-des-kantons-uri\/","title":{"rendered":"Geologie des Kantons Uri"},"content":{"rendered":"<p>Zum 100-Jahr-Jubil\u00e4um der Naturforschenden Gesellschaft Uri ist das Buch `Geologie des Kantons Uri` erschienen. Auf insgesamt 224 Seiten wird das Verst\u00e4ndnis f\u00fcr die vielf\u00e4ltige, einzigartige Landschaft des Kantons Uri geweckt.<\/p>\n<p>Neben der ganzen geologischen Geschichte, dem geologischen Bau und Beschreibungen der Gesteine erf\u00e4hrt man ebenso viel \u00fcber ganz `Handfestes` wie etwa das Strahlen, die Naturgefahren, die Gletschergeschichte, den Ofenstein, die Erze und Rohstoffe des Urnerlandes, um nur einiges zu nennen.<\/p>\n<p>Die 15 Autoren \u2013 unter anderem der Doyen der Geologievermittlung f\u00fcr Amateure, Toni Labhart \u2013 haben ein Werk geschaffen, das durch seine Sorgfalt, seine hervorragenden Fotos und Farbillustrationen sowie durch seine klare und sehr gut verst\u00e4ndliche Sprache begeistert.<\/p>\n<p>Mit Beilagen Geologische Karte \/ Profile Ost und West 1:100`000,<br \/>\nGletscherst\u00e4nde 1:50`000<br \/>\n2. Auflage 2012<\/p>","protected":false},"excerpt":{"rendered":"<p>Zum 100-Jahr-Jubil\u00e4um der Naturforschenden Gesellschaft Uri ist das Buch `Geologie des Kantons Uri` erschienen. Auf insgesamt 224 Seiten wird das Verst\u00e4ndnis f\u00fcr die vielf\u00e4ltige, einzigartige Landschaft des Kantons Uri geweckt. Neben der ganzen geologischen Geschichte, dem geologischen Bau und Beschreibungen der Gesteine erf\u00e4hrt man ebenso viel \u00fcber ganz `Handfestes` wie etwa das Strahlen, die Naturgefahren, [&#8230;]\n","protected":false},"featured_media":174007,"template":"","meta":[],"product_brand":[],"product_cat":[21542],"product_tag":[],"class_list":{"0":"post-147820","1":"product","2":"type-product","3":"status-publish","4":"has-post-thumbnail","6":"product_cat-sachbuecher-dokumentationen","7":"pa_autor-naturforschende-gesellschaft-uri-hrsg","8":"pa_erscheinungsjahr-21621","9":"pa_region-fauna-flora-geologie-glaziologie","10":"pa_sprache-de","12":"first","13":"instock","14":"taxable","15":"shipping-taxable","16":"purchasable","17":"product-type-simple"},"_links":{"self":[{"href":"https:\/\/pizbube.ch\/en\/wp-json\/wp\/v2\/product\/147820","targetHints":{"allow":["GET"]}}],"collection":[{"href":"https:\/\/pizbube.ch\/en\/wp-json\/wp\/v2\/product"}],"about":[{"href":"https:\/\/pizbube.ch\/en\/wp-json\/wp\/v2\/types\/product"}],"wp:featuredmedia":[{"embeddable":true,"href":"https:\/\/pizbube.ch\/en\/wp-json\/wp\/v2\/media\/174007"}],"wp:attachment":[{"href":"https:\/\/pizbube.ch\/en\/wp-json\/wp\/v2\/media?parent=147820"}],"wp:term":[{"taxonomy":"product_brand","embeddable":true,"href":"https:\/\/pizbube.ch\/en\/wp-json\/wp\/v2\/product_brand?post=147820"},{"taxonomy":"product_cat","embeddable":true,"href":"https:\/\/pizbube.ch\/en\/wp-json\/wp\/v2\/product_cat?post=147820"},{"taxonomy":"product_tag","embeddable":true,"href":"https:\/\/pizbube.ch\/en\/wp-json\/wp\/v2\/product_tag?post=147820"}],"curies":[{"name":"wp","href":"https:\/\/api.w.org\/{rel}","templated":true}]}}