{"id":147822,"date":"2021-01-15T10:56:00","date_gmt":"2021-01-15T10:56:00","guid":{"rendered":"https:\/\/codengine3.ch\/?product=import-placeholder-for-206170"},"modified":"2024-07-31T08:40:40","modified_gmt":"2024-07-31T06:40:40","slug":"geologische-uebersichtskarte-der-schweiz","status":"publish","type":"product","link":"https:\/\/pizbube.ch\/en\/shop\/geologische-uebersichtskarte-der-schweiz\/","title":{"rendered":"Geologische \u00dcbersichtskarte der Schweiz"},"content":{"rendered":"<p>Die Postkarte gibt verst\u00e4ndliche Informationen zur Geologie der Schweiz. Sie<br \/>\nvermittelt einen vereinfachten \u00dcberblick \u00fcber die tektonischen und<br \/>\nhydrogeologischen Verh\u00e4ltnisse in der Schweiz.<\/p>","protected":false},"excerpt":{"rendered":"<p>Die Postkarte gibt verst\u00e4ndliche Informationen zur Geologie der Schweiz. Sie vermittelt einen vereinfachten \u00dcberblick \u00fcber die tektonischen und hydrogeologischen Verh\u00e4ltnisse in der Schweiz.<\/p>","protected":false},"featured_media":35112,"template":"","meta":[],"product_brand":[],"product_cat":[21853],"product_tag":[],"class_list":{"0":"post-147822","1":"product","2":"type-product","3":"status-publish","4":"has-post-thumbnail","6":"product_cat-ansichtskarten","7":"pa_autor-swisstopo","8":"pa_erscheinungsjahr-21776","9":"pa_region-schweiz","10":"pa_sprache-d","11":"pa_sprache-f","12":"pa_sprache-i","14":"first","15":"outofstock","16":"taxable","17":"shipping-taxable","18":"purchasable","19":"product-type-simple"},"_links":{"self":[{"href":"https:\/\/pizbube.ch\/en\/wp-json\/wp\/v2\/product\/147822","targetHints":{"allow":["GET"]}}],"collection":[{"href":"https:\/\/pizbube.ch\/en\/wp-json\/wp\/v2\/product"}],"about":[{"href":"https:\/\/pizbube.ch\/en\/wp-json\/wp\/v2\/types\/product"}],"wp:featuredmedia":[{"embeddable":true,"href":"https:\/\/pizbube.ch\/en\/wp-json\/wp\/v2\/media\/35112"}],"wp:attachment":[{"href":"https:\/\/pizbube.ch\/en\/wp-json\/wp\/v2\/media?parent=147822"}],"wp:term":[{"taxonomy":"product_brand","embeddable":true,"href":"https:\/\/pizbube.ch\/en\/wp-json\/wp\/v2\/product_brand?post=147822"},{"taxonomy":"product_cat","embeddable":true,"href":"https:\/\/pizbube.ch\/en\/wp-json\/wp\/v2\/product_cat?post=147822"},{"taxonomy":"product_tag","embeddable":true,"href":"https:\/\/pizbube.ch\/en\/wp-json\/wp\/v2\/product_tag?post=147822"}],"curies":[{"name":"wp","href":"https:\/\/api.w.org\/{rel}","templated":true}]}}