{"id":147824,"date":"2021-01-15T10:56:00","date_gmt":"2021-01-15T10:56:00","guid":{"rendered":"https:\/\/codengine3.ch\/?product=import-placeholder-for-201234"},"modified":"2021-07-23T13:58:40","modified_gmt":"2021-07-23T11:58:40","slug":"glarner-wunderland","status":"publish","type":"product","link":"https:\/\/pizbube.ch\/en\/shop\/glarner-wunderland\/","title":{"rendered":"Glarner Wunderland"},"content":{"rendered":"<p>Man kennt es schon vom H\u00f6rensagen, das kleine Tal, den kleinen Kanton, den<br \/>\nZigerschlitz. Zu bieten hat dieser Flecken Erde ganz viel.<\/p>\n<p>Der Bildband &#171;Glarner Wunderland&#187; zeigt dies eindr\u00fccklich: Von der<br \/>\nGipfelbesteigung des m\u00e4chtigen T\u00f6di \u00fcber die Grate und Gletscher zu den<br \/>\nAlplandschaften, f\u00fchrt er auch durch die W\u00e4lder, vorbei an Steinb\u00f6cken und<br \/>\nG\u00e4msen \u00fcber die zahlreichen Wasserf\u00e4lle und Bergseen bis hinab ins lebendige<br \/>\nTal.<\/p>\n<p>&#171;Glarner Wunderland&#187; zeigt die Wunderwelt des Glarnerlandes mit<br \/>\nausdrucksstarken Aufnahmen. Der lebendige Text der Journalistin Claudia Kock<br \/>\nMarti birgt viel Spannendes und \u00fcberrascht durch Fakten, die man so noch nie<br \/>\n\u00fcber das Glarnerland gelesen hat.<\/p>\n<p>Ein kleiner Kanton und so viele Sch\u00e4tze. Mit seinen rund 14 Gletschern, gegen<br \/>\n60 Seen, 88 Alpen, zwei Dritteln Wald und einem lebendigen Tal zeigt das<br \/>\nGlarnerland eine eindr\u00fcckliche Vielfalt \u2013 wenn man sich hinauf wagt, in die<br \/>\nH\u00f6hen des Zigerschlitzes. Und dann, ja dann wundert man sich teils vielleicht<br \/>\nauch \u00fcber die Glarner, was sie tun oder machen, und auch darum \u2013 unser<br \/>\nGlarner(Wunder)land.<\/p>","protected":false},"excerpt":{"rendered":"<p>Man kennt es schon vom H\u00f6rensagen, das kleine Tal, den kleinen Kanton, den Zigerschlitz. Zu bieten hat dieser Flecken Erde ganz viel. Der Bildband &#171;Glarner Wunderland&#187; zeigt dies eindr\u00fccklich: Von der Gipfelbesteigung des m\u00e4chtigen T\u00f6di \u00fcber die Grate und Gletscher zu den Alplandschaften, f\u00fchrt er auch durch die W\u00e4lder, vorbei an Steinb\u00f6cken und G\u00e4msen \u00fcber [&#8230;]\n","protected":false},"featured_media":28497,"template":"","meta":[],"product_brand":[],"product_cat":[21542],"product_tag":[],"class_list":{"0":"post-147824","1":"product","2":"type-product","3":"status-publish","4":"has-post-thumbnail","6":"product_cat-sachbuecher-dokumentationen","7":"pa_autor-kock-marti-rhyner","8":"pa_erscheinungsjahr-21574","9":"pa_region-schweiz","10":"pa_sprache-de","12":"first","13":"instock","14":"taxable","15":"shipping-taxable","16":"purchasable","17":"product-type-simple"},"_links":{"self":[{"href":"https:\/\/pizbube.ch\/en\/wp-json\/wp\/v2\/product\/147824","targetHints":{"allow":["GET"]}}],"collection":[{"href":"https:\/\/pizbube.ch\/en\/wp-json\/wp\/v2\/product"}],"about":[{"href":"https:\/\/pizbube.ch\/en\/wp-json\/wp\/v2\/types\/product"}],"wp:featuredmedia":[{"embeddable":true,"href":"https:\/\/pizbube.ch\/en\/wp-json\/wp\/v2\/media\/28497"}],"wp:attachment":[{"href":"https:\/\/pizbube.ch\/en\/wp-json\/wp\/v2\/media?parent=147824"}],"wp:term":[{"taxonomy":"product_brand","embeddable":true,"href":"https:\/\/pizbube.ch\/en\/wp-json\/wp\/v2\/product_brand?post=147824"},{"taxonomy":"product_cat","embeddable":true,"href":"https:\/\/pizbube.ch\/en\/wp-json\/wp\/v2\/product_cat?post=147824"},{"taxonomy":"product_tag","embeddable":true,"href":"https:\/\/pizbube.ch\/en\/wp-json\/wp\/v2\/product_tag?post=147824"}],"curies":[{"name":"wp","href":"https:\/\/api.w.org\/{rel}","templated":true}]}}