{"id":147826,"date":"2021-01-15T10:56:00","date_gmt":"2021-01-15T10:56:00","guid":{"rendered":"https:\/\/codengine3.ch\/?product=import-placeholder-for-207441"},"modified":"2021-01-15T16:03:16","modified_gmt":"2021-01-15T16:03:16","slug":"via-glaralpina","status":"publish","type":"product","link":"https:\/\/pizbube.ch\/en\/shop\/via-glaralpina\/","title":{"rendered":"Via Glaralpina"},"content":{"rendered":"<p>\nDie im Sommer 2019 er\u00f6ffnete Via Glaralpina ist ein abwechslungsreicher und<br \/>\nteils anspruchsvoller Weitwanderweg rund um das Glarnerland. Er verbindet die<br \/>\ndrei Gemeinden Glarus Nord, Glarus und Glarus S\u00fcd und umfasst circa 230<br \/>\nWanderkilometer und 18 000 H\u00f6henmeter Auf- und Abstieg.<\/p>\n<p>Die Via Glaralpina erschlie\u00dft 20 Gipfel mit \u00fcber 30 H\u00fctten, Hotels und<br \/>\nGasth\u00e4usern im Kanton und teilt sich in 19 Etappen auf. Sie f\u00fchrt \u00fcber gelb,<br \/>\nwei\u00df-rot-wei\u00df und wei\u00df-blau-wei\u00df markierte Wanderwege vom Alpengr\u00fcn bis hinauf<br \/>\nin die Berglandschaften und sogar Gletscherwelten des Glarnerlandes.  <\/p>\n<p>Der Wanderf\u00fchrer pr\u00e4sentiert die Via Glaralpina erstmals in Buchform. Die<br \/>\neinzelnen Etappen werden anschaulich und mit instruktivem Kartenmaterial<br \/>\nversehen dargestellt. Landschaftliche, geologische, botanische und kulturelle<br \/>\nBesonderheiten der jeweiligen Orte und Wegabschnitte werden in Bild und Text<br \/>\ngeschildert.<\/p>\n<p>Das Buch bietet sich an, eine touristisch noch z\u00f6gerlich wahrgenommene,<br \/>\n\u00e4u\u00dferst attraktive Region in unmittelbarer N\u00e4he der Agglomeration Z\u00fcrichs zu<br \/>\nentdecken und zu erkunden.  <\/p>\n<p>Kartoniert, Paperback; 200 Seiten  <\/p>","protected":false},"excerpt":{"rendered":"<p>Die im Sommer 2019 er\u00f6ffnete Via Glaralpina ist ein abwechslungsreicher und teils anspruchsvoller Weitwanderweg rund um das Glarnerland. Er verbindet die drei Gemeinden Glarus Nord, Glarus und Glarus S\u00fcd und umfasst circa 230 Wanderkilometer und 18 000 H\u00f6henmeter Auf- und Abstieg. Die Via Glaralpina erschlie\u00dft 20 Gipfel mit \u00fcber 30 H\u00fctten, Hotels und Gasth\u00e4usern im [&#8230;]\n","protected":false},"featured_media":37443,"template":"","meta":[],"product_brand":[],"product_cat":[21605],"product_tag":[],"class_list":{"0":"post-147826","1":"product","2":"type-product","3":"status-publish","4":"has-post-thumbnail","6":"product_cat-wanderfuehrer-trekking","7":"pa_autor-glarner-wanderwege-hrsg","8":"pa_erscheinungsjahr-21558","9":"pa_region-schweiz","10":"pa_sprache-de","12":"first","13":"instock","14":"taxable","15":"shipping-taxable","16":"purchasable","17":"product-type-simple"},"_links":{"self":[{"href":"https:\/\/pizbube.ch\/en\/wp-json\/wp\/v2\/product\/147826","targetHints":{"allow":["GET"]}}],"collection":[{"href":"https:\/\/pizbube.ch\/en\/wp-json\/wp\/v2\/product"}],"about":[{"href":"https:\/\/pizbube.ch\/en\/wp-json\/wp\/v2\/types\/product"}],"wp:featuredmedia":[{"embeddable":true,"href":"https:\/\/pizbube.ch\/en\/wp-json\/wp\/v2\/media\/37443"}],"wp:attachment":[{"href":"https:\/\/pizbube.ch\/en\/wp-json\/wp\/v2\/media?parent=147826"}],"wp:term":[{"taxonomy":"product_brand","embeddable":true,"href":"https:\/\/pizbube.ch\/en\/wp-json\/wp\/v2\/product_brand?post=147826"},{"taxonomy":"product_cat","embeddable":true,"href":"https:\/\/pizbube.ch\/en\/wp-json\/wp\/v2\/product_cat?post=147826"},{"taxonomy":"product_tag","embeddable":true,"href":"https:\/\/pizbube.ch\/en\/wp-json\/wp\/v2\/product_tag?post=147826"}],"curies":[{"name":"wp","href":"https:\/\/api.w.org\/{rel}","templated":true}]}}