{"id":147827,"date":"2021-01-15T10:56:00","date_gmt":"2021-01-15T10:56:00","guid":{"rendered":"https:\/\/codengine3.ch\/?product=import-placeholder-for-207796"},"modified":"2025-10-01T10:34:05","modified_gmt":"2025-10-01T08:34:05","slug":"landschaften-und-geologie-der-schweiz","status":"publish","type":"product","link":"https:\/\/pizbube.ch\/en\/shop\/landschaften-und-geologie-der-schweiz\/","title":{"rendered":"Landschaften und Geologie der Schweiz"},"content":{"rendered":"<p>Das umfassende Werk zur Geologie der Schweiz. Ein Naturbuch f\u00fcr jeden Haushalt: Landschafts- und Gesteinskunde leicht verst\u00e4ndlich dargestellt und reich bebildert. Verfasst von einem der renommiertesten Geologen der Schweiz.<\/p>\n<p>Der geologische Bau der Schweiz spiegelt sich in deren Landschaften wider:<br \/>\nW\u00e4hrend er im Mittelland und im Jura relativ einfach ist, sind in den Alpen vielf\u00e4ltige und hochkomplexe Strukturen anzutreffen. Sie entstanden aus der Kollision zweier Kontinente, die zur Stauchung, Verfaltung und Aufeinanderstapelung gewaltiger Gesteinspakete f\u00fchrten. Aufgrund der unterschiedlichen Zusammensetzung der Gesteine, der Verwitterung und des Abtrags bildeten sich jene verschiedenartigen Landschaftsformen, die uns heute so faszinieren.<\/p>\n<p>O. Adrian Pfiffner erl\u00e4utert in einer auch f\u00fcr Laien verst\u00e4ndlichen Sprache die elementaren geologischen Vorg\u00e4nge an der Oberfl\u00e4che und im Untergrund der Schweiz. Er legt damit eine umfassende und reich bebilderte Landschafts- und Gesteinskunde der Schweiz vor, auf die geografisch Interessierte aus ganz Europa lange gewartet haben.<\/p>","protected":false},"excerpt":{"rendered":"<p>Das umfassende Werk zur Geologie der Schweiz. Ein Naturbuch f\u00fcr jeden Haushalt: Landschafts- und Gesteinskunde leicht verst\u00e4ndlich dargestellt und reich bebildert. Verfasst von einem der renommiertesten Geologen der Schweiz. Der geologische Bau der Schweiz spiegelt sich in deren Landschaften wider: W\u00e4hrend er im Mittelland und im Jura relativ einfach ist, sind in den Alpen vielf\u00e4ltige [&#8230;]\n","protected":false},"featured_media":181445,"template":"","meta":[],"product_brand":[],"product_cat":[21538],"product_tag":[],"class_list":{"0":"post-147827","1":"product","2":"type-product","3":"status-publish","4":"has-post-thumbnail","6":"product_cat-lehrbuecher","7":"pa_autor-pfiffner","8":"pa_erscheinungsjahr-27339","9":"pa_region-fauna-flora-geologie-glaziologie","10":"pa_sprache-de","12":"first","13":"instock","14":"taxable","15":"shipping-taxable","16":"purchasable","17":"product-type-simple"},"_links":{"self":[{"href":"https:\/\/pizbube.ch\/en\/wp-json\/wp\/v2\/product\/147827","targetHints":{"allow":["GET"]}}],"collection":[{"href":"https:\/\/pizbube.ch\/en\/wp-json\/wp\/v2\/product"}],"about":[{"href":"https:\/\/pizbube.ch\/en\/wp-json\/wp\/v2\/types\/product"}],"wp:featuredmedia":[{"embeddable":true,"href":"https:\/\/pizbube.ch\/en\/wp-json\/wp\/v2\/media\/181445"}],"wp:attachment":[{"href":"https:\/\/pizbube.ch\/en\/wp-json\/wp\/v2\/media?parent=147827"}],"wp:term":[{"taxonomy":"product_brand","embeddable":true,"href":"https:\/\/pizbube.ch\/en\/wp-json\/wp\/v2\/product_brand?post=147827"},{"taxonomy":"product_cat","embeddable":true,"href":"https:\/\/pizbube.ch\/en\/wp-json\/wp\/v2\/product_cat?post=147827"},{"taxonomy":"product_tag","embeddable":true,"href":"https:\/\/pizbube.ch\/en\/wp-json\/wp\/v2\/product_tag?post=147827"}],"curies":[{"name":"wp","href":"https:\/\/api.w.org\/{rel}","templated":true}]}}