{"id":147828,"date":"2021-01-15T10:56:00","date_gmt":"2021-01-15T10:56:00","guid":{"rendered":"https:\/\/codengine3.ch\/?product=import-placeholder-for-208266"},"modified":"2025-06-03T14:08:41","modified_gmt":"2025-06-03T12:08:41","slug":"geologische-wanderungen-15-routen-zu-hotspots-in-der-schweiz","status":"publish","type":"product","link":"https:\/\/pizbube.ch\/en\/shop\/geologische-wanderungen-15-routen-zu-hotspots-in-der-schweiz\/","title":{"rendered":"Geologische Wanderungen &#8211; 15 Routen zu Hotspots in der Schweiz"},"content":{"rendered":"<p>Vom Martinsloch bis zu den Jura-H\u00f6hlen: 15 Wanderungen zu Orten in der<br \/>\nSchweiz, an denen Geologie unmittelbar erlebt werden kann.<br \/>\nVertiefende Hintergrundinformationen, genaue Wegbeschreibungen und<br \/>\nKartenskizzen, reiche Illustration.<\/p>\n<p>Die Schweiz \u2013 ein geologisches Wunderland: In Mittelland, Jura und Alpen<br \/>\nwandern wir \u00fcber Millionen Jahre alte Gesteine mit Versteinerungen, die von<br \/>\nLebewesen l\u00e4ngst verschwundener Meere erz\u00e4hlen. Gl\u00e4nzende Kristalle, bunte<br \/>\nMineralien und vielf\u00e4ltige Gesteine zeugen von der ereignisreichen<br \/>\nErdgeschichte des Landes.<\/p>\n<p>An ausgew\u00e4hlten Haltepunkten entlang der 15 Wanderrouten in diesem F\u00fchrer<br \/>\nbeschreiben die Autoren, wie gewaltige Gesteinsverschiebungen und Faltungen<br \/>\nBerge aufgebaut haben, und wie die Erosion sie wieder abtr\u00e4gt. Dem Wanderland<br \/>\nSchweiz geht man mit diesem Buch \u2013 buchst\u00e4blich \u2013 auf den Grund.<\/p>\n<p>1. Auflage 2019<br \/>\n208 Seiten, rund 250 Farbfotos, 16 Karten, Flexobroschur.<\/p>","protected":false},"excerpt":{"rendered":"<p>Vom Martinsloch bis zu den Jura-H\u00f6hlen: 15 Wanderungen zu Orten in der Schweiz, an denen Geologie unmittelbar erlebt werden kann. Vertiefende Hintergrundinformationen, genaue Wegbeschreibungen und Kartenskizzen, reiche Illustration. Die Schweiz \u2013 ein geologisches Wunderland: In Mittelland, Jura und Alpen wandern wir \u00fcber Millionen Jahre alte Gesteine mit Versteinerungen, die von Lebewesen l\u00e4ngst verschwundener Meere erz\u00e4hlen. [&#8230;]\n","protected":false},"featured_media":179911,"template":"","meta":[],"product_brand":[],"product_cat":[21605],"product_tag":[],"class_list":{"0":"post-147828","1":"product","2":"type-product","3":"status-publish","4":"has-post-thumbnail","6":"product_cat-wanderfuehrer-trekking","7":"pa_autor-alean-felber","8":"pa_erscheinungsjahr-21586","9":"pa_region-fauna-flora-geologie-glaziologie","10":"pa_sprache-de","12":"first","13":"instock","14":"taxable","15":"shipping-taxable","16":"purchasable","17":"product-type-simple"},"_links":{"self":[{"href":"https:\/\/pizbube.ch\/en\/wp-json\/wp\/v2\/product\/147828","targetHints":{"allow":["GET"]}}],"collection":[{"href":"https:\/\/pizbube.ch\/en\/wp-json\/wp\/v2\/product"}],"about":[{"href":"https:\/\/pizbube.ch\/en\/wp-json\/wp\/v2\/types\/product"}],"wp:featuredmedia":[{"embeddable":true,"href":"https:\/\/pizbube.ch\/en\/wp-json\/wp\/v2\/media\/179911"}],"wp:attachment":[{"href":"https:\/\/pizbube.ch\/en\/wp-json\/wp\/v2\/media?parent=147828"}],"wp:term":[{"taxonomy":"product_brand","embeddable":true,"href":"https:\/\/pizbube.ch\/en\/wp-json\/wp\/v2\/product_brand?post=147828"},{"taxonomy":"product_cat","embeddable":true,"href":"https:\/\/pizbube.ch\/en\/wp-json\/wp\/v2\/product_cat?post=147828"},{"taxonomy":"product_tag","embeddable":true,"href":"https:\/\/pizbube.ch\/en\/wp-json\/wp\/v2\/product_tag?post=147828"}],"curies":[{"name":"wp","href":"https:\/\/api.w.org\/{rel}","templated":true}]}}