{"id":147831,"date":"2021-01-15T10:56:00","date_gmt":"2021-01-15T10:56:00","guid":{"rendered":"https:\/\/codengine3.ch\/?product=import-placeholder-for-204357"},"modified":"2021-01-15T14:32:21","modified_gmt":"2021-01-15T14:32:21","slug":"trinity-dvd","status":"publish","type":"product","link":"https:\/\/pizbube.ch\/en\/shop\/trinity-dvd\/","title":{"rendered":"Trinity DVD"},"content":{"rendered":"<p>Trinity ist die bildliche Aufarbeitung eines ganzen Kletterjahres. David Knapp<br \/>\nbegleitete eine Gruppe Kletterer &#8211; unter ihnen Fred Nicole, Lutz Limburg,<br \/>\nDaniel Eder und Andreas M\u00f6lk &#8211; auf ihren Reisen nach Indien, S\u00fcdafrika und<br \/>\n\u00d6sterreich. Egal ob die s\u00fcdafrikanischen Rocklands, Hampi und Badami in Indien<br \/>\noder secret Spots im Zillertal &#8211; jedes Land bietet neuartige Lines, Bewegungen<br \/>\nund kulturelle Eindr\u00fccke. Die Besonderheiten der Boulderspots unterstreicht<br \/>\nTrinity sehr gelungen durch verschiedene musikalische und filmische Mittel.<br \/>\nEine deutschsprachige Produktion der Extraklasse!<\/p>","protected":false},"excerpt":{"rendered":"<p>Trinity ist die bildliche Aufarbeitung eines ganzen Kletterjahres. David Knapp begleitete eine Gruppe Kletterer &#8211; unter ihnen Fred Nicole, Lutz Limburg, Daniel Eder und Andreas M\u00f6lk &#8211; auf ihren Reisen nach Indien, S\u00fcdafrika und \u00d6sterreich. Egal ob die s\u00fcdafrikanischen Rocklands, Hampi und Badami in Indien oder secret Spots im Zillertal &#8211; jedes Land bietet neuartige [&#8230;]\n","protected":false},"featured_media":32198,"template":"","meta":[],"product_brand":[],"product_cat":[21628],"product_tag":[],"class_list":{"0":"post-147831","1":"product","2":"type-product","3":"status-publish","4":"has-post-thumbnail","6":"product_cat-video-dvd-multimedia","7":"pa_autor-knapp","8":"pa_erscheinungsjahr-21763","9":"pa_region-deutschland","10":"pa_sprache-d","11":"pa_sprache-e","13":"first","14":"instock","15":"taxable","16":"shipping-taxable","17":"purchasable","18":"product-type-simple"},"_links":{"self":[{"href":"https:\/\/pizbube.ch\/en\/wp-json\/wp\/v2\/product\/147831","targetHints":{"allow":["GET"]}}],"collection":[{"href":"https:\/\/pizbube.ch\/en\/wp-json\/wp\/v2\/product"}],"about":[{"href":"https:\/\/pizbube.ch\/en\/wp-json\/wp\/v2\/types\/product"}],"wp:featuredmedia":[{"embeddable":true,"href":"https:\/\/pizbube.ch\/en\/wp-json\/wp\/v2\/media\/32198"}],"wp:attachment":[{"href":"https:\/\/pizbube.ch\/en\/wp-json\/wp\/v2\/media?parent=147831"}],"wp:term":[{"taxonomy":"product_brand","embeddable":true,"href":"https:\/\/pizbube.ch\/en\/wp-json\/wp\/v2\/product_brand?post=147831"},{"taxonomy":"product_cat","embeddable":true,"href":"https:\/\/pizbube.ch\/en\/wp-json\/wp\/v2\/product_cat?post=147831"},{"taxonomy":"product_tag","embeddable":true,"href":"https:\/\/pizbube.ch\/en\/wp-json\/wp\/v2\/product_tag?post=147831"}],"curies":[{"name":"wp","href":"https:\/\/api.w.org\/{rel}","templated":true}]}}