{"id":147835,"date":"2021-01-15T10:56:00","date_gmt":"2021-01-15T10:56:00","guid":{"rendered":"https:\/\/codengine3.ch\/?product=import-placeholder-for-200284"},"modified":"2023-03-17T10:01:54","modified_gmt":"2023-03-17T09:01:54","slug":"kletterfuehrer-alpen-band-3","status":"publish","type":"product","link":"https:\/\/pizbube.ch\/en\/shop\/kletterfuehrer-alpen-band-3\/","title":{"rendered":"Kletterf\u00fchrer Alpen Band 3"},"content":{"rendered":"<p>Ein topaktuelles Nachschlagewerk der sch\u00f6nsten alpinen Mehrseill\u00e4ngentouren.<\/p>\n<p>\u00dcbersichtlicher Auswahlf\u00fchrer mit \u00fcber 280 Touren auf 608 Seiten aus den<br \/>\nsch\u00f6nsten Klettergebieten der Alpen<br \/>\nWie bei Band I und II: Schwerpunkt VI. und VII. obligater Schwierigkeitsgrad;<br \/>\nausnahmslos selbst recherchiert; durchgehend farbig;<br \/>\nHardcover mit Fadenheftung;<\/p>\n<p>Unterscheidung zwischen Absicherung (f\u00fcr vollst\u00e4ndig ausger\u00fcstete Touren) und<br \/>\nAbsicherbarkeit (f\u00fcr teilausger\u00fcstete Touren); mehrere eigene Artikel zu<br \/>\nkletterspezifischen Themen<\/p>\n<p>Schwerpunkte:<br \/>\n50 moderne Touren im Verdon;<br \/>\nMeeralpen: eine wetterbeg\u00fcnstigte Perle, die kaum jemand kennt<br \/>\nChamonix: mittlerweile ist unsere Tourenliste nahezu komplett<br \/>\nBrenta-Dolomiten: viele tolle Bohrhakentouren sowie sanierte Klassiker<\/p>\n<p>Neu: statt \u201cobligatem Schwierigkeitsgrad\u201d (obl.) geben die Autoren jetzt das<br \/>\n\u201cempfohlene Kletterniveau\u201d (eKN) an<\/p>","protected":false},"excerpt":{"rendered":"<ul>\n<li><strong><a href=\"https:\/\/pizbube.ch\/wp-content\/uploads\/attachments\/a_002\/1BFDCC76036781D4432FD1544C01A94D.pdf\" target=\"_blank\" rel=\"noopener\">PDF: Leseprobe_topoguide_3.pdf<\/a><\/strong><\/li>\n<\/ul>","protected":false},"featured_media":165426,"template":"","meta":[],"product_brand":[],"product_cat":[21539],"product_tag":[],"class_list":{"0":"post-147835","1":"product","2":"type-product","3":"status-publish","4":"has-post-thumbnail","6":"product_cat-fuehrerliteratur-sportklettern-bouldern","7":"pa_autor-luzar-roth","8":"pa_erscheinungsjahr-21597","9":"pa_region-uebrigers-europa","10":"pa_sprache-de","12":"first","13":"instock","14":"taxable","15":"shipping-taxable","16":"purchasable","17":"product-type-simple"},"_links":{"self":[{"href":"https:\/\/pizbube.ch\/en\/wp-json\/wp\/v2\/product\/147835","targetHints":{"allow":["GET"]}}],"collection":[{"href":"https:\/\/pizbube.ch\/en\/wp-json\/wp\/v2\/product"}],"about":[{"href":"https:\/\/pizbube.ch\/en\/wp-json\/wp\/v2\/types\/product"}],"wp:featuredmedia":[{"embeddable":true,"href":"https:\/\/pizbube.ch\/en\/wp-json\/wp\/v2\/media\/165426"}],"wp:attachment":[{"href":"https:\/\/pizbube.ch\/en\/wp-json\/wp\/v2\/media?parent=147835"}],"wp:term":[{"taxonomy":"product_brand","embeddable":true,"href":"https:\/\/pizbube.ch\/en\/wp-json\/wp\/v2\/product_brand?post=147835"},{"taxonomy":"product_cat","embeddable":true,"href":"https:\/\/pizbube.ch\/en\/wp-json\/wp\/v2\/product_cat?post=147835"},{"taxonomy":"product_tag","embeddable":true,"href":"https:\/\/pizbube.ch\/en\/wp-json\/wp\/v2\/product_tag?post=147835"}],"curies":[{"name":"wp","href":"https:\/\/api.w.org\/{rel}","templated":true}]}}