{"id":147836,"date":"2021-01-15T10:56:00","date_gmt":"2021-01-15T10:56:00","guid":{"rendered":"https:\/\/codengine3.ch\/?product=import-placeholder-for-206009"},"modified":"2022-12-30T08:58:00","modified_gmt":"2022-12-30T07:58:00","slug":"kletterfuehrer-alpen-band-2","status":"publish","type":"product","link":"https:\/\/pizbube.ch\/en\/shop\/kletterfuehrer-alpen-band-2\/","title":{"rendered":"Kletterf\u00fchrer Alpen (Band 2)"},"content":{"rendered":"<p>250 v\u00f6llig andere Touren als in Band I -prall gef\u00fcllt mit verl\u00e4sslichen<br \/>\nInformationen!<br \/>\n\u00dcbersichtlicher Auswahlf\u00fchrer mit \u00fcber 250 Touren auf ca. 600 Seiten aus den<br \/>\nsch\u00f6nsten Klettergebieten der Alpen:<br \/>\nBergell, Dauphin\u00e9, Dolomiten; Mont Blanc; Nordalpen, Sarcatal, Zentralschweiz<\/p>\n<p>Schwerpunkt VI. obligater Schwierigkeitsgrad; ausnahmslos selbst recherchiert;<br \/>\ndurchgehend farbig;<br \/>\nNeuerungen:<br \/>\n-noch detailliertere Topos mit fairen Schwierigkeitsbewertungen;<br \/>\n-noch mehr und gr\u00f6\u00dfere Bilder;<br \/>\n-Unterscheidung Absicherung (f\u00fcr vollst\u00e4ndig ausger\u00fcstete Touren)<br \/>\n-Absicherbarkeit (f\u00fcr teilausger\u00fcstete Touren);<br \/>\n-noch mehr und detailliertere Zustiegs- und \u00dcbersichtsskizzen;<br \/>\n-mehrere eigene Artikel zu kletterspezifischen Themen<\/p>","protected":false},"excerpt":{"rendered":"<ul>\n<li><a href=\"https:\/\/pizbube.ch\/wp-content\/uploads\/attachments\/a_027\/AF03504BF79A11853401720711CF7797.pdf\" target=\"_blank\" rel=\"noopener\"><strong>PDF: Leseprobe_TOPOGUIDE<\/strong><\/a><\/li>\n<\/ul>","protected":false},"featured_media":165427,"template":"","meta":[],"product_brand":[],"product_cat":[21539],"product_tag":[],"class_list":{"0":"post-147836","1":"product","2":"type-product","3":"status-publish","4":"has-post-thumbnail","6":"product_cat-fuehrerliteratur-sportklettern-bouldern","7":"pa_autor-luzar-roth","8":"pa_erscheinungsjahr-21830","9":"pa_region-uebrigers-europa","10":"pa_sprache-de","12":"first","13":"instock","14":"taxable","15":"shipping-taxable","16":"purchasable","17":"product-type-simple"},"_links":{"self":[{"href":"https:\/\/pizbube.ch\/en\/wp-json\/wp\/v2\/product\/147836","targetHints":{"allow":["GET"]}}],"collection":[{"href":"https:\/\/pizbube.ch\/en\/wp-json\/wp\/v2\/product"}],"about":[{"href":"https:\/\/pizbube.ch\/en\/wp-json\/wp\/v2\/types\/product"}],"wp:featuredmedia":[{"embeddable":true,"href":"https:\/\/pizbube.ch\/en\/wp-json\/wp\/v2\/media\/165427"}],"wp:attachment":[{"href":"https:\/\/pizbube.ch\/en\/wp-json\/wp\/v2\/media?parent=147836"}],"wp:term":[{"taxonomy":"product_brand","embeddable":true,"href":"https:\/\/pizbube.ch\/en\/wp-json\/wp\/v2\/product_brand?post=147836"},{"taxonomy":"product_cat","embeddable":true,"href":"https:\/\/pizbube.ch\/en\/wp-json\/wp\/v2\/product_cat?post=147836"},{"taxonomy":"product_tag","embeddable":true,"href":"https:\/\/pizbube.ch\/en\/wp-json\/wp\/v2\/product_tag?post=147836"}],"curies":[{"name":"wp","href":"https:\/\/api.w.org\/{rel}","templated":true}]}}