{"id":147837,"date":"2021-01-15T10:56:00","date_gmt":"2021-01-15T10:56:00","guid":{"rendered":"https:\/\/codengine3.ch\/?product=import-placeholder-for-202407"},"modified":"2021-01-15T12:36:02","modified_gmt":"2021-01-15T12:36:02","slug":"150-escaladas-clasicas-en-los-alpes","status":"publish","type":"product","link":"https:\/\/pizbube.ch\/en\/shop\/150-escaladas-clasicas-en-los-alpes\/","title":{"rendered":"150 escaladas clasicas en los Alpes"},"content":{"rendered":"<p>Selecci\u00f3n de itinerarios de mediana dificultad del 4. a lo largo de todos los<br \/>\nAlpes, de Niza a Viencon unos croquis alucinantes. Con esta gu\u00eda,<br \/>\nconocimientos necesarios y amor al riesgo y la monta\u00f1a, ser\u00e9is los reyes.<br \/>\n(Topoguidebook)<\/p>","protected":false},"excerpt":{"rendered":"<p>Selecci\u00f3n de itinerarios de mediana dificultad del 4. a lo largo de todos los Alpes, de Niza a Viencon unos croquis alucinantes. Con esta gu\u00eda, conocimientos necesarios y amor al riesgo y la monta\u00f1a, ser\u00e9is los reyes. (Topoguidebook)<\/p>","protected":false},"featured_media":29796,"template":"","meta":[],"product_brand":[],"product_cat":[21539],"product_tag":[],"class_list":{"0":"post-147837","1":"product","2":"type-product","3":"status-publish","4":"has-post-thumbnail","6":"product_cat-fuehrerliteratur-sportklettern-bouldern","7":"pa_autor-lluch","8":"pa_erscheinungsjahr-22242","9":"pa_region-uebrigers-europa","10":"pa_sprache-sp","12":"first","13":"instock","14":"taxable","15":"shipping-taxable","16":"purchasable","17":"product-type-simple"},"_links":{"self":[{"href":"https:\/\/pizbube.ch\/en\/wp-json\/wp\/v2\/product\/147837","targetHints":{"allow":["GET"]}}],"collection":[{"href":"https:\/\/pizbube.ch\/en\/wp-json\/wp\/v2\/product"}],"about":[{"href":"https:\/\/pizbube.ch\/en\/wp-json\/wp\/v2\/types\/product"}],"wp:featuredmedia":[{"embeddable":true,"href":"https:\/\/pizbube.ch\/en\/wp-json\/wp\/v2\/media\/29796"}],"wp:attachment":[{"href":"https:\/\/pizbube.ch\/en\/wp-json\/wp\/v2\/media?parent=147837"}],"wp:term":[{"taxonomy":"product_brand","embeddable":true,"href":"https:\/\/pizbube.ch\/en\/wp-json\/wp\/v2\/product_brand?post=147837"},{"taxonomy":"product_cat","embeddable":true,"href":"https:\/\/pizbube.ch\/en\/wp-json\/wp\/v2\/product_cat?post=147837"},{"taxonomy":"product_tag","embeddable":true,"href":"https:\/\/pizbube.ch\/en\/wp-json\/wp\/v2\/product_tag?post=147837"}],"curies":[{"name":"wp","href":"https:\/\/api.w.org\/{rel}","templated":true}]}}