{"id":147838,"date":"2021-01-15T10:56:00","date_gmt":"2021-01-15T10:56:00","guid":{"rendered":"https:\/\/codengine3.ch\/?product=import-placeholder-for-202408"},"modified":"2021-01-15T12:36:03","modified_gmt":"2021-01-15T12:36:03","slug":"233-escaladas-de-dificultad-en-los-alpes","status":"publish","type":"product","link":"https:\/\/pizbube.ch\/en\/shop\/233-escaladas-de-dificultad-en-los-alpes\/","title":{"rendered":"233 escaladas de dificultad en los Alpes"},"content":{"rendered":"<p>vias e historia de sus protagonistas, croquis. Topoauswahlf\u00fchrer vom Verdon<br \/>\n\u00fcber Savoien, den Montblanc, Berner uns Walliser Alpen, R\u00e4tikon bis in die<br \/>\nDolomiten.<\/p>","protected":false},"excerpt":{"rendered":"<p>vias e historia de sus protagonistas, croquis. Topoauswahlf\u00fchrer vom Verdon \u00fcber Savoien, den Montblanc, Berner uns Walliser Alpen, R\u00e4tikon bis in die Dolomiten.<\/p>","protected":false},"featured_media":29797,"template":"","meta":[],"product_brand":[],"product_cat":[21539],"product_tag":[],"class_list":{"0":"post-147838","1":"product","2":"type-product","3":"status-publish","4":"has-post-thumbnail","6":"product_cat-fuehrerliteratur-sportklettern-bouldern","7":"pa_autor-lluch","8":"pa_erscheinungsjahr-22060","9":"pa_region-uebrigers-europa","10":"pa_sprache-sp","12":"first","13":"instock","14":"taxable","15":"shipping-taxable","16":"purchasable","17":"product-type-simple"},"_links":{"self":[{"href":"https:\/\/pizbube.ch\/en\/wp-json\/wp\/v2\/product\/147838","targetHints":{"allow":["GET"]}}],"collection":[{"href":"https:\/\/pizbube.ch\/en\/wp-json\/wp\/v2\/product"}],"about":[{"href":"https:\/\/pizbube.ch\/en\/wp-json\/wp\/v2\/types\/product"}],"wp:featuredmedia":[{"embeddable":true,"href":"https:\/\/pizbube.ch\/en\/wp-json\/wp\/v2\/media\/29797"}],"wp:attachment":[{"href":"https:\/\/pizbube.ch\/en\/wp-json\/wp\/v2\/media?parent=147838"}],"wp:term":[{"taxonomy":"product_brand","embeddable":true,"href":"https:\/\/pizbube.ch\/en\/wp-json\/wp\/v2\/product_brand?post=147838"},{"taxonomy":"product_cat","embeddable":true,"href":"https:\/\/pizbube.ch\/en\/wp-json\/wp\/v2\/product_cat?post=147838"},{"taxonomy":"product_tag","embeddable":true,"href":"https:\/\/pizbube.ch\/en\/wp-json\/wp\/v2\/product_tag?post=147838"}],"curies":[{"name":"wp","href":"https:\/\/api.w.org\/{rel}","templated":true}]}}