{"id":147840,"date":"2021-01-15T10:56:00","date_gmt":"2021-01-15T10:56:00","guid":{"rendered":"https:\/\/codengine3.ch\/?product=import-placeholder-for-203349"},"modified":"2024-08-22T11:44:26","modified_gmt":"2024-08-22T09:44:26","slug":"klettern-in-der-schweiz","status":"publish","type":"product","link":"https:\/\/pizbube.ch\/en\/shop\/klettern-in-der-schweiz\/","title":{"rendered":"Klettern in der Schweiz"},"content":{"rendered":"<p>KLETTERN IN DER SCHWEIZ<br \/>\nAusgew\u00e4hlte Routen und Kletterg\u00e4rten<\/p>\n<p>Mehr als 400 moderne Mehrseill\u00e4ngen-Anstiege und Kletterg\u00e4rten sowohl im Kalk als auch im Granit werden mit detailierten Beschreibungen veranschaulicht. Das beschriebene Gebiet ist die Zentralschweiz mit den Kantonen Fribourg, Wallis, Uri, Berner Oberland, Obwalden, Graub\u00fcnden und St. Gallen.<\/p>\n<p>Zu den 41 beschriebenen Orten geh\u00f6ren z.B. Wenden, R\u00e4tikon, Salbitschjien und Eldorado aber auch weniger bekannte wie Rothorn, Sch\u00f6llenen, Dome du Slot und Ofen. Ein Kapitel ist modernen Klettereien am Eiger gewidmet. Es ist auch eine Auswahl der interessanteren Kletterg\u00e4rten dieser Gebiete enthalten.<\/p>\n<p>Matteo della Bordella hat zahlreiche der beschriebenen Routen wiederholt und kann deshalb auf eigene Erfahrungen zur\u00fcck greifen. Zus\u00e4tzlich lieferten ihm Freunde und Locals detaillierte und neue Erkenntnisse \u00fcber Routen und Klettergebiete. Einen bedeutenden Teil nehmen die Wendenst\u00f6cke und das R\u00e4tikon ein, die zu seinen Lieblingsgebieten z\u00e4hlen. Bislang unbekannte und sehr sch\u00f6ne Wege werden zum ersten Mal in diesem umfassenden Auswahlf\u00fchrer genau beschrieben. Wie in anderen F\u00fchrern dieser Reihe kommen auch hier die Klettergeschichte ihre Protagonisten nicht zu kurz. Es sind Freunde oder Seilpartner oder auch einige der bedeutendsten Kletterer und Erschlie\u00dfer, die hier zu Wort kommen und deren verdienstvolle Arbeit hiermit gew\u00fcrdigt werden soll.<br \/>\n504 Seiten<br \/>\nAuflage 2012<\/p>","protected":false},"excerpt":{"rendered":"<ul>\n<li><a href=\"https:\/\/pizbube.ch\/wp-content\/uploads\/attachments\/a_002\/1C3A3828EC5D46091FE0B284969C4676.pdf\" target=\"_blank\" rel=\"noopener\">PDF: Inhalt Klettern in der Schweiz<\/a><\/li>\n<\/ul>","protected":false},"featured_media":172883,"template":"","meta":[],"product_brand":[],"product_cat":[21539],"product_tag":[],"class_list":{"0":"post-147840","1":"product","2":"type-product","3":"status-publish","4":"has-post-thumbnail","6":"product_cat-fuehrerliteratur-sportklettern-bouldern","7":"pa_autor-della-bordella","8":"pa_erscheinungsjahr-21621","9":"pa_region-schweiz","10":"pa_sprache-de","12":"first","13":"instock","14":"taxable","15":"shipping-taxable","16":"purchasable","17":"product-type-simple"},"_links":{"self":[{"href":"https:\/\/pizbube.ch\/en\/wp-json\/wp\/v2\/product\/147840","targetHints":{"allow":["GET"]}}],"collection":[{"href":"https:\/\/pizbube.ch\/en\/wp-json\/wp\/v2\/product"}],"about":[{"href":"https:\/\/pizbube.ch\/en\/wp-json\/wp\/v2\/types\/product"}],"wp:featuredmedia":[{"embeddable":true,"href":"https:\/\/pizbube.ch\/en\/wp-json\/wp\/v2\/media\/172883"}],"wp:attachment":[{"href":"https:\/\/pizbube.ch\/en\/wp-json\/wp\/v2\/media?parent=147840"}],"wp:term":[{"taxonomy":"product_brand","embeddable":true,"href":"https:\/\/pizbube.ch\/en\/wp-json\/wp\/v2\/product_brand?post=147840"},{"taxonomy":"product_cat","embeddable":true,"href":"https:\/\/pizbube.ch\/en\/wp-json\/wp\/v2\/product_cat?post=147840"},{"taxonomy":"product_tag","embeddable":true,"href":"https:\/\/pizbube.ch\/en\/wp-json\/wp\/v2\/product_tag?post=147840"}],"curies":[{"name":"wp","href":"https:\/\/api.w.org\/{rel}","templated":true}]}}