{"id":147842,"date":"2021-01-15T10:56:00","date_gmt":"2021-01-15T10:56:00","guid":{"rendered":"https:\/\/codengine3.ch\/?product=import-placeholder-for-208595"},"modified":"2025-01-14T14:10:37","modified_gmt":"2025-01-14T13:10:37","slug":"max-30-min-alpine-kletterei-schnell-erreicht-bd-1","status":"publish","type":"product","link":"https:\/\/pizbube.ch\/en\/shop\/max-30-min-alpine-kletterei-schnell-erreicht-bd-1\/","title":{"rendered":"max. 30 min. &#8211; Alpine Kletterei schnell erreicht Bd 1"},"content":{"rendered":"<p>65 Mehrseill\u00e4ngentouren mit kurzem Zustieg<\/p>\n<p>Der Kletterf\u00fchrer stellt eine vielf\u00e4ltige Auswahl an 65 lohnenden<br \/>\nMehrseill\u00e4ngentouren in den Gebieten Dolomiten, Tirol, Sarcatal, Bergell und<br \/>\nChamonix vor.<\/p>\n<p>DAS BESONDERE AN DIESEM KLETTERF\u00dcHRER:<br \/>\nAlle beschriebenen Touren sind in maximal 30 Zustiegsminuten erreichbar.<br \/>\nErg\u00e4nzend dazu wird in jedem Gebiet 1 Sportklettergarten vorgestellt.<\/p>\n<p>Die beschriebenen Klettereien bewegen sich zwischen dem 4. bis 8.<br \/>\nSchwierigkeitsgrad. Die leichteren sind Touren oft im klassischen Stil, die<br \/>\netwas schwereren meist mehr mit Bohrhaken abgesichert.<\/p>\n<p>Um lohnende Unternehmungen mit m\u00f6glichst genauen Information bereitstellen zu<br \/>\nk\u00f6nnen, wurden so gut wie alle Routen vom Autor selbst geklettert und<br \/>\nfotografiert.<\/p>\n<p>Jede Route wird auf einer Doppelseite mit Wandbild, Topo, Bild aus der Tour<br \/>\nund genauer Beschreibung vorgestellt.<\/p>\n<p>Begleitet wird der Toureninhalt von fachm\u00e4nnisch, grafisch aufbereiteten Tipps<br \/>\nzu den Themen Seilhandling, Bergrettung, Notfall und Tourenplanung.<\/p>\n<p class=\"fusion-responsive-typography-calculated\" data-fontsize=\"18\" data-lineheight=\"25.3833px\">Kaffee und Klettern:<br \/>\nKaffee ist ein gutes Stichwort. \u201eMan geht nicht <i>nach<\/i> dem Klettern einen Kaffee trinken, sondern Kaffeetrinken <i>ist<\/i> Teil des Kletterns\u201c, sagte schon Wolfgang G\u00fcllich. F\u00fcr einen Kaffee mehr hat man mit diesem Kletterf\u00fchrer immer Zeit, wie das Cover schon verhei\u00dft. Er konzentriert sich auf Touren, die nicht mehr als 30 Minuten Zustieg erfordern. Das ist, laut Matthias, nicht der Faulheit geschuldet, sondern ein Ausdruck von Gem\u00fctlichkeit und Genuss.<\/p>\n<p>Damit der Koffein-Pegel nicht zu sehr absinkt ist auch bei jeder Tour ein Tipp zum Einkehren dabei&#8230;<\/p>\n<p data-fontsize=\"18\" data-lineheight=\"25.3833px\">192 Seiten<\/p>","protected":false},"excerpt":{"rendered":"<ul>\n<li><a href=\"https:\/\/pizbube.ch\/wp-content\/uploads\/attachments\/a_024\/8A02320102CF55C490CC609BF981DAFB.pdf\" target=\"_blank\" rel=\"noopener\">PDF: leseprobe-max30min.pdf<\/a><\/li>\n<\/ul>","protected":false},"featured_media":162556,"template":"","meta":[],"product_brand":[],"product_cat":[21539],"product_tag":[],"class_list":{"0":"post-147842","1":"product","2":"type-product","3":"status-publish","4":"has-post-thumbnail","6":"product_cat-fuehrerliteratur-sportklettern-bouldern","7":"pa_autor-baudrexl","8":"pa_erscheinungsjahr-21574","9":"pa_region-uebrigers-europa","10":"pa_sprache-de","12":"first","13":"outofstock","14":"taxable","15":"shipping-taxable","16":"purchasable","17":"product-type-simple"},"_links":{"self":[{"href":"https:\/\/pizbube.ch\/en\/wp-json\/wp\/v2\/product\/147842","targetHints":{"allow":["GET"]}}],"collection":[{"href":"https:\/\/pizbube.ch\/en\/wp-json\/wp\/v2\/product"}],"about":[{"href":"https:\/\/pizbube.ch\/en\/wp-json\/wp\/v2\/types\/product"}],"wp:featuredmedia":[{"embeddable":true,"href":"https:\/\/pizbube.ch\/en\/wp-json\/wp\/v2\/media\/162556"}],"wp:attachment":[{"href":"https:\/\/pizbube.ch\/en\/wp-json\/wp\/v2\/media?parent=147842"}],"wp:term":[{"taxonomy":"product_brand","embeddable":true,"href":"https:\/\/pizbube.ch\/en\/wp-json\/wp\/v2\/product_brand?post=147842"},{"taxonomy":"product_cat","embeddable":true,"href":"https:\/\/pizbube.ch\/en\/wp-json\/wp\/v2\/product_cat?post=147842"},{"taxonomy":"product_tag","embeddable":true,"href":"https:\/\/pizbube.ch\/en\/wp-json\/wp\/v2\/product_tag?post=147842"}],"curies":[{"name":"wp","href":"https:\/\/api.w.org\/{rel}","templated":true}]}}