{"id":147843,"date":"2021-01-15T10:56:06","date_gmt":"2021-01-15T10:56:06","guid":{"rendered":"https:\/\/codengine3.ch\/?product=import-placeholder-for-205289"},"modified":"2021-01-15T14:40:08","modified_gmt":"2021-01-15T14:40:08","slug":"voyage-au-coeur-des-alpes","status":"publish","type":"product","link":"https:\/\/pizbube.ch\/en\/shop\/voyage-au-coeur-des-alpes\/","title":{"rendered":"Voyage au coeur des Alpes"},"content":{"rendered":"<p>Deux si\u00e8cles de gravures anciennes du Mont Blanc au Cervin  <\/p>\n<p>Un voyage en images entre le mont Blanc et le Cervin \u00e0 travers des gravures<br \/>\nanciennes superbes et \u00e9vocatrices de la vision des Alpes aux XVIIIe et XIXe<br \/>\nsi\u00e8cles.  <\/p>\n<p>D\u00e8s le d\u00e9but du XVIIIe si\u00e8cle les r\u00e9cits de Windham et Pococke en 1741 et les<br \/>\nexploits des vainqueurs du mont Blanc, Jacques Balmat et Michel-Gabriel<br \/>\nPaccard en 1786 suivis, un an plus tard, par Horace-B\u00e9n\u00e9dict de Saussure<br \/>\nmarque une nouvelle perception de la montagne dans la culture europ\u00e9enne. Le<br \/>\n&#8218;voyage aux glaci\u00e8res&#8216; devient, tout au long du XIXe si\u00e8cle, une \u00e9tape oblig\u00e9e<br \/>\ndu p\u00e9riple dans le Sud-Est de la France, en Suisse et en Italie.<br \/>\nLa floraison des \u00e9crits consacr\u00e9s aux r\u00e9cits de ces voyages s&#8217;accompagne d&#8217;un<br \/>\nd\u00e9veloppement incomparable de repr\u00e9sen-tations figur\u00e9es des grands lieux<br \/>\nvisit\u00e9s. La gravure, qui peu \u00e0 peu va supplanter la peinture de chevalet \u00e0<br \/>\nl&#8217;huile, ne se contente pas d&#8217;exprimer une sensibilit\u00e9 commune : elle<br \/>\ninfluence les mentalit\u00e9s et participe \u00e0 leur \u00e9volution.  <\/p>\n<p>Au fil de 12 \u00e9tapes ralliant le mont Blanc au Cervin et Chamonix \u00e0 Zermatt, ce<br \/>\nvoyage en images au coeur des Alpes \u00e0 travers 150 gravures superbes et<br \/>\n\u00e9vocatrices, dont certaines n&#8217;avaient encore jamais \u00e9t\u00e9 reproduites, offre une<br \/>\nsomptueuse vision des Alpes de 1740 aux ann\u00e9es 1860 \u00e0 travers les oeuvres des<br \/>\nplus grands artistes de l&#8217;\u00e9poque : Coleman, Brown, Walton, Fellos, Auldjo,<br \/>\nCockburn, Forbes, Atkins&#8230;  <\/p>","protected":false},"excerpt":{"rendered":"<p>Deux si\u00e8cles de gravures anciennes du Mont Blanc au Cervin Un voyage en images entre le mont Blanc et le Cervin \u00e0 travers des gravures anciennes superbes et \u00e9vocatrices de la vision des Alpes aux XVIIIe et XIXe si\u00e8cles. D\u00e8s le d\u00e9but du XVIIIe si\u00e8cle les r\u00e9cits de Windham et Pococke en 1741 et les [&#8230;]\n","protected":false},"featured_media":33954,"template":"","meta":[],"product_brand":[],"product_cat":[21580],"product_tag":[],"class_list":{"0":"post-147843","1":"product","2":"type-product","3":"status-publish","4":"has-post-thumbnail","6":"product_cat-kunst-kultur","7":"pa_autor-blanchard-garin","8":"pa_erscheinungsjahr-21591","9":"pa_region-frankreich","10":"pa_sprache-fr","12":"first","13":"instock","14":"taxable","15":"shipping-taxable","16":"purchasable","17":"product-type-simple"},"_links":{"self":[{"href":"https:\/\/pizbube.ch\/en\/wp-json\/wp\/v2\/product\/147843","targetHints":{"allow":["GET"]}}],"collection":[{"href":"https:\/\/pizbube.ch\/en\/wp-json\/wp\/v2\/product"}],"about":[{"href":"https:\/\/pizbube.ch\/en\/wp-json\/wp\/v2\/types\/product"}],"wp:featuredmedia":[{"embeddable":true,"href":"https:\/\/pizbube.ch\/en\/wp-json\/wp\/v2\/media\/33954"}],"wp:attachment":[{"href":"https:\/\/pizbube.ch\/en\/wp-json\/wp\/v2\/media?parent=147843"}],"wp:term":[{"taxonomy":"product_brand","embeddable":true,"href":"https:\/\/pizbube.ch\/en\/wp-json\/wp\/v2\/product_brand?post=147843"},{"taxonomy":"product_cat","embeddable":true,"href":"https:\/\/pizbube.ch\/en\/wp-json\/wp\/v2\/product_cat?post=147843"},{"taxonomy":"product_tag","embeddable":true,"href":"https:\/\/pizbube.ch\/en\/wp-json\/wp\/v2\/product_tag?post=147843"}],"curies":[{"name":"wp","href":"https:\/\/api.w.org\/{rel}","templated":true}]}}