{"id":147844,"date":"2021-01-15T10:56:06","date_gmt":"2021-01-15T10:56:06","guid":{"rendered":"https:\/\/codengine3.ch\/?product=import-placeholder-for-207251"},"modified":"2021-01-15T16:01:13","modified_gmt":"2021-01-15T16:01:13","slug":"regards-sur-les-alpes","status":"publish","type":"product","link":"https:\/\/pizbube.ch\/en\/shop\/regards-sur-les-alpes\/","title":{"rendered":"Regards sur les Alpes"},"content":{"rendered":"<p>100 livres d&#8217;exception, 1515-1908  <\/p>\n<p>Les Alpes, d&#8217;abord territoire d&#8217;innombrables superstitions, sont devenues au<br \/>\nfil des temps une curiosit\u00e9 scientifique, puis un d\u00e9fi \u00e0 relever pour des<br \/>\npeuples qui n&#8217;ont eu de cesse et de les franchir et de les \u00e9tudier et de les<br \/>\nrepr\u00e9senter. Cet ouvrage retrace l&#8217;\u00e9volution du regard des hommes sur l&#8217;\u00e9pine<br \/>\ndorsale de l&#8217;Europe et sur son r\u00f4le civilisateur, en s&#8217;appuyant sur quatre<br \/>\nsi\u00e8cles de litt\u00e9rature.<br \/>\nLes cent livres anciens pr\u00e9sent\u00e9s ici t\u00e9moignent des l\u00e9gendes de toujours,<br \/>\nrendent compte des travaux des sciences de la terre ou rapportent les<br \/>\nexcursions audacieuses dont furent objet les &#8218;monts Inaccessibles&#8216;. Au-del\u00e0 de<br \/>\nleur valeur historique, la plupart nous apportent des repr\u00e9sentations d&#8217;une<br \/>\nqualit\u00e9 exceptionnelle. Enfin, ils jalonnent l&#8217;\u00e9volution des techniques<br \/>\nd&#8217;imagerie et de reproduction. Dans la perspective du &#8218;mus\u00e9e imaginaire&#8216;<br \/>\nd&#8217;Andr\u00e9 Malraux, voici la plus ambitieuse, la plus belle et la plus juste des<br \/>\nbiblioth\u00e8ques imaginaires alpines.  <\/p>","protected":false},"excerpt":{"rendered":"<p>100 livres d&#8217;exception, 1515-1908 Les Alpes, d&#8217;abord territoire d&#8217;innombrables superstitions, sont devenues au fil des temps une curiosit\u00e9 scientifique, puis un d\u00e9fi \u00e0 relever pour des peuples qui n&#8217;ont eu de cesse et de les franchir et de les \u00e9tudier et de les repr\u00e9senter. Cet ouvrage retrace l&#8217;\u00e9volution du regard des hommes sur l&#8217;\u00e9pine dorsale [&#8230;]\n","protected":false},"featured_media":36900,"template":"","meta":[],"product_brand":[],"product_cat":[21580],"product_tag":[],"class_list":{"0":"post-147844","1":"product","2":"type-product","3":"status-publish","4":"has-post-thumbnail","6":"product_cat-kunst-kultur","7":"pa_autor-perret","8":"pa_erscheinungsjahr-21621","9":"pa_region-frankreich","10":"pa_sprache-fr","12":"first","13":"instock","14":"taxable","15":"shipping-taxable","16":"purchasable","17":"product-type-simple"},"_links":{"self":[{"href":"https:\/\/pizbube.ch\/en\/wp-json\/wp\/v2\/product\/147844","targetHints":{"allow":["GET"]}}],"collection":[{"href":"https:\/\/pizbube.ch\/en\/wp-json\/wp\/v2\/product"}],"about":[{"href":"https:\/\/pizbube.ch\/en\/wp-json\/wp\/v2\/types\/product"}],"wp:featuredmedia":[{"embeddable":true,"href":"https:\/\/pizbube.ch\/en\/wp-json\/wp\/v2\/media\/36900"}],"wp:attachment":[{"href":"https:\/\/pizbube.ch\/en\/wp-json\/wp\/v2\/media?parent=147844"}],"wp:term":[{"taxonomy":"product_brand","embeddable":true,"href":"https:\/\/pizbube.ch\/en\/wp-json\/wp\/v2\/product_brand?post=147844"},{"taxonomy":"product_cat","embeddable":true,"href":"https:\/\/pizbube.ch\/en\/wp-json\/wp\/v2\/product_cat?post=147844"},{"taxonomy":"product_tag","embeddable":true,"href":"https:\/\/pizbube.ch\/en\/wp-json\/wp\/v2\/product_tag?post=147844"}],"curies":[{"name":"wp","href":"https:\/\/api.w.org\/{rel}","templated":true}]}}