{"id":147845,"date":"2021-01-15T10:56:06","date_gmt":"2021-01-15T10:56:06","guid":{"rendered":"https:\/\/codengine3.ch\/?product=import-placeholder-for-200287"},"modified":"2021-01-15T10:56:09","modified_gmt":"2021-01-15T10:56:09","slug":"dolomites-unesco-geotrail","status":"publish","type":"product","link":"https:\/\/pizbube.ch\/en\/shop\/dolomites-unesco-geotrail\/","title":{"rendered":"Dolomites UNESCO Geotrail"},"content":{"rendered":"<p>Ein Weitwanderweg durch die versteinerte Meereslandschaft des Weltnaturerbes<\/p>\n<p>Dieser Weitwanderf\u00fchrer durch die sch\u00f6nsten Berge der Welt \u2013 den Dolomiten \u2013<br \/>\nbeschreibt in 10 Etappen detailgenau die Erwanderung des Weges, mit<br \/>\ntechnischen Daten und detaillierter Etappenbeschreibung. Ein 3D-Ausschnitt<br \/>\nveranschaulicht die jeweilige Etappe. In den jeweiligen Abschnitten sind<br \/>\ngeologische Highlights eingebaut, die dem Leser in einfacher Weise beschrieben<br \/>\nund mit Fotos veranschaulicht werden.<\/p>\n<p>Ein Weitwanderweg der besonderen Klasse, mitten durch das \u201eUnesco Welterbe\u201c,<br \/>\nden Dolomiten. Zus\u00e4tzlich zur Brosch\u00fcre gibt es zwei Wanderkarten im Ma\u00dfstab<br \/>\n1:25.000; topografische Ausschnitte zu jeder Etappe inkl. 3D-Panorama der<br \/>\nGesamtstrecke.<\/p>\n<p>&#8211; Ein geologischer Weitwanderweg durch das Unesco Welterbe \u2013 den Dolomiten<br \/>\n&#8211; Etappenbeschreibungen inklusive technischer Daten, Wegverlauf und<br \/>\n3D-Darstellung<br \/>\n&#8211; Geologische Highlights zu jeder Etappe \u2013 einfach und leicht dargestellt  <\/p>","protected":false},"excerpt":{"rendered":"<ul>\n<li><a href=\"https:\/\/pizbube.ch\/wp-content\/uploads\/attachments\/a_002\/1D1AEB67DC7559E760F762789C5FEBA8.pdf\" target=\"_blank\" rel=\"noopener\">PDF: Leseprobe_dolomites_unesco_geotrail.pdf<\/a><\/li>\n<\/ul>","protected":false},"featured_media":26467,"template":"","meta":[],"product_brand":[],"product_cat":[21605],"product_tag":[],"class_list":{"0":"post-147845","1":"product","2":"type-product","3":"status-publish","4":"has-post-thumbnail","6":"product_cat-wanderfuehrer-trekking","7":"pa_autor-ladurner-morelli","8":"pa_erscheinungsjahr-21546","9":"pa_region-italien","10":"pa_sprache-de","12":"first","13":"instock","14":"taxable","15":"shipping-taxable","16":"purchasable","17":"product-type-simple"},"_links":{"self":[{"href":"https:\/\/pizbube.ch\/en\/wp-json\/wp\/v2\/product\/147845","targetHints":{"allow":["GET"]}}],"collection":[{"href":"https:\/\/pizbube.ch\/en\/wp-json\/wp\/v2\/product"}],"about":[{"href":"https:\/\/pizbube.ch\/en\/wp-json\/wp\/v2\/types\/product"}],"wp:featuredmedia":[{"embeddable":true,"href":"https:\/\/pizbube.ch\/en\/wp-json\/wp\/v2\/media\/26467"}],"wp:attachment":[{"href":"https:\/\/pizbube.ch\/en\/wp-json\/wp\/v2\/media?parent=147845"}],"wp:term":[{"taxonomy":"product_brand","embeddable":true,"href":"https:\/\/pizbube.ch\/en\/wp-json\/wp\/v2\/product_brand?post=147845"},{"taxonomy":"product_cat","embeddable":true,"href":"https:\/\/pizbube.ch\/en\/wp-json\/wp\/v2\/product_cat?post=147845"},{"taxonomy":"product_tag","embeddable":true,"href":"https:\/\/pizbube.ch\/en\/wp-json\/wp\/v2\/product_tag?post=147845"}],"curies":[{"name":"wp","href":"https:\/\/api.w.org\/{rel}","templated":true}]}}