{"id":147846,"date":"2021-01-15T10:56:06","date_gmt":"2021-01-15T10:56:06","guid":{"rendered":"https:\/\/codengine3.ch\/?product=import-placeholder-for-204912"},"modified":"2021-01-15T14:37:15","modified_gmt":"2021-01-15T14:37:15","slug":"das-abenteuerliche-leben-des-forschungsreisenden-deodat-de-dolomieu-1750-1801","status":"publish","type":"product","link":"https:\/\/pizbube.ch\/en\/shop\/das-abenteuerliche-leben-des-forschungsreisenden-deodat-de-dolomieu-1750-1801\/","title":{"rendered":"Das abenteuerliche Leben des Forschungsreisenden D\u00e9odat de Dolomieu 1750-1801"},"content":{"rendered":"<p>Der franz\u00f6sische Geologe und Mineraloge D\u00e9odat de Dolomieu (1750-1801)<br \/>\nberichtete vor \u00fcber 200 Jahren von seinen vielf\u00e4ltigen Beobachtungen und<br \/>\nForschungs- ergebnissen und vermittelte zugleich als Gelehrter und<br \/>\neigenwilliger Schriftsteller den damaligen Kenntnisstand \u00fcber die Geologie der<br \/>\nAlpen und die Naturereignisse der Vulkane in Italien.  <\/p>\n<p>Die Jahre als Ritter des Malteserordens, als Forschungs- reisender und<br \/>\nMineralienj\u00e4ger &#8211; Entdecker des Minerals Dolomit und Namensgeber der Dolomiten<br \/>\n&#8211; als Citoyen w\u00e4hrend der Zeit der Franz\u00f6sischen Revolution, als<br \/>\nMineningenieur, Professor und Mitglied des Institut National in Paris, als<br \/>\nTeilnehmer der napoleonischen \u00c4gypten-Expedition, als Kriegsgefangener in<br \/>\nMessina und zuletzt als Reisender in den Schweizer Alpen, werden ausf\u00fchrlich<br \/>\ndargestellt und dokumentiert.<br \/>\nRaperback-Ausgabe 2018  <\/p>","protected":false},"excerpt":{"rendered":"<p>Der franz\u00f6sische Geologe und Mineraloge D\u00e9odat de Dolomieu (1750-1801) berichtete vor \u00fcber 200 Jahren von seinen vielf\u00e4ltigen Beobachtungen und Forschungs- ergebnissen und vermittelte zugleich als Gelehrter und eigenwilliger Schriftsteller den damaligen Kenntnisstand \u00fcber die Geologie der Alpen und die Naturereignisse der Vulkane in Italien. Die Jahre als Ritter des Malteserordens, als Forschungs- reisender und Mineralienj\u00e4ger [&#8230;]\n","protected":false},"featured_media":36250,"template":"","meta":[],"product_brand":[],"product_cat":[21542],"product_tag":[],"class_list":{"0":"post-147846","1":"product","2":"type-product","3":"status-publish","4":"has-post-thumbnail","6":"product_cat-sachbuecher-dokumentationen","7":"pa_autor-caminada","8":"pa_erscheinungsjahr-21546","9":"pa_region-italien","10":"pa_sprache-de","12":"first","13":"instock","14":"taxable","15":"shipping-taxable","16":"purchasable","17":"product-type-simple"},"_links":{"self":[{"href":"https:\/\/pizbube.ch\/en\/wp-json\/wp\/v2\/product\/147846","targetHints":{"allow":["GET"]}}],"collection":[{"href":"https:\/\/pizbube.ch\/en\/wp-json\/wp\/v2\/product"}],"about":[{"href":"https:\/\/pizbube.ch\/en\/wp-json\/wp\/v2\/types\/product"}],"wp:featuredmedia":[{"embeddable":true,"href":"https:\/\/pizbube.ch\/en\/wp-json\/wp\/v2\/media\/36250"}],"wp:attachment":[{"href":"https:\/\/pizbube.ch\/en\/wp-json\/wp\/v2\/media?parent=147846"}],"wp:term":[{"taxonomy":"product_brand","embeddable":true,"href":"https:\/\/pizbube.ch\/en\/wp-json\/wp\/v2\/product_brand?post=147846"},{"taxonomy":"product_cat","embeddable":true,"href":"https:\/\/pizbube.ch\/en\/wp-json\/wp\/v2\/product_cat?post=147846"},{"taxonomy":"product_tag","embeddable":true,"href":"https:\/\/pizbube.ch\/en\/wp-json\/wp\/v2\/product_tag?post=147846"}],"curies":[{"name":"wp","href":"https:\/\/api.w.org\/{rel}","templated":true}]}}