{"id":147848,"date":"2021-01-15T10:56:06","date_gmt":"2021-01-15T10:56:06","guid":{"rendered":"https:\/\/codengine3.ch\/?product=import-placeholder-for-202286"},"modified":"2023-05-13T10:01:58","modified_gmt":"2023-05-13T08:01:58","slug":"dolomiten-hoehenwege-8-10","status":"publish","type":"product","link":"https:\/\/pizbube.ch\/en\/shop\/dolomiten-hoehenwege-8-10\/","title":{"rendered":"Dolomiten H\u00f6henwege 8-10"},"content":{"rendered":"<p>Vielversprechend \u2013 herausfordernd \u2013 und lohnend: Das steckt hinter der Idee, die Dolomiten komplett zu durchqueren, von einem Ende zum anderen. Diesem Konzept folgen zehn H\u00f6henwege, von Norden nach S\u00fcden und von Westen nach Osten. Drei davon stellt der Rother Wanderf\u00fchrer \u00bbDolomiten-H\u00f6henwege 8 \u2013 10\u00ab vor.<\/p>\n<p>Der H\u00f6henweg 8 f\u00fchrt von Brixen nach Salurn. H\u00f6henweg 9 verl\u00e4uft von Bozen \u00fcber Cortina d\u2019Ampezzo nach San Stefano. Auf diesem Weitwanderweg quert man unter anderem Rosengarten, Schlern, Langkofel, Sella, Fanis, Tofanen, Cristallo und die Sextener Dolomiten. Der H\u00f6henweg 10 f\u00fchrt durch die Brenta, er verl\u00e4uft von Bozen nach Gardone Riviera am Gardasee. F\u00fcr welchen der Weitwanderwege man sich auch entscheidet \u2013 auf allen wird man mit spektakul\u00e4ren Dolomiten-Landschaften und gewaltigen Hochgebirgs-Szenerien belohnt. Kein Wunder, dass f\u00fcr viele die \u00bbAlte Vie delle Dolomiti\u00ab zu den gro\u00dfartigsten H\u00f6henwegen der Alpen geh\u00f6ren.<\/p>\n<p>S\u00e4mtliche Etappen der drei Weitwanderwege werden mit verl\u00e4sslichen Wegbeschreibungen, detaillierten Informationen zu Verkehrsanbindung, \u00dcbernachtungsm\u00f6glichkeiten und Anforderungen und aussagekr\u00e4ftigen H\u00f6henprofile vorgestellt. Zus\u00e4tzlich zu den Tourenk\u00e4rtchen veranschaulichen auch Fotos mit eingetragenem Routenverlauf den Weg. Erg\u00e4nzend stehen GPS-Tracks aller Etappen zum Download bereit.<\/p>\n<p>4. Auflage 2020<br \/>\n280 Seiten mit 95 Farb- und 18 Schwarz-Wei\u00df-Abbildungen<br \/>\n90 H\u00f6henprofile, 45 Wanderk\u00e4rtchen im Ma\u00dfstab 1:75.000, zwei \u00dcbersichtskarten, GPS-Tracks zum Download<br \/>\nFormat 11,5 x 16,5 cm<br \/>\nkartoniert mit Polytex-Laminierung<\/p>","protected":false},"excerpt":{"rendered":"<ul>\n<li><strong><a href=\"https:\/\/pizbube.ch\/wp-content\/uploads\/2021\/01\/Dolomiten_Hoehenwege_8-10_inhalt.pdf\" target=\"_blank\" rel=\"noopener\">Dolomiten_H\u00f6henwege_8-10_inhalt<\/a><\/strong><\/li>\n<\/ul>","protected":false},"featured_media":158758,"template":"","meta":[],"product_brand":[],"product_cat":[21605],"product_tag":[],"class_list":{"0":"post-147848","1":"product","2":"type-product","3":"status-publish","4":"has-post-thumbnail","6":"product_cat-wanderfuehrer-trekking","7":"pa_autor-hauleitner","8":"pa_erscheinungsjahr-21558","9":"pa_region-italien","10":"pa_sprache-de","12":"first","13":"instock","14":"taxable","15":"shipping-taxable","16":"purchasable","17":"product-type-simple"},"_links":{"self":[{"href":"https:\/\/pizbube.ch\/en\/wp-json\/wp\/v2\/product\/147848","targetHints":{"allow":["GET"]}}],"collection":[{"href":"https:\/\/pizbube.ch\/en\/wp-json\/wp\/v2\/product"}],"about":[{"href":"https:\/\/pizbube.ch\/en\/wp-json\/wp\/v2\/types\/product"}],"wp:featuredmedia":[{"embeddable":true,"href":"https:\/\/pizbube.ch\/en\/wp-json\/wp\/v2\/media\/158758"}],"wp:attachment":[{"href":"https:\/\/pizbube.ch\/en\/wp-json\/wp\/v2\/media?parent=147848"}],"wp:term":[{"taxonomy":"product_brand","embeddable":true,"href":"https:\/\/pizbube.ch\/en\/wp-json\/wp\/v2\/product_brand?post=147848"},{"taxonomy":"product_cat","embeddable":true,"href":"https:\/\/pizbube.ch\/en\/wp-json\/wp\/v2\/product_cat?post=147848"},{"taxonomy":"product_tag","embeddable":true,"href":"https:\/\/pizbube.ch\/en\/wp-json\/wp\/v2\/product_tag?post=147848"}],"curies":[{"name":"wp","href":"https:\/\/api.w.org\/{rel}","templated":true}]}}