{"id":147849,"date":"2021-01-15T10:56:06","date_gmt":"2021-01-15T10:56:06","guid":{"rendered":"https:\/\/codengine3.ch\/?product=import-placeholder-for-201127"},"modified":"2023-05-13T09:37:48","modified_gmt":"2023-05-13T07:37:48","slug":"dolomiten-hoehenwege-1-3","status":"publish","type":"product","link":"https:\/\/pizbube.ch\/en\/shop\/dolomiten-hoehenwege-1-3\/","title":{"rendered":"Dolomiten H\u00f6henwege 1-3"},"content":{"rendered":"<p><span class=\"value\">Die \u00bbAlte Vie delle Dolomiti\u00ab geh\u00f6ren zu den gro\u00dfartigsten Weitwanderwegen der Alpen. Eine gewaltige Hochgebirgsszenerie, eindrucksvolle Fernblicke und st\u00e4ndig wechselnde Landschaften machen jeden Tag zu einem spannenden Erlebnis. Die Dolomiten-H\u00f6henwege 1 bis 3 verlaufen auf vorwiegend leichten, teils aber auch anspruchsvollen Steigen. Sie durchqueren in jeweils 10 bis 15 Tagesetappen die Dolomiten von Nord nach S\u00fcd. Der Rother Wanderf\u00fchrer \u00bbDolomiten-H\u00f6henwege 1\u20133\u00ab beschreibt alle Etappen und verschiedene Varianten dieser Weitwanderwege und enth\u00e4lt in kompakter Form alle zur Durchf\u00fchrung wichtigen Infos.<\/span><\/p>\n<p>Jeder H\u00f6henweg wird in Abschnitten von H\u00fctte zu H\u00fctte dargestellt, sodass die L\u00e4nge der Tagesetappen individuell geplant werden kann. Die Wegbeschreibungen sind zuverl\u00e4ssig, die Kartenausschnitte detailliert. Hilfreich sind hierbei auch die Infos zu Gehzeiten und zu den zu bew\u00e4ltigenden H\u00f6henmetern. GPS-Tracks stehen zum Download von der Internetseite des Rother Bergverlags bereit. Alle H\u00fctten sind mit den relevanten Kontaktdaten vorgestellt. Zudem sind die Bus- und Zugverbindungen aufgef\u00fchrt.<\/p>\n<p>Der Dolomiten-H\u00f6henweg Nr. 1 ist der Klassiker. Er f\u00fchrt auf 150 Kilomentern vom Pragser Wildsee nach Belluno und durchquert dabei unter anderem die Sextener Dolomiten sowie die Gebirgsgruppen Pelmo, Civetta und Schiara. Der Dolomiten-H\u00f6henweg Nr. 2 verl\u00e4uft auf 185 Kilometern von Brixen durch die Sella-, Marmolada- und Palagruppe nach Feltre. Dolomiten-H\u00f6henweg Nr. 3 ist 120 Kilometer lang und f\u00fchrt vom Pustertal durch die \u00f6stlichen Dolomiten nach Longarone im Piavetal.<\/p>\n<p>256 Seiten;<br \/>\n73 Wanderk\u00e4rtchen im Ma\u00dfstab 1:50.000, zwei \u00dcbersichtskarten im Ma\u00dfstab 1:800.000<\/p>\n<p>15., vollst\u00e4ndig \u00fcberarbeitete Auflage 2022<\/p>","protected":false},"excerpt":{"rendered":"<p>Die \u00bbAlte Vie delle Dolomiti\u00ab geh\u00f6ren zu den gro\u00dfartigsten Weitwanderwegen der Alpen. Eine gewaltige Hochgebirgsszenerie, eindrucksvolle Fernblicke und st\u00e4ndig wechselnde Landschaften machen jeden Tag zu einem spannenden Erlebnis. Die Dolomiten-H\u00f6henwege 1 bis 3 verlaufen auf vorwiegend leichten, teils aber auch anspruchsvollen Steigen. Sie durchqueren in jeweils 10 bis 15 Tagesetappen die Dolomiten von Nord nach [&#8230;]\n","protected":false},"featured_media":167606,"template":"","meta":[],"product_brand":[],"product_cat":[21605],"product_tag":[],"class_list":{"0":"post-147849","1":"product","2":"type-product","3":"status-publish","4":"has-post-thumbnail","6":"product_cat-wanderfuehrer-trekking","7":"pa_autor-hauleitner","8":"pa_erscheinungsjahr-27013","9":"pa_region-italien","10":"pa_sprache-de","12":"first","13":"instock","14":"taxable","15":"shipping-taxable","16":"purchasable","17":"product-type-simple"},"_links":{"self":[{"href":"https:\/\/pizbube.ch\/en\/wp-json\/wp\/v2\/product\/147849","targetHints":{"allow":["GET"]}}],"collection":[{"href":"https:\/\/pizbube.ch\/en\/wp-json\/wp\/v2\/product"}],"about":[{"href":"https:\/\/pizbube.ch\/en\/wp-json\/wp\/v2\/types\/product"}],"wp:featuredmedia":[{"embeddable":true,"href":"https:\/\/pizbube.ch\/en\/wp-json\/wp\/v2\/media\/167606"}],"wp:attachment":[{"href":"https:\/\/pizbube.ch\/en\/wp-json\/wp\/v2\/media?parent=147849"}],"wp:term":[{"taxonomy":"product_brand","embeddable":true,"href":"https:\/\/pizbube.ch\/en\/wp-json\/wp\/v2\/product_brand?post=147849"},{"taxonomy":"product_cat","embeddable":true,"href":"https:\/\/pizbube.ch\/en\/wp-json\/wp\/v2\/product_cat?post=147849"},{"taxonomy":"product_tag","embeddable":true,"href":"https:\/\/pizbube.ch\/en\/wp-json\/wp\/v2\/product_tag?post=147849"}],"curies":[{"name":"wp","href":"https:\/\/api.w.org\/{rel}","templated":true}]}}