{"id":147850,"date":"2021-01-15T10:56:06","date_gmt":"2021-01-15T10:56:06","guid":{"rendered":"https:\/\/codengine3.ch\/?product=import-placeholder-for-202766"},"modified":"2025-12-31T09:26:30","modified_gmt":"2025-12-31T08:26:30","slug":"dolomiten-hoehenwege-4-7","status":"publish","type":"product","link":"https:\/\/pizbube.ch\/en\/shop\/dolomiten-hoehenwege-4-7\/","title":{"rendered":"Dolomiten H\u00f6henwege 4-7"},"content":{"rendered":"<p class=\"mt-3\">Alle Etappen der gro\u00dfen Durchquerungen<\/p>\n<p><span class=\"value\">Die Dolomiten-H\u00f6henwege, auch bekannt als \u00bbAlte Vie delle Dolomiti\u00ab, sind f\u00fcr Alpinisten ein absolutes Highlight. Zehn Weitwanderwege mit verschiedenen Charakteren und Schwierigkeitsgraden f\u00fchren durch die gro\u00dfartige Bergwelt der Dolomiten.<\/span><\/p>\n<p>Die H\u00f6henwege 4 bis 7 durch die \u00f6stlichen Dolomiten begeistern mit spektakul\u00e4rem Hochgebirge, eindrucksvollen Fernblicken und unber\u00fchrter Natur. Der Rother Wanderf\u00fchrer \u00bbDolomiten H\u00f6henwege 4-7\u00ab ist der umfassende Leitfaden f\u00fcr s\u00e4mtliche Etappen dieser grandiosen Durchquerungen.<\/p>\n<p>Die Dolomiten-H\u00f6henwege 4 bis 7 erfordern allesamt Kondition und alpine Erfahrung. Klettersteige, Kletterstellen im II. Grad, lange, einsame Etappen geh\u00f6ren dazu und mitunter wird in Biwakh\u00fctten \u00fcbernachtet. Belohnt wird die M\u00fche mit fantastischer Landschaft und Bergeinsamkeit.<\/p>\n<p>&nbsp;<\/p>\n<ul>\n<li>H\u00f6henweg 4: Der \u00bbGrohmann-H\u00f6henweg\u00ab f\u00fchrt in acht Etappen von Innichen nach Pieve di Cadore.<\/li>\n<li>H\u00f6henweg 5: Der \u00bbTizian-H\u00f6henweg\u00ab erstreckt sich \u00fcber zehn Etappen von Sexten nach Pieve di Cadore.<\/li>\n<li>H\u00f6henweg 6: Der \u00bbWeg der Stille\u00ab durchquert die einsamen Karnischen Alpen in 12 bis 14 Tagen von Sappada nach Vittorio Veneto.<\/li>\n<li>H\u00f6henweg 7: Auf \u00bbden Spuren von Lothar Pateras\u00ab wandert man in f\u00fcnf anspruchsvollen Etappen durch die S\u00fcdlichen Karnischen Alpen.<\/li>\n<\/ul>\n<p><span class=\"value\"><br \/>\nJede Etappe der Dolomiten-H\u00f6henwege wird pr\u00e4zise beschrieben, einschlie\u00dflich detaillierter Wanderkarten mit eingezeichneter Route, aussagekr\u00e4ftiger H\u00f6henprofile und gepr\u00fcfter GPS-Tracks zum Download. Zus\u00e4tzliche Gipfel und spannende Abstecher abseits der Routen erlauben es, die Tour individuell zu gestalten.<\/span><\/p>\n<p>232 Seiten;<br \/>\n59 H\u00f6henprofile, 45 Wanderk\u00e4rtchen im Ma\u00dfstab 1:50.000, zwei \u00dcbersichtskarten im Ma\u00dfstab 1:800.00, GPS-Tracks zum Download<\/p>\n<p>6., vollst\u00e4ndig \u00fcberarbeitete Auflage 2025<\/p>","protected":false},"excerpt":{"rendered":"<p><strong>\u00a0<\/strong><\/p>","protected":false},"featured_media":180321,"template":"","meta":[],"product_brand":[],"product_cat":[21605],"product_tag":[],"class_list":{"0":"post-147850","1":"product","2":"type-product","3":"status-publish","4":"has-post-thumbnail","6":"product_cat-wanderfuehrer-trekking","7":"pa_autor-hauleitner","8":"pa_erscheinungsjahr-27415","9":"pa_region-italien","10":"pa_sprache-de","12":"first","13":"instock","14":"taxable","15":"shipping-taxable","16":"purchasable","17":"product-type-simple"},"_links":{"self":[{"href":"https:\/\/pizbube.ch\/en\/wp-json\/wp\/v2\/product\/147850","targetHints":{"allow":["GET"]}}],"collection":[{"href":"https:\/\/pizbube.ch\/en\/wp-json\/wp\/v2\/product"}],"about":[{"href":"https:\/\/pizbube.ch\/en\/wp-json\/wp\/v2\/types\/product"}],"wp:featuredmedia":[{"embeddable":true,"href":"https:\/\/pizbube.ch\/en\/wp-json\/wp\/v2\/media\/180321"}],"wp:attachment":[{"href":"https:\/\/pizbube.ch\/en\/wp-json\/wp\/v2\/media?parent=147850"}],"wp:term":[{"taxonomy":"product_brand","embeddable":true,"href":"https:\/\/pizbube.ch\/en\/wp-json\/wp\/v2\/product_brand?post=147850"},{"taxonomy":"product_cat","embeddable":true,"href":"https:\/\/pizbube.ch\/en\/wp-json\/wp\/v2\/product_cat?post=147850"},{"taxonomy":"product_tag","embeddable":true,"href":"https:\/\/pizbube.ch\/en\/wp-json\/wp\/v2\/product_tag?post=147850"}],"curies":[{"name":"wp","href":"https:\/\/api.w.org\/{rel}","templated":true}]}}