{"id":147851,"date":"2021-01-15T10:56:06","date_gmt":"2021-01-15T10:56:06","guid":{"rendered":"https:\/\/codengine3.ch\/?product=import-placeholder-for-200288"},"modified":"2021-01-15T10:56:09","modified_gmt":"2021-01-15T10:56:09","slug":"tetes-de-cordee","status":"publish","type":"product","link":"https:\/\/pizbube.ch\/en\/shop\/tetes-de-cordee\/","title":{"rendered":"T\u00eates de cord\u00e9e"},"content":{"rendered":"<p>Valott &#038; Chappaz se paient la t\u00eate des figures l\u00e9gendaires de l\u2019alpinisme, de<br \/>\nl\u2019himalayisme et de l\u2019escalade. Une trentaine de ces grands noms de la<br \/>\nmontagne des XXe et XXIe si\u00e8cles se font ainsi croquer par la plume et le<br \/>\ncrayon de nos redoutables portraitistes. Une premi\u00e8re !<\/p>\n<p>Hommes et femmes, anciens et contemporains, quelles que soient la nationalit\u00e9<br \/>\nou la sp\u00e9cialit\u00e9, tous se font \u00e9pingler en beaut\u00e9 et avec humour.<br \/>\nAvec le rappel des r\u00e9alisations marquantes de chacun, c\u2019est une histoire de<br \/>\nl\u2019alpinisme moderne que proposent ces portraits dont l\u2019insolence n\u2019exclut ni<br \/>\nl\u2019admiration ni la tendresse.  <\/p>\n<p>Pour figurer dans cette galerie des illustres, il faut bien s\u00fbr avoir sign\u00e9<br \/>\ndes exploits sur les sommets ou en paroi, mais il faut aussi une \u00ab gueule \u00bb,<br \/>\ndes traits dessin\u00e9s par la montagne elle-m\u00eame. La liste reste \u00e0 compl\u00e9ter,<br \/>\nmais l\u2019aventure se lit sur le visage de chacune de ces \u00ab t\u00eates de cord\u00e9e \u00bb.<\/p>\n<p>Pierre Allain, Herv\u00e9 Barnamasse, Patrick Berhault, Walter Bonatti, Chris<br \/>\nBonington, Hermann Buhl, Tommy Caldwell &#038; Alex Honnold, Riccardo Cassin, Ren\u00e9<br \/>\nDesmaison, Catherine Destivelle, Patrick Edlinger, Roger Frison-Roche, Stefan<br \/>\nGlowacz, Maurice Herzog, Lynn Hill, Edmund Hillary &#038; Tensing Norgay, Alberto<br \/>\nInurrategi, Gerlinde Kaltenbrunner,<\/p>\n<p>Jerzy Kukuczka, Erhard Loretan &#038; Jean Troillet, George Mallory &#038; Andrew<br \/>\nIrvine, Pierre Mazeaud, Reinhold Messner, Adam Ondra, Edurne Pasaban,<br \/>\nChristophe Profit, Gaston R\u00e9buffat, Chris Sharma, Ueli Steck, Lionel Terray &#038;<br \/>\nLouis Lachenal : les reconna\u00eetrez-vous au premier coup d\u2019\u0153il ?<\/p>","protected":false},"excerpt":{"rendered":"<p>Valott &#038; Chappaz se paient la t\u00eate des figures l\u00e9gendaires de l\u2019alpinisme, de l\u2019himalayisme et de l\u2019escalade. Une trentaine de ces grands noms de la montagne des XXe et XXIe si\u00e8cles se font ainsi croquer par la plume et le crayon de nos redoutables portraitistes. Une premi\u00e8re ! Hommes et femmes, anciens et contemporains, quelles [&#8230;]\n","protected":false},"featured_media":26466,"template":"","meta":[],"product_brand":[],"product_cat":[21881],"product_tag":[],"class_list":{"0":"post-147851","1":"product","2":"type-product","3":"status-publish","4":"has-post-thumbnail","6":"product_cat-comics","7":"pa_autor-valott-chappaz","8":"pa_erscheinungsjahr-21574","9":"pa_region-frankreich","10":"pa_sprache-fr","12":"first","13":"instock","14":"taxable","15":"shipping-taxable","16":"purchasable","17":"product-type-simple"},"_links":{"self":[{"href":"https:\/\/pizbube.ch\/en\/wp-json\/wp\/v2\/product\/147851","targetHints":{"allow":["GET"]}}],"collection":[{"href":"https:\/\/pizbube.ch\/en\/wp-json\/wp\/v2\/product"}],"about":[{"href":"https:\/\/pizbube.ch\/en\/wp-json\/wp\/v2\/types\/product"}],"wp:featuredmedia":[{"embeddable":true,"href":"https:\/\/pizbube.ch\/en\/wp-json\/wp\/v2\/media\/26466"}],"wp:attachment":[{"href":"https:\/\/pizbube.ch\/en\/wp-json\/wp\/v2\/media?parent=147851"}],"wp:term":[{"taxonomy":"product_brand","embeddable":true,"href":"https:\/\/pizbube.ch\/en\/wp-json\/wp\/v2\/product_brand?post=147851"},{"taxonomy":"product_cat","embeddable":true,"href":"https:\/\/pizbube.ch\/en\/wp-json\/wp\/v2\/product_cat?post=147851"},{"taxonomy":"product_tag","embeddable":true,"href":"https:\/\/pizbube.ch\/en\/wp-json\/wp\/v2\/product_tag?post=147851"}],"curies":[{"name":"wp","href":"https:\/\/api.w.org\/{rel}","templated":true}]}}