{"id":147852,"date":"2021-01-15T10:56:06","date_gmt":"2021-01-15T10:56:06","guid":{"rendered":"https:\/\/codengine3.ch\/?product=import-placeholder-for-206719"},"modified":"2022-05-11T10:10:31","modified_gmt":"2022-05-11T08:10:31","slug":"100-alpinistes","status":"publish","type":"product","link":"https:\/\/pizbube.ch\/en\/shop\/100-alpinistes\/","title":{"rendered":"100 Alpinistes"},"content":{"rendered":"<p>Collectif d&#8217;auteurs et d&#8217;alpinistes<\/p>\n<p>100 alpinistes croqu\u00e9s par 100 auteurs, de Rufin, Claudel, de Luca \u00e0 Messner,<br \/>\nProfit ou Scott. Chacun brosse un portrait, raconte une anecdote, sa vision.<br \/>\nEt tous disent la richesse des hommes qui font l\u2019histoire de l\u2019alpinisme.<br \/>\n100 portraits, 100 cord\u00e9es pour f\u00eater les 20 ans des livres rouges!<\/p>\n<p>100 portraits, 100 auteurs et donc 100 cord\u00e9es pour f\u00eater les 20 ans des<br \/>\nlivres rouges et cr\u00e9er l&#8217;\u00e9v\u00e9nement dans l&#8217;univers de la montagne. Ainsi se<br \/>\nrencontrent Erri de Luca et Paul Preuss, Sylvain Tesson et Patrick Edlinger,<br \/>\nJean-Christophe Rufin et Tita Piaz, Philippe Claudel et Catherine Destivelle,<br \/>\nReinhold Messner et Hermann Buhl\u2026 Ces 100 cord\u00e9es r\u00e9elles ou virtuelles<br \/>\nforment en 560 pages une constellation jubilatoire.<\/p>\n<p>Il fallait \u00ab marquer le coup \u00bb. Publier LE livre des \u00e9ditions Gu\u00e9rin, celui<br \/>\nque tout montagnard a envie de lire et de garder dans sa biblioth\u00e8que, le plus<br \/>\nbeau, le plus int\u00e9ressant, le plus\u2026 Le d\u00e9fi \u00e9tait si monumental que nous avons<br \/>\ndemand\u00e9 \u00e0 cent auteurs, alpinistes et \u00e9crivains, de d\u00e9crire et d\u2019\u00e9crire cette<br \/>\npassion qui ne se laisse pas facilement saisir. Chacun brosse un portrait,<br \/>\nraconte une anecdote, sa vision de ces 100 alpinistes qui ont marqu\u00e9<br \/>\nl\u2019histoire de la montagne depuis plus de deux si\u00e8cles par leur personnalit\u00e9,<br \/>\nleurs ascensions, leurs livres, leur influence\u2026<\/p>\n<p>560 pages; 24 x 29 cm<\/p>","protected":false},"excerpt":{"rendered":"<ul>\n<li><a href=\"https:\/\/youtu.be\/7ZkOYIXT4BI\" target=\"_blank\" rel=\"noopener\">Video: TEMPLATE PIZ Attachment &gt; Webvideo &gt; Youtube [KOPIE]<\/a><\/li>\n<\/ul>\n","protected":false},"featured_media":161935,"template":"","meta":[],"product_brand":[],"product_cat":[21542],"product_tag":[],"class_list":{"0":"post-147852","1":"product","2":"type-product","3":"status-publish","4":"has-post-thumbnail","6":"product_cat-sachbuecher-dokumentationen","7":"pa_autor-guerin","8":"pa_erscheinungsjahr-21597","9":"pa_region-frankreich","10":"pa_sprache-fr","12":"first","13":"instock","14":"taxable","15":"shipping-taxable","16":"purchasable","17":"product-type-simple"},"_links":{"self":[{"href":"https:\/\/pizbube.ch\/en\/wp-json\/wp\/v2\/product\/147852","targetHints":{"allow":["GET"]}}],"collection":[{"href":"https:\/\/pizbube.ch\/en\/wp-json\/wp\/v2\/product"}],"about":[{"href":"https:\/\/pizbube.ch\/en\/wp-json\/wp\/v2\/types\/product"}],"wp:featuredmedia":[{"embeddable":true,"href":"https:\/\/pizbube.ch\/en\/wp-json\/wp\/v2\/media\/161935"}],"wp:attachment":[{"href":"https:\/\/pizbube.ch\/en\/wp-json\/wp\/v2\/media?parent=147852"}],"wp:term":[{"taxonomy":"product_brand","embeddable":true,"href":"https:\/\/pizbube.ch\/en\/wp-json\/wp\/v2\/product_brand?post=147852"},{"taxonomy":"product_cat","embeddable":true,"href":"https:\/\/pizbube.ch\/en\/wp-json\/wp\/v2\/product_cat?post=147852"},{"taxonomy":"product_tag","embeddable":true,"href":"https:\/\/pizbube.ch\/en\/wp-json\/wp\/v2\/product_tag?post=147852"}],"curies":[{"name":"wp","href":"https:\/\/api.w.org\/{rel}","templated":true}]}}