{"id":147855,"date":"2021-01-15T10:56:06","date_gmt":"2021-01-15T10:56:06","guid":{"rendered":"https:\/\/codengine3.ch\/?product=import-placeholder-for-208395"},"modified":"2021-01-15T17:53:33","modified_gmt":"2021-01-15T17:53:33","slug":"das-ist-doch-der-gipfel-geschichten-von-den-bergen-der-welt","status":"publish","type":"product","link":"https:\/\/pizbube.ch\/en\/shop\/das-ist-doch-der-gipfel-geschichten-von-den-bergen-der-welt\/","title":{"rendered":"Das ist doch der Gipfel &#8211; Geschichten von den Bergen der Welt"},"content":{"rendered":"<p>\nLeidenschaft Berg: Die Geschichte des Alpinismus in 15 spannenden Bergsteiger-<br \/>\nGeschichten Die hohen Berge galten lange Zeit als Ort des Schreckens: Schnee<br \/>\nund Eis, bodenlose Abgr\u00fcnde, zerst\u00f6rerische Steinschl\u00e4ge und todbringende<br \/>\nLawinen waren aber noch das kleinere \u00dcbel. Hier trieben auch Riesen, Drachen<br \/>\nund Tatzelw\u00fcrmer ihr Unwesen. Es bedurfte einiger mutiger Bergsteiger, die es<br \/>\nwagten hinaufzusteigen, um sich vom Gegenteil zu \u00fcberzeugen.<\/p>\n<p>Andreas Lesti erz\u00e4hlt die Geschichten dieser mutigen M\u00e4nner und Frauen und<br \/>\nrekonstruiert ungew\u00f6hnliche und vergessene Pionierleistungen des Alpinsports.<\/p>\n<p>&#8211; 16 Pers\u00f6nlichkeiten, 14 Gipfel, 12 L\u00e4nder, 3 Jahrhunderte: so wurde die<br \/>\nGeschichte des Alpinismus noch nie erz\u00e4hlt &#8211; Vom Schreckensort zum<br \/>\nSehnsuchtsort: Wie sich das Bild der Alpen seit dem 18. Jahrhundert gewandelt<br \/>\nhat- Triumphe und Trag\u00f6dien: Was Gro\u00dfglockner, Mount Everest und Matterhorn<br \/>\nden Bergsteigern abverlangten &#8211; Bergsteigerei im Kontext der Zeit: von<br \/>\nBelsazar Hacquet \u00fcber Aleister Crowley bis David Lama Kein Berg ist zu hoch:<br \/>\nPortraits von prominenten und vergessenen Gipfelst\u00fcrmern Warum ist Goethe<br \/>\nbeinahe ein Lawinenopfer geworden? Wie hat eine junge Engl\u00e4nderin den<br \/>\nPauschaltourismus in die Alpen gebracht? Und warum sind die Berge auch heute<br \/>\nnoch so unberechenbar und gef\u00e4hrlich?<\/p>\n<p>Anhand von 15 Portraits und Geschichten zeichnet Andreas Lesti die Eroberung<br \/>\nder Bergwelt durch den Menschen nach. Er erz\u00e4hlt von ber\u00fchmten Bergsteigern<br \/>\nwie Johann Wolfgang von Goethe und Alexander von Humboldt, aber auch von in<br \/>\nVergessenheit geratenen wie den Br\u00fcdern Schlagintweit und Fritz Wiessner.<br \/>\nEinige, wie Wanda Rutkiewicz und David Lama, stiegen steile W\u00e4nde hinauf,<br \/>\nandere, wie Theodor von Lerch und Peter W\u00f6rg\u00f6tter, fuhren auf Skiern hinunter.<br \/>\nSo entsteht in \u00bbDas ist doch der Gipfel\u00ab ein Bild von den Alpen der Gegenwart,<br \/>\ndas es ohne die Helden der Vergangenheit nicht geben w\u00fcrde. Ein faszinierendes<br \/>\nSachbuch f\u00fcr alle Bergfreunde!  <\/p>","protected":false},"excerpt":{"rendered":"<p>Leidenschaft Berg: Die Geschichte des Alpinismus in 15 spannenden Bergsteiger- Geschichten Die hohen Berge galten lange Zeit als Ort des Schreckens: Schnee und Eis, bodenlose Abgr\u00fcnde, zerst\u00f6rerische Steinschl\u00e4ge und todbringende Lawinen waren aber noch das kleinere \u00dcbel. Hier trieben auch Riesen, Drachen und Tatzelw\u00fcrmer ihr Unwesen. Es bedurfte einiger mutiger Bergsteiger, die es wagten hinaufzusteigen, [&#8230;]\n","protected":false},"featured_media":40071,"template":"","meta":[],"product_brand":[],"product_cat":[21629],"product_tag":[],"class_list":{"0":"post-147855","1":"product","2":"type-product","3":"status-publish","4":"has-post-thumbnail","6":"product_cat-belletristik","7":"pa_autor-lesti","8":"pa_erscheinungsjahr-21558","9":"pa_region-oesterreich","10":"pa_sprache-de","12":"first","13":"instock","14":"taxable","15":"shipping-taxable","16":"purchasable","17":"product-type-simple"},"_links":{"self":[{"href":"https:\/\/pizbube.ch\/en\/wp-json\/wp\/v2\/product\/147855","targetHints":{"allow":["GET"]}}],"collection":[{"href":"https:\/\/pizbube.ch\/en\/wp-json\/wp\/v2\/product"}],"about":[{"href":"https:\/\/pizbube.ch\/en\/wp-json\/wp\/v2\/types\/product"}],"wp:featuredmedia":[{"embeddable":true,"href":"https:\/\/pizbube.ch\/en\/wp-json\/wp\/v2\/media\/40071"}],"wp:attachment":[{"href":"https:\/\/pizbube.ch\/en\/wp-json\/wp\/v2\/media?parent=147855"}],"wp:term":[{"taxonomy":"product_brand","embeddable":true,"href":"https:\/\/pizbube.ch\/en\/wp-json\/wp\/v2\/product_brand?post=147855"},{"taxonomy":"product_cat","embeddable":true,"href":"https:\/\/pizbube.ch\/en\/wp-json\/wp\/v2\/product_cat?post=147855"},{"taxonomy":"product_tag","embeddable":true,"href":"https:\/\/pizbube.ch\/en\/wp-json\/wp\/v2\/product_tag?post=147855"}],"curies":[{"name":"wp","href":"https:\/\/api.w.org\/{rel}","templated":true}]}}