{"id":147856,"date":"2021-01-15T10:56:06","date_gmt":"2021-01-15T10:56:06","guid":{"rendered":"https:\/\/codengine3.ch\/?product=import-placeholder-for-208426"},"modified":"2024-02-02T10:11:21","modified_gmt":"2024-02-02T09:11:21","slug":"bergmenschen","status":"publish","type":"product","link":"https:\/\/pizbube.ch\/en\/shop\/bergmenschen\/","title":{"rendered":"BERGmenschen"},"content":{"rendered":"<p>30 Ikonen der Bergwelt \u00fcber Wagnis, Liebe und Demut<\/p>\n<p>Was haben Reinhold Messner, Gerlinde Kaltenbrunner und Rufus Beck gemeinsam?<br \/>\nSie alle sind passionierte Bergmenschen. Unabh\u00e4ngig davon, ob die Bergwelt ihr<br \/>\nberuflicher Lebensinhalt ist oder sie ihr quasi \u00bbnebenbei\u00ab verfallen sind.<\/p>\n<p>Bergsteiger-Chefredakteur Michael Ruhland hat 33 Bergmenschen getroffen und<br \/>\nsehr pers\u00f6nliche Gespr\u00e4che \u00fcber ihre Bergsucht gef\u00fchrt. Unterhaltsame,<br \/>\neindringliche und bewegende Interviews, bereichert durch au\u00dfergew\u00f6hnliche<br \/>\nPortr\u00e4tfotos.<\/p>\n<p>Hardcover; 224 Seiten; ca. 220 Abbildungen<br \/>\n2. Auflage 2020<\/p>","protected":false},"excerpt":{"rendered":"<ul>\n<li><a href=\"https:\/\/youtu.be\/nPrxhip_tc4\" target=\"_blank\" rel=\"noopener\">Video: BERGMenschen<\/a><\/li>\n<\/ul>","protected":false},"featured_media":165503,"template":"","meta":[],"product_brand":[],"product_cat":[21542],"product_tag":[],"class_list":{"0":"post-147856","1":"product","2":"type-product","3":"status-publish","4":"has-post-thumbnail","6":"product_cat-sachbuecher-dokumentationen","7":"pa_autor-ruhland-jorda","8":"pa_erscheinungsjahr-21558","9":"pa_region-deutschland","10":"pa_sprache-de","12":"first","13":"outofstock","14":"taxable","15":"shipping-taxable","16":"purchasable","17":"product-type-simple"},"_links":{"self":[{"href":"https:\/\/pizbube.ch\/en\/wp-json\/wp\/v2\/product\/147856","targetHints":{"allow":["GET"]}}],"collection":[{"href":"https:\/\/pizbube.ch\/en\/wp-json\/wp\/v2\/product"}],"about":[{"href":"https:\/\/pizbube.ch\/en\/wp-json\/wp\/v2\/types\/product"}],"wp:featuredmedia":[{"embeddable":true,"href":"https:\/\/pizbube.ch\/en\/wp-json\/wp\/v2\/media\/165503"}],"wp:attachment":[{"href":"https:\/\/pizbube.ch\/en\/wp-json\/wp\/v2\/media?parent=147856"}],"wp:term":[{"taxonomy":"product_brand","embeddable":true,"href":"https:\/\/pizbube.ch\/en\/wp-json\/wp\/v2\/product_brand?post=147856"},{"taxonomy":"product_cat","embeddable":true,"href":"https:\/\/pizbube.ch\/en\/wp-json\/wp\/v2\/product_cat?post=147856"},{"taxonomy":"product_tag","embeddable":true,"href":"https:\/\/pizbube.ch\/en\/wp-json\/wp\/v2\/product_tag?post=147856"}],"curies":[{"name":"wp","href":"https:\/\/api.w.org\/{rel}","templated":true}]}}