{"id":147857,"date":"2021-01-15T10:56:06","date_gmt":"2021-01-15T10:56:06","guid":{"rendered":"https:\/\/codengine3.ch\/?product=import-placeholder-for-208468"},"modified":"2024-07-19T11:07:50","modified_gmt":"2024-07-19T09:07:50","slug":"montagnes-dune-vie-2","status":"publish","type":"product","link":"https:\/\/pizbube.ch\/en\/shop\/montagnes-dune-vie-2\/","title":{"rendered":"Montagnes d&#8217;une vie"},"content":{"rendered":"<p>\u00ab L&#8217;aventure est un engagement de l&#8217;\u00eatre tout entier et sait aller chercher dans les profondeurs ce qui est rest\u00e9 de meilleur et d&#8217;humain en nous. \u00bb Walter Bonatti, le c\u00e9l\u00e8bre alpiniste et explorateur italien, a marqu\u00e9 les esprits par ses ascensions incroyables.<\/p>\n<p>En 1996, il publie pour la premi\u00e8re fois ses m\u00e9moires, dont chaque chapitre est consacr\u00e9 \u00e0 l&#8217;une des montagnes qui a forg\u00e9 son caract\u00e8re et jalonn\u00e9 sa carri\u00e8re : le Grand Capucin, le K2, les Grandes Jorasses, le Cervin, les sommets de Patagonie et le massif du Mont- Blanc, o\u00f9 Bonatti fr\u00f4la la mort et sauva des vies. Il y explique \u00e9galement pourquoi il a mis fin \u00e0 sa carri\u00e8re en 1965 et s&#8217;interroge sur l&#8217;\u00e9volution de l&#8217;alpinisme.<\/p>\n<p>Walter Bonatti a marqu\u00e9 les esprits par ses ascensions incroyables. En 1996, il publie pour la premi\u00e8re fois ses M\u00e9moires. Chaque chapitre est consacr\u00e9 \u00e0 l\u2019une des montagnes qui ont forg\u00e9 son caract\u00e8re et son exp\u00e9rience : le Grand Capucin, le K2, les Grandes Jorasses, le Cervin, les sommets de Patagonie, ou encore le massif du Mont-Blanc, o\u00f9 il fr\u00f4la la mort et sauva des vies.<br \/>\nLa carri\u00e8re exceptionnelle de ce pionnier de l\u2019alpinisme extr\u00eame prendra fin en 1965, apr\u00e8s une performance sans pr\u00e9c\u00e9dent.<\/p>\n<p>Livre de poche, 448 pages<\/p>","protected":false},"excerpt":{"rendered":"<p>\u00ab L&#8217;aventure est un engagement de l&#8217;\u00eatre tout entier et sait aller chercher dans les profondeurs ce qui est rest\u00e9 de meilleur et d&#8217;humain en nous. \u00bb Walter Bonatti, le c\u00e9l\u00e8bre alpiniste et explorateur italien, a marqu\u00e9 les esprits par ses ascensions incroyables. En 1996, il publie pour la premi\u00e8re fois ses m\u00e9moires, dont chaque [&#8230;]\n","protected":false},"featured_media":174002,"template":"","meta":[],"product_brand":[],"product_cat":[21542],"product_tag":[],"class_list":{"0":"post-147857","1":"product","2":"type-product","3":"status-publish","4":"has-post-thumbnail","6":"product_cat-sachbuecher-dokumentationen","7":"pa_autor-bonatti","8":"pa_erscheinungsjahr-25440","9":"pa_region-frankreich","10":"pa_sprache-fr","12":"first","13":"instock","14":"taxable","15":"shipping-taxable","16":"purchasable","17":"product-type-simple"},"_links":{"self":[{"href":"https:\/\/pizbube.ch\/en\/wp-json\/wp\/v2\/product\/147857","targetHints":{"allow":["GET"]}}],"collection":[{"href":"https:\/\/pizbube.ch\/en\/wp-json\/wp\/v2\/product"}],"about":[{"href":"https:\/\/pizbube.ch\/en\/wp-json\/wp\/v2\/types\/product"}],"wp:featuredmedia":[{"embeddable":true,"href":"https:\/\/pizbube.ch\/en\/wp-json\/wp\/v2\/media\/174002"}],"wp:attachment":[{"href":"https:\/\/pizbube.ch\/en\/wp-json\/wp\/v2\/media?parent=147857"}],"wp:term":[{"taxonomy":"product_brand","embeddable":true,"href":"https:\/\/pizbube.ch\/en\/wp-json\/wp\/v2\/product_brand?post=147857"},{"taxonomy":"product_cat","embeddable":true,"href":"https:\/\/pizbube.ch\/en\/wp-json\/wp\/v2\/product_cat?post=147857"},{"taxonomy":"product_tag","embeddable":true,"href":"https:\/\/pizbube.ch\/en\/wp-json\/wp\/v2\/product_tag?post=147857"}],"curies":[{"name":"wp","href":"https:\/\/api.w.org\/{rel}","templated":true}]}}