{"id":147859,"date":"2021-01-15T10:56:06","date_gmt":"2021-01-15T10:56:06","guid":{"rendered":"https:\/\/codengine3.ch\/?product=import-placeholder-for-204394"},"modified":"2026-01-24T13:11:39","modified_gmt":"2026-01-24T12:11:39","slug":"ostschweiz-appenzell-toggenburg-glarner-alpen-skitourenfuehrer","status":"publish","type":"product","link":"https:\/\/pizbube.ch\/en\/shop\/ostschweiz-appenzell-toggenburg-glarner-alpen-skitourenfuehrer\/","title":{"rendered":"Ostschweiz Appenzell &#8211; Toggenburg &#8211; Glarner Alpen Skitourenf\u00fchrer"},"content":{"rendered":"<p>50 Skitouren Appenzell &#8211; Toggenburg &#8211; Glarner Alpen<\/p>\n<p>In der Ostschweiz, zwischen S\u00e4ntis, Alviergruppe, Pizol und den Glarner Alpen<br \/>\ngilt es ein Skitourenparadies zu entdecken, das vielf\u00e4ltiger nicht sein<br \/>\nk\u00f6nnte. Markante Wahrzeichen sind der m\u00e4chtige S\u00e4ntis im Norden und der T\u00f6di<br \/>\nmit seinem Eisdach im S\u00fcden. Dazwischen breitet sich ein \u00fcberaus<br \/>\nabwechslungsreiches Tourengebiet aus, das bei Einheimischen schon lange hoch<br \/>\nim Kurs steht.<\/p>\n<p>Genussreiche Skih\u00e4nge vom Tal bis zum Gipfel und nat\u00fcrlich auch wieder<br \/>\nhinunter \u2013 so stellt man sich Traumskitouren vor und das bietet die Ostschweiz<br \/>\ntats\u00e4chlich! Stefan Herbke stellt im Rother Skitourenf\u00fchrer \u00bbOstschweiz\u00ab 50<br \/>\nabwechslungsreiche Touren im Appenzell, Toggenburg und den Glarner Alpen vor.<\/p>\n<p>Neben leichteren Touren mit genussreichen Abfahrten finden sich auch<br \/>\nanspruchsvolle alpine Unternehmungen wie die Besteigung des T\u00f6di. Von vielen<br \/>\nGipfeln hat man eine herrliche Aussicht ins breite Rheintal, zum tiefblauen<br \/>\nWalensee oder zu den markanten Churfirsten. Viele Gipfel sind problemlos mit<br \/>\nSki erreichbar, ein Gro\u00dfteil davon bereits im Hochwinter. Auf der anderen<br \/>\nSeite reicht die Saison bei manchen Touren wie dem Clariden sogar bis Ende<br \/>\nMai.<\/p>\n<p>Genaue Anstiegsbeschreibungen und K\u00e4rtchen mit eingetragenem Routenverlauf<br \/>\nerm\u00f6glichen eine problemlose Orientierung am Berg. Bei jeder Skitour bietet<br \/>\nbereits die Kopfzeile kompakte Information: Schwierigkeit, Dauer,<br \/>\nH\u00f6henunterschied und Hangausrichtung der Tour werden auf einen Blick erfasst,<br \/>\nwas die Auswahl erleichtert. Tourensteckbriefe mit Hinweisen zu Talorten und<br \/>\nAusgangspunkten, Anforderungen, Lawinengef\u00e4hrdung, g\u00fcnstiger Jahreszeit,<br \/>\nVarianten und Einkehrm\u00f6glichkeiten komplettieren die Angaben. Zahlreiche,<br \/>\nansprechende Farbfotos verlocken dazu, die Ostschweiz mit Tourenski zu<br \/>\nerkunden.<\/p>\n<p>144 Seiten mit 109 Farbabbildungen<br \/>\n50 Tourenk\u00e4rtchen im Ma\u00dfstab 1:50.000, eine \u00dcbersichtskarte<br \/>\n3. Aktualisierte Auflg. 2019<\/p>","protected":false},"excerpt":{"rendered":"<ul>\n<li><a href=\"https:\/\/pizbube.ch\/wp-content\/uploads\/attachments\/a_029\/CE69D830F9BF782C0843B58A34BFBBB2.pdf\" target=\"_blank\" rel=\"noopener\">PDF: Inhaltsverzeichnis<\/a><\/li>\n<\/ul>","protected":false},"featured_media":32254,"template":"","meta":[],"product_brand":[],"product_cat":[21540],"product_tag":[],"class_list":{"0":"post-147859","1":"product","2":"type-product","3":"status-publish","4":"has-post-thumbnail","6":"product_cat-fuehrerliteratur-alpin-winter","7":"pa_autor-herbke","8":"pa_erscheinungsjahr-21586","9":"pa_region-schweiz","10":"pa_sprache-de","12":"first","13":"outofstock","14":"taxable","15":"shipping-taxable","16":"purchasable","17":"product-type-simple"},"_links":{"self":[{"href":"https:\/\/pizbube.ch\/en\/wp-json\/wp\/v2\/product\/147859","targetHints":{"allow":["GET"]}}],"collection":[{"href":"https:\/\/pizbube.ch\/en\/wp-json\/wp\/v2\/product"}],"about":[{"href":"https:\/\/pizbube.ch\/en\/wp-json\/wp\/v2\/types\/product"}],"wp:featuredmedia":[{"embeddable":true,"href":"https:\/\/pizbube.ch\/en\/wp-json\/wp\/v2\/media\/32254"}],"wp:attachment":[{"href":"https:\/\/pizbube.ch\/en\/wp-json\/wp\/v2\/media?parent=147859"}],"wp:term":[{"taxonomy":"product_brand","embeddable":true,"href":"https:\/\/pizbube.ch\/en\/wp-json\/wp\/v2\/product_brand?post=147859"},{"taxonomy":"product_cat","embeddable":true,"href":"https:\/\/pizbube.ch\/en\/wp-json\/wp\/v2\/product_cat?post=147859"},{"taxonomy":"product_tag","embeddable":true,"href":"https:\/\/pizbube.ch\/en\/wp-json\/wp\/v2\/product_tag?post=147859"}],"curies":[{"name":"wp","href":"https:\/\/api.w.org\/{rel}","templated":true}]}}