{"id":147860,"date":"2021-01-15T10:56:07","date_gmt":"2021-01-15T10:56:07","guid":{"rendered":"https:\/\/codengine3.ch\/?product=import-placeholder-for-206919"},"modified":"2024-11-13T15:20:48","modified_gmt":"2024-11-13T14:20:48","slug":"skitouren-glarus-st-gallen-appenzell","status":"publish","type":"product","link":"https:\/\/pizbube.ch\/en\/shop\/skitouren-glarus-st-gallen-appenzell\/","title":{"rendered":"Skitouren Glarus &#8211; St. Gallen &#8211; Appenzell"},"content":{"rendered":"<p>Glarus &#8211; St. Gallen &#8211; Appenzell Glarner Alpen bis Z\u00fcrcher Oberland &#8211;<br \/>\nChurfirsten bis Appenzeller Voralpen<\/p>\n<p>Der SAC-Skitourenf\u00fchrer beschreibt sowohl Halbtages- und H\u00fcgeltouren sowie die<br \/>\nalpinen Routen.<br \/>\nMit drei neuen Gebieten: Z\u00fcrcher Oberland, Speergebiet, Liechtenstein.<\/p>\n<p>Diese wesentlich erweiterte und aktualisierte 5. Auflage pr\u00e4sentiert sich als<br \/>\ntotal neuer Skitourenf\u00fchrer:<\/p>\n<p>&#8211; neu gestaltet und durchwegs vierfarbig gedruckt,<br \/>\n&#8211; drei neue Gebiete kamen dazu: Z\u00fcrcher Oberland, Speergebiet und<br \/>\nLiechtenstein<br \/>\n&#8211; die Routennummern sind abgestimmt auf die aktuellen Skitourenkarten von<br \/>\nswisstopo.<\/p>\n<p>Die Region ist seit Jahren bekannt f\u00fcr Skitouren aller Art, der neu aufgelegte<br \/>\nF\u00fchrer bringt sowohl die Halbtages- und H\u00fcgeltouren wie die alpinen Routen f\u00fcr<br \/>\nLiebhaber von sportlichen Herausforderungen.<\/p>","protected":false},"excerpt":{"rendered":"<p>Glarus &#8211; St. Gallen &#8211; Appenzell Glarner Alpen bis Z\u00fcrcher Oberland &#8211; Churfirsten bis Appenzeller Voralpen Der SAC-Skitourenf\u00fchrer beschreibt sowohl Halbtages- und H\u00fcgeltouren sowie die alpinen Routen. Mit drei neuen Gebieten: Z\u00fcrcher Oberland, Speergebiet, Liechtenstein. Diese wesentlich erweiterte und aktualisierte 5. Auflage pr\u00e4sentiert sich als total neuer Skitourenf\u00fchrer: &#8211; neu gestaltet und durchwegs vierfarbig gedruckt, [&#8230;]\n","protected":false},"featured_media":156656,"template":"","meta":[],"product_brand":[],"product_cat":[21540],"product_tag":[27223],"class_list":{"0":"post-147860","1":"product","2":"type-product","3":"status-publish","4":"has-post-thumbnail","6":"product_cat-fuehrerliteratur-alpin-winter","7":"product_tag-glarnerland","8":"pa_autor-leuzinger-waelti","9":"pa_erscheinungsjahr-21546","10":"pa_region-schweiz","11":"pa_sprache-de","13":"first","14":"instock","15":"taxable","16":"shipping-taxable","17":"purchasable","18":"product-type-simple"},"_links":{"self":[{"href":"https:\/\/pizbube.ch\/en\/wp-json\/wp\/v2\/product\/147860","targetHints":{"allow":["GET"]}}],"collection":[{"href":"https:\/\/pizbube.ch\/en\/wp-json\/wp\/v2\/product"}],"about":[{"href":"https:\/\/pizbube.ch\/en\/wp-json\/wp\/v2\/types\/product"}],"wp:featuredmedia":[{"embeddable":true,"href":"https:\/\/pizbube.ch\/en\/wp-json\/wp\/v2\/media\/156656"}],"wp:attachment":[{"href":"https:\/\/pizbube.ch\/en\/wp-json\/wp\/v2\/media?parent=147860"}],"wp:term":[{"taxonomy":"product_brand","embeddable":true,"href":"https:\/\/pizbube.ch\/en\/wp-json\/wp\/v2\/product_brand?post=147860"},{"taxonomy":"product_cat","embeddable":true,"href":"https:\/\/pizbube.ch\/en\/wp-json\/wp\/v2\/product_cat?post=147860"},{"taxonomy":"product_tag","embeddable":true,"href":"https:\/\/pizbube.ch\/en\/wp-json\/wp\/v2\/product_tag?post=147860"}],"curies":[{"name":"wp","href":"https:\/\/api.w.org\/{rel}","templated":true}]}}