{"id":147863,"date":"2021-01-15T10:56:07","date_gmt":"2021-01-15T10:56:07","guid":{"rendered":"https:\/\/codengine3.ch\/?product=import-placeholder-for-202210"},"modified":"2022-04-30T09:34:24","modified_gmt":"2022-04-30T07:34:24","slug":"die-augen-unserer-berge","status":"publish","type":"product","link":"https:\/\/pizbube.ch\/en\/shop\/die-augen-unserer-berge\/","title":{"rendered":"Die Augen unserer Berge"},"content":{"rendered":"<p>Rinnsale, B\u00e4che, Fl\u00fcsse und Wasserf\u00e4lle:<br \/>\nEin Werk, das mit Farbfotos, Texten, \u00dcbersichtsskizzen und technischen Angaben<br \/>\nzu den Anstiegsrouten von s\u00e4mtlichen Bergseen des Tessin und des Moesano<br \/>\ninformiert.<\/p>\n<p>Ein wundervolles Fotobuch \u00fcber s\u00e4mtliche Bergseen des Tessins und des Misox.<br \/>\nIn 15 Kapiteln werden die Seen dem Leser in faszinierenden grossformatigen<br \/>\nFarbfotos n\u00e4her vorgestellt. Wer diese zauberhaften \u00d6rtlichkeiten unserer<br \/>\nBerge aufsuchen m\u00f6chte, findet in den erg\u00e4nzenden Kartenausschnitten und<br \/>\nWegbeschreibungen alle n\u00f6tigen Informationen.<\/p>\n<p>Ein bewegendes Werk, dies dank der sch\u00f6nen Fotos und der einfachen aber<br \/>\ntiefgr\u00fcndigen Texte zu den verschiedenen Wasserspiegeln, diesen &#171;Augen<br \/>\nunserer Berge&#187;. Ein wegweisendes Buch f\u00fcr all diejenigen, die sich vom ihm<br \/>\nAnregungen f\u00fcr erlebnisreiche, lohnende Bergwanderungen erhoffen.<\/p>\n<p>Grossformatiger Bildband mit weiterf\u00fchrenden Toureninfos!<\/p>","protected":false},"excerpt":{"rendered":"<p>Rinnsale, B\u00e4che, Fl\u00fcsse und Wasserf\u00e4lle: Ein Werk, das mit Farbfotos, Texten, \u00dcbersichtsskizzen und technischen Angaben zu den Anstiegsrouten von s\u00e4mtlichen Bergseen des Tessin und des Moesano informiert. Ein wundervolles Fotobuch \u00fcber s\u00e4mtliche Bergseen des Tessins und des Misox. In 15 Kapiteln werden die Seen dem Leser in faszinierenden grossformatigen Farbfotos n\u00e4her vorgestellt. Wer diese zauberhaften [&#8230;]\n","protected":false},"featured_media":161740,"template":"","meta":[],"product_brand":[],"product_cat":[21542],"product_tag":[],"class_list":{"0":"post-147863","1":"product","2":"type-product","3":"status-publish","4":"has-post-thumbnail","6":"product_cat-sachbuecher-dokumentationen","7":"pa_autor-riva","8":"pa_erscheinungsjahr-21750","9":"pa_region-schweiz","10":"pa_sprache-de","12":"first","13":"instock","14":"taxable","15":"shipping-taxable","16":"purchasable","17":"product-type-simple"},"_links":{"self":[{"href":"https:\/\/pizbube.ch\/en\/wp-json\/wp\/v2\/product\/147863","targetHints":{"allow":["GET"]}}],"collection":[{"href":"https:\/\/pizbube.ch\/en\/wp-json\/wp\/v2\/product"}],"about":[{"href":"https:\/\/pizbube.ch\/en\/wp-json\/wp\/v2\/types\/product"}],"wp:featuredmedia":[{"embeddable":true,"href":"https:\/\/pizbube.ch\/en\/wp-json\/wp\/v2\/media\/161740"}],"wp:attachment":[{"href":"https:\/\/pizbube.ch\/en\/wp-json\/wp\/v2\/media?parent=147863"}],"wp:term":[{"taxonomy":"product_brand","embeddable":true,"href":"https:\/\/pizbube.ch\/en\/wp-json\/wp\/v2\/product_brand?post=147863"},{"taxonomy":"product_cat","embeddable":true,"href":"https:\/\/pizbube.ch\/en\/wp-json\/wp\/v2\/product_cat?post=147863"},{"taxonomy":"product_tag","embeddable":true,"href":"https:\/\/pizbube.ch\/en\/wp-json\/wp\/v2\/product_tag?post=147863"}],"curies":[{"name":"wp","href":"https:\/\/api.w.org\/{rel}","templated":true}]}}