{"id":147864,"date":"2021-01-15T10:56:07","date_gmt":"2021-01-15T10:56:07","guid":{"rendered":"https:\/\/codengine3.ch\/?product=import-placeholder-for-200475"},"modified":"2021-04-21T15:30:26","modified_gmt":"2021-04-21T13:30:26","slug":"gebrauchsanweisung-fuer-das-engadin","status":"publish","type":"product","link":"https:\/\/pizbube.ch\/en\/shop\/gebrauchsanweisung-fuer-das-engadin\/","title":{"rendered":"Gebrauchsanweisung f\u00fcr das Engadin"},"content":{"rendered":"<p>Im Garten des Inn<\/p>\n<p>Die Heimat des Schellen-Ursli<\/p>\n<p>Vor fast zehn Jahren fand Angelika Overath mit ihrer Familie im Unterengadin<br \/>\neine neue Heimat. Ein Umstand, der sie immer noch mit einem<br \/>\n\u00bbGl\u00fcckserschrecken\u00ab erf\u00fcllt. Voller Zuneigung entwirft sie das Panorama einer<br \/>\nRegion, die nicht nur K\u00fcnstler wie Friedrich Nietzsche, Hermann Hesse und<br \/>\nRainer Maria Rilke verzaubert hat, sondern auch Wanderer und Skifahrer,<br \/>\nKletterer und Windsurfer begeistert.<\/p>\n<p>Gekonnt verbindet sie Alltagserfahrungen, Recherchen und Beobachtungen aus<br \/>\nzuf\u00e4lligen Gespr\u00e4chen oder gezielten Interviews und taucht ein in die Sprache,<br \/>\ndie Geschichte und die Gemeinschaft der Engadiner. So lernt der Leser nicht<br \/>\nnur auf R\u00e4toromanisch zu gr\u00fc\u00dfen, sondern auch, wie man Capuns oder Engadiner<br \/>\nNusstorte zubereitet. Sie erz\u00e4hlt von der mythischen Welt der Sgraffiti ebenso<br \/>\nwie vom Jet Set des White Turf und der Poesie der Engadiner Schwalben. Vom<br \/>\nmond\u00e4nen Oberengadin bis hinunter zum schroffen, noch b\u00e4uerlichen Unterengadin<br \/>\ngibt sie besondere, mitunter intime Einblicke in eines der sch\u00f6nsten Hocht\u00e4ler<br \/>\nder Schweiz.<\/p>","protected":false},"excerpt":{"rendered":"<ul>\n<li><a href=\"https:\/\/pizbube.ch\/wp-content\/uploads\/attachments\/a_002\/1B019F4DDBBFE572F8CF83FA05638E9C.pdf\" target=\"_blank\" rel=\"noopener\">PDF: Leseprobe_Gebrauchsanweisung f\u00fcr das Engadin.pdf<\/a><\/li>\n<\/ul>","protected":false},"featured_media":26984,"template":"","meta":[],"product_brand":[],"product_cat":[21629],"product_tag":[],"class_list":{"0":"post-147864","1":"product","2":"type-product","3":"status-publish","4":"has-post-thumbnail","6":"product_cat-belletristik","7":"pa_autor-overath","8":"pa_erscheinungsjahr-21571","9":"pa_region-schweiz","10":"pa_sprache-de","12":"first","13":"onbackorder","14":"taxable","15":"shipping-taxable","16":"purchasable","17":"product-type-simple"},"_links":{"self":[{"href":"https:\/\/pizbube.ch\/en\/wp-json\/wp\/v2\/product\/147864","targetHints":{"allow":["GET"]}}],"collection":[{"href":"https:\/\/pizbube.ch\/en\/wp-json\/wp\/v2\/product"}],"about":[{"href":"https:\/\/pizbube.ch\/en\/wp-json\/wp\/v2\/types\/product"}],"wp:featuredmedia":[{"embeddable":true,"href":"https:\/\/pizbube.ch\/en\/wp-json\/wp\/v2\/media\/26984"}],"wp:attachment":[{"href":"https:\/\/pizbube.ch\/en\/wp-json\/wp\/v2\/media?parent=147864"}],"wp:term":[{"taxonomy":"product_brand","embeddable":true,"href":"https:\/\/pizbube.ch\/en\/wp-json\/wp\/v2\/product_brand?post=147864"},{"taxonomy":"product_cat","embeddable":true,"href":"https:\/\/pizbube.ch\/en\/wp-json\/wp\/v2\/product_cat?post=147864"},{"taxonomy":"product_tag","embeddable":true,"href":"https:\/\/pizbube.ch\/en\/wp-json\/wp\/v2\/product_tag?post=147864"}],"curies":[{"name":"wp","href":"https:\/\/api.w.org\/{rel}","templated":true}]}}