{"id":147865,"date":"2021-01-15T10:56:07","date_gmt":"2021-01-15T10:56:07","guid":{"rendered":"https:\/\/codengine3.ch\/?product=import-placeholder-for-207698"},"modified":"2021-01-15T16:06:06","modified_gmt":"2021-01-15T16:06:06","slug":"engadin-st-moritz-ein-tal-schreibt-geschichten","status":"publish","type":"product","link":"https:\/\/pizbube.ch\/en\/shop\/engadin-st-moritz-ein-tal-schreibt-geschichten\/","title":{"rendered":"Engadin St. Moritz &#8211; Ein Tal schreibt Geschichten"},"content":{"rendered":"<p>\u00abEngadin St. Moritz. Ein Tal schreibt Geschichten\u00bb ist die erste Publikation,<br \/>\ndie gelebte Geschichten der letzten 150 Jahre in einem Werk vereint. \u00dcber das<br \/>\nErleben von 40 Menschen entsteht ein facettenreiches und h\u00f6chst lebendiges<br \/>\nBild des Oberengadins. Da sind Bergf\u00fchrer und Hotelier, Fotografin und<br \/>\nJournalist, B\u00e4uerin und Schuhh\u00e4ndler, Cresta-Runner und Schriftstellerin, Koch<br \/>\nund Lebemann, Arzt und Bierbrauer, die in diesem Buch ihre Stimme erheben.<\/p>\n<p>Die Autorinnen Cordula Seger und Bettina Plattner- Gerber haben diese Stimmen<br \/>\nrecherchiert, ausgew\u00e4hlt und gesammelt und lassen sie im Zusammenhang f\u00fcr sich<br \/>\nsprechen. Die Leser durchstreifen auf diese Weise eine vielstimmige Landschaft<br \/>\n&#8211; manchmal heiter, manchmal melancholisch, da witzig, dort besinnlich, aber<br \/>\nimmer ganz nah am Leben. \u00abDie historisch belegten Geschichten werden durch<br \/>\nGespr\u00e4che mit Menschen von heute aus Kunst und Kultur, Sport und Politik,<br \/>\nHandwerk und Wissenschaft, Tourismus und Medizin erg\u00e4nzt und bilden so einen<br \/>\nlebendigen Beitrag zur \u00aboral history\u00bb des Engadins.<\/p>\n<p>Mit der Form des sorgf\u00e4ltig recherchierten Storytellings schafft das Buch ein<br \/>\nSt\u00fcck lokale Identit\u00e4t und l\u00e4dt Einheimische wie G\u00e4ste dazu ein, Bekanntes und<br \/>\nUnbekanntes, Allt\u00e4gliches und Aussergew\u00f6hnliches neu zu entdecken. Indem viele<br \/>\nzu Wort kommen &#8211; dazu geh\u00f6ren bekannte und unbekannte Pers\u00f6nlichkeiten,<br \/>\nEinheimische und G\u00e4ste, Junge und Alte &#8211; unterscheidet sich das Buch von<br \/>\nbisher verf\u00fcgbaren Publikationen \u00fcber das Engadin.<\/p>\n<p>A Valley with Stories to Tell zweisprachig deutsch\/englisch<\/p>","protected":false},"excerpt":{"rendered":"<p>\u00abEngadin St. Moritz. Ein Tal schreibt Geschichten\u00bb ist die erste Publikation, die gelebte Geschichten der letzten 150 Jahre in einem Werk vereint. \u00dcber das Erleben von 40 Menschen entsteht ein facettenreiches und h\u00f6chst lebendiges Bild des Oberengadins. Da sind Bergf\u00fchrer und Hotelier, Fotografin und Journalist, B\u00e4uerin und Schuhh\u00e4ndler, Cresta-Runner und Schriftstellerin, Koch und Lebemann, Arzt [&#8230;]\n","protected":false},"featured_media":38193,"template":"","meta":[],"product_brand":[],"product_cat":[21542],"product_tag":[],"class_list":{"0":"post-147865","1":"product","2":"type-product","3":"status-publish","4":"has-post-thumbnail","6":"product_cat-sachbuecher-dokumentationen","7":"pa_erscheinungsjahr-21571","8":"pa_region-schweiz","9":"pa_sprache-de-en","11":"first","12":"instock","13":"taxable","14":"shipping-taxable","15":"purchasable","16":"product-type-simple"},"_links":{"self":[{"href":"https:\/\/pizbube.ch\/en\/wp-json\/wp\/v2\/product\/147865","targetHints":{"allow":["GET"]}}],"collection":[{"href":"https:\/\/pizbube.ch\/en\/wp-json\/wp\/v2\/product"}],"about":[{"href":"https:\/\/pizbube.ch\/en\/wp-json\/wp\/v2\/types\/product"}],"wp:featuredmedia":[{"embeddable":true,"href":"https:\/\/pizbube.ch\/en\/wp-json\/wp\/v2\/media\/38193"}],"wp:attachment":[{"href":"https:\/\/pizbube.ch\/en\/wp-json\/wp\/v2\/media?parent=147865"}],"wp:term":[{"taxonomy":"product_brand","embeddable":true,"href":"https:\/\/pizbube.ch\/en\/wp-json\/wp\/v2\/product_brand?post=147865"},{"taxonomy":"product_cat","embeddable":true,"href":"https:\/\/pizbube.ch\/en\/wp-json\/wp\/v2\/product_cat?post=147865"},{"taxonomy":"product_tag","embeddable":true,"href":"https:\/\/pizbube.ch\/en\/wp-json\/wp\/v2\/product_tag?post=147865"}],"curies":[{"name":"wp","href":"https:\/\/api.w.org\/{rel}","templated":true}]}}