{"id":147866,"date":"2021-01-15T10:56:07","date_gmt":"2021-01-15T10:56:07","guid":{"rendered":"https:\/\/codengine3.ch\/?product=import-placeholder-for-207773"},"modified":"2024-04-09T09:28:25","modified_gmt":"2024-04-09T07:28:25","slug":"norwegen-mitte","status":"publish","type":"product","link":"https:\/\/pizbube.ch\/en\/shop\/norwegen-mitte\/","title":{"rendered":"Norwegen Mitte &#8211; Zwischen \u00c5lesund, Femunden und B\u00f8rgefjell"},"content":{"rendered":"<p><span class=\"value\">Norwegen ist ein Paradies f\u00fcr Naturliebhaber. Wild und urspr\u00fcnglich gibt sich das Land, einmalig sch\u00f6n ist die zerkl\u00fcftete K\u00fcste mit ihren Fjorden und unz\u00e4hligen Inseln. Unmittelbar aus dem Nordmeer ragen schneebedeckte Berge und Gletscher auf und hier finden sich Europas h\u00f6chste Wasserf\u00e4lle. Der Rother Wanderf\u00fchrer \u00bbNorwegen Mitte\u00ab l\u00e4dt mit 52 ausgew\u00e4hlten Tages- und Mehrtagestouren ein, Norwegens Fjord- und K\u00fcstenbereich zwischen Nordfjord und Tustnastabban, \u00c5lesund und Geiranger sowie die Gebirgswelten des Trollheimen, der Femundsmarka und bis hinauf zum s\u00fcdlichen B\u00f8rgefjell zu erkunden.<\/span><\/p>\n<p>Bei der Auswahl finden sich Touren f\u00fcr jeden Geschmack und jede Kondition: Kurze familientaugliche Wanderungen gibt es ebenso wie in luftige H\u00f6hen entf\u00fchrende Gipfelbesteigungen und Gratwanderungen. Neben Halbtages- und Tagestouren werden einige Mehrtagestouren vorgestellt, auf denen man noch tiefer in die faszinierenden Landschaft Norwegens eintauchen kann. Im Land der Superlative entdeckt man an jedem Fjord, in jedem neuen Tal, das man besucht, ein weiteres Kleinod: Sei es der Hornelen als h\u00f6chste Klippe Europas, der Ekkertinden als \u00bbPreikestolen\u00ab des Sunndalen, die Vogelinsel Runde oder die Wasserf\u00e4lle von \u00c5motan &#8211; ein Spektrum an Natursch\u00f6nheiten, das kaum W\u00fcnsche offen l\u00e4sst!<\/p>\n<p>Jede Wanderung wird mit einer genauen Wegbeschreibung, einem Kartenausschnitt mit eingezeichnetem Wegverlauf und einem aussagekr\u00e4ftigen H\u00f6henprofil vorgestellt. Gepr\u00fcfte GPS-Daten machen die Orientierung unterwegs einfach. Informationen zu Anforderungen, Infrastruktur vor Ort, Sehensw\u00fcrdigkeiten, Varianten und vielem mehr erleichtern die Planung. Nicht zuletzt die zahlreichen Fotos machen Lust darauf, die Mitte Norwegens zu Fu\u00df zu entdecken.<\/p>\n<p>F\u00fcr die 4. Auflage haben Andrea und Tobias Kostial, hervorragende Kenner der Region und Autoren etlicher Norwegen-Wanderf\u00fchrer, diesen Wanderf\u00fchrer grundlegend neu bearbeitet und um neue Touren erg\u00e4nzt.<\/p>\n<p>208 Seiten;<br \/>\n52 H\u00f6henprofile, 52 Wanderk\u00e4rtchen im Ma\u00dfstab 1:10.000 bis 1:150.000, zwei \u00dcbersichtskarten im Ma\u00dfstab 1:2.500.000 und 1:4.250.000<br \/>\n4., vollst\u00e4ndig neu bearbeitete Auflage 2024<\/p>","protected":false},"excerpt":{"rendered":"<p><strong>\u00a0<\/strong><\/p>","protected":false},"featured_media":172376,"template":"","meta":[],"product_brand":[],"product_cat":[21605],"product_tag":[],"class_list":{"0":"post-147866","1":"product","2":"type-product","3":"status-publish","4":"has-post-thumbnail","6":"product_cat-wanderfuehrer-trekking","7":"pa_autor-kostial","8":"pa_erscheinungsjahr-27339","9":"pa_region-skandinavien-norwegen-schweden-finnland","10":"pa_sprache-de","12":"first","13":"instock","14":"taxable","15":"shipping-taxable","16":"purchasable","17":"product-type-simple"},"_links":{"self":[{"href":"https:\/\/pizbube.ch\/en\/wp-json\/wp\/v2\/product\/147866","targetHints":{"allow":["GET"]}}],"collection":[{"href":"https:\/\/pizbube.ch\/en\/wp-json\/wp\/v2\/product"}],"about":[{"href":"https:\/\/pizbube.ch\/en\/wp-json\/wp\/v2\/types\/product"}],"wp:featuredmedia":[{"embeddable":true,"href":"https:\/\/pizbube.ch\/en\/wp-json\/wp\/v2\/media\/172376"}],"wp:attachment":[{"href":"https:\/\/pizbube.ch\/en\/wp-json\/wp\/v2\/media?parent=147866"}],"wp:term":[{"taxonomy":"product_brand","embeddable":true,"href":"https:\/\/pizbube.ch\/en\/wp-json\/wp\/v2\/product_brand?post=147866"},{"taxonomy":"product_cat","embeddable":true,"href":"https:\/\/pizbube.ch\/en\/wp-json\/wp\/v2\/product_cat?post=147866"},{"taxonomy":"product_tag","embeddable":true,"href":"https:\/\/pizbube.ch\/en\/wp-json\/wp\/v2\/product_tag?post=147866"}],"curies":[{"name":"wp","href":"https:\/\/api.w.org\/{rel}","templated":true}]}}