{"id":147867,"date":"2021-01-15T10:56:07","date_gmt":"2021-01-15T10:56:07","guid":{"rendered":"https:\/\/codengine3.ch\/?product=import-placeholder-for-203329"},"modified":"2025-08-28T11:05:30","modified_gmt":"2025-08-28T09:05:30","slug":"norwegen-jotunheimen","status":"publish","type":"product","link":"https:\/\/pizbube.ch\/en\/shop\/norwegen-jotunheimen\/","title":{"rendered":"Norwegen: Jotunheimen"},"content":{"rendered":"<p>Jotunheimen &#8211; das Heim der Riesen &#8211; ist eine der beeindruckendsten<br \/>\nBergwanderregionen Norwegens. Es tr\u00e4gt seinen Namen zu Recht, denn schlie\u00dflich<br \/>\nfinden sich alle norwegischen Gipfel \u00fcber 2.300 m hier, mit Galdh\u00f8ppigen<br \/>\n(2.469 m), Glittertind (2.452 m) und Store Skagast\u00f8lstind (2.405 m) sogar die<br \/>\ndrei h\u00f6chsten Berge Norwegens. 1.140 km\u00b2 des zentralen Hochgebirges stehen als<br \/>\nNationalpark unter Schutz mit markanten Gebirgsk\u00e4mmen, hoch aufragenden<br \/>\nGipfeln, weit oben gelegenen Plateaus und nat\u00fcrlich den Gletschern. Viele von<br \/>\nihnen f\u00fcllen T\u00e4ler und Schluchten und stellen herrliche Ziele f\u00fcr Wanderer und<br \/>\nSkifahrer dar. Zwischen Gipfeln und scharfen Graten liegen tiefe T\u00e4ler mit<br \/>\nFl\u00fcssen, zahlreichen Wasserf\u00e4llen und wundersch\u00f6nen Seen.<\/p>\n<p>Das Gebiet ist durchzogen von einem Geflecht an markierten Wanderwegen und<br \/>\nH\u00fctten und gilt als das besterschlossene Wandergebiet Norwegens. Jotunheimen<br \/>\nist sowohl f\u00fcr Wanderneulinge als auch f\u00fcr den erfahrenen Kletterer und<br \/>\nBergsteiger attraktiv. Die in diesem Buch vorgestellten Touren &#8211; eine West-<br \/>\nOst-Querung (6 Tage, eine kleine und eine gro\u00dfe Rundwanderung (4 und 7 Tage)<br \/>\nf\u00fchren zu den sch\u00f6nsten Punkten in Jotunheimen.<\/p>\n<p>4. aktual. Auflg. 2014<\/p>","protected":false},"excerpt":{"rendered":"<p>Jotunheimen &#8211; das Heim der Riesen &#8211; ist eine der beeindruckendsten Bergwanderregionen Norwegens. Es tr\u00e4gt seinen Namen zu Recht, denn schlie\u00dflich finden sich alle norwegischen Gipfel \u00fcber 2.300 m hier, mit Galdh\u00f8ppigen (2.469 m), Glittertind (2.452 m) und Store Skagast\u00f8lstind (2.405 m) sogar die drei h\u00f6chsten Berge Norwegens. 1.140 km\u00b2 des zentralen Hochgebirges stehen als [&#8230;]\n","protected":false},"featured_media":181099,"template":"","meta":[],"product_brand":[],"product_cat":[21605],"product_tag":[],"class_list":{"0":"post-147867","1":"product","2":"type-product","3":"status-publish","4":"has-post-thumbnail","6":"product_cat-wanderfuehrer-trekking","7":"pa_autor-koerner","8":"pa_erscheinungsjahr-21568","9":"pa_region-skandinavien-norwegen-schweden-finnland","10":"pa_sprache-de","12":"first","13":"instock","14":"taxable","15":"shipping-taxable","16":"purchasable","17":"product-type-simple"},"_links":{"self":[{"href":"https:\/\/pizbube.ch\/en\/wp-json\/wp\/v2\/product\/147867","targetHints":{"allow":["GET"]}}],"collection":[{"href":"https:\/\/pizbube.ch\/en\/wp-json\/wp\/v2\/product"}],"about":[{"href":"https:\/\/pizbube.ch\/en\/wp-json\/wp\/v2\/types\/product"}],"wp:featuredmedia":[{"embeddable":true,"href":"https:\/\/pizbube.ch\/en\/wp-json\/wp\/v2\/media\/181099"}],"wp:attachment":[{"href":"https:\/\/pizbube.ch\/en\/wp-json\/wp\/v2\/media?parent=147867"}],"wp:term":[{"taxonomy":"product_brand","embeddable":true,"href":"https:\/\/pizbube.ch\/en\/wp-json\/wp\/v2\/product_brand?post=147867"},{"taxonomy":"product_cat","embeddable":true,"href":"https:\/\/pizbube.ch\/en\/wp-json\/wp\/v2\/product_cat?post=147867"},{"taxonomy":"product_tag","embeddable":true,"href":"https:\/\/pizbube.ch\/en\/wp-json\/wp\/v2\/product_tag?post=147867"}],"curies":[{"name":"wp","href":"https:\/\/api.w.org\/{rel}","templated":true}]}}