{"id":147869,"date":"2021-01-15T10:56:07","date_gmt":"2021-01-15T10:56:07","guid":{"rendered":"https:\/\/codengine3.ch\/?product=import-placeholder-for-204783"},"modified":"2024-03-04T12:23:37","modified_gmt":"2024-03-04T11:23:37","slug":"hoyfjellskart-lofoten-moskenesoya-flakstadoya-130000","status":"publish","type":"product","link":"https:\/\/pizbube.ch\/en\/shop\/hoyfjellskart-lofoten-moskenesoya-flakstadoya-130000\/","title":{"rendered":"H\u00f8yfjellskart Lofoten: Moskenes\u00f8ya &amp; Flakstad\u00f8ya 1:30&#8217;000"},"content":{"rendered":"<p>Double sided map<br \/>\nRelief shown by contours<br \/>\nHighly detailed topography for off-trail hiking<\/p>\n<p>Accommodation (huts, refuges and campgrounds)<br \/>\nRoad network<br \/>\nTourist and outdoor activities informations<br \/>\nGPS compatible<\/p>","protected":false},"excerpt":{"rendered":"<p>Double sided map Relief shown by contours Highly detailed topography for off-trail hiking Accommodation (huts, refuges and campgrounds) Road network Tourist and outdoor activities informations GPS compatible<\/p>","protected":false},"featured_media":33274,"template":"","meta":[],"product_brand":[],"product_cat":[21543],"product_tag":[],"class_list":{"0":"post-147869","1":"product","2":"type-product","3":"status-publish","4":"has-post-thumbnail","6":"product_cat-landkarten","7":"pa_autor-calazo","8":"pa_erscheinungsjahr-21586","9":"pa_region-skandinavien-norwegen-schweden-finnland","10":"pa_sprache-en","12":"first","13":"instock","14":"taxable","15":"shipping-taxable","16":"purchasable","17":"product-type-simple"},"_links":{"self":[{"href":"https:\/\/pizbube.ch\/en\/wp-json\/wp\/v2\/product\/147869","targetHints":{"allow":["GET"]}}],"collection":[{"href":"https:\/\/pizbube.ch\/en\/wp-json\/wp\/v2\/product"}],"about":[{"href":"https:\/\/pizbube.ch\/en\/wp-json\/wp\/v2\/types\/product"}],"wp:featuredmedia":[{"embeddable":true,"href":"https:\/\/pizbube.ch\/en\/wp-json\/wp\/v2\/media\/33274"}],"wp:attachment":[{"href":"https:\/\/pizbube.ch\/en\/wp-json\/wp\/v2\/media?parent=147869"}],"wp:term":[{"taxonomy":"product_brand","embeddable":true,"href":"https:\/\/pizbube.ch\/en\/wp-json\/wp\/v2\/product_brand?post=147869"},{"taxonomy":"product_cat","embeddable":true,"href":"https:\/\/pizbube.ch\/en\/wp-json\/wp\/v2\/product_cat?post=147869"},{"taxonomy":"product_tag","embeddable":true,"href":"https:\/\/pizbube.ch\/en\/wp-json\/wp\/v2\/product_tag?post=147869"}],"curies":[{"name":"wp","href":"https:\/\/api.w.org\/{rel}","templated":true}]}}