{"id":147871,"date":"2021-01-15T10:56:07","date_gmt":"2021-01-15T10:56:07","guid":{"rendered":"https:\/\/codengine3.ch\/?product=import-placeholder-for-208291"},"modified":"2021-01-15T17:52:22","modified_gmt":"2021-01-15T17:52:22","slug":"lofoten-1100000-nationale-touristenstrassen-national-tourist-routes","status":"publish","type":"product","link":"https:\/\/pizbube.ch\/en\/shop\/lofoten-1100000-nationale-touristenstrassen-national-tourist-routes\/","title":{"rendered":"Lofoten 1:100&#8217;000 Nationale Touristenstrassen &#8211; National Tourist Routes"},"content":{"rendered":"<p>Nationale Touristenstra\u00dfe bietet eine Fahrt durch eine atemberaubende<br \/>\nLandschaft und lebendige Kultur. Die Landschaft reicht von den dramatischen<br \/>\nOzean und schroffen Berggipfel, den Sandstr\u00e4nden, Fischerd\u00f6rfer in gesch\u00fctzten<br \/>\nH\u00e4fen und fruchtbare Bauernd\u00f6rfer. Die arktische Licht die Lofoten<br \/>\ninsbesondere machen. Wenn Sie die Mitternachtssonne, das Nordlicht oder<br \/>\nvielleicht das blaue Licht in dunklen Zeiten sehen wollen, auf die Lofoten<br \/>\nPlatz gehen. Es ist leicht , mit dem Auto und dem Fahrrad in der Gegend zu<br \/>\nreisen Lofoten l\u00e4dt zu einer Vielzahl von Aktivit\u00e4ten. Nehmen Sie sich Zeit<br \/>\nauf dieser Reise.<\/p>\n<p>Es gibt nur wenige Orte , M\u00f6glichkeiten nahe zu f\u00fchlen , zur Natur, so viele<br \/>\nwie die Nationale Touristenstra\u00dfe. Detours zu Eggum, Unstad, Vikten, Utakleiv,<br \/>\nNusfjord und Henningsv\u00e6r sind gro\u00dfe Erfahrungen. Nationale Touristenstra\u00dfe<br \/>\n(E10) verl\u00e4uft zwischen TO und Raftsundet, mit Nebenstra\u00dfen nach Nusfjord,<br \/>\nVikten, Utakleiv, Unstad, Eggum und Henningsv\u00e6r. Die Strecke ist 230 km lang.<br \/>\nZusammen mit Hurtigruten, F\u00e4hren und E6 mit anderen nationalen<br \/>\nTouristenstra\u00dfen kombiniert Stretch.<\/p>\n<p>Facts: &#8211; Exklusive Verpackung &#8211; Unique Content &#8211; Gro\u00dfe und anschauliche Bilder<br \/>\n&#8211; Drei Sprachen (Norwegisch, Englisch und Deutsch) &#8211; Fotos und Informationen<br \/>\ndirekt in die Karte &#8211; Treasury Postkarte enthalten<\/p>","protected":false},"excerpt":{"rendered":"<p>Nationale Touristenstra\u00dfe bietet eine Fahrt durch eine atemberaubende Landschaft und lebendige Kultur. Die Landschaft reicht von den dramatischen Ozean und schroffen Berggipfel, den Sandstr\u00e4nden, Fischerd\u00f6rfer in gesch\u00fctzten H\u00e4fen und fruchtbare Bauernd\u00f6rfer. Die arktische Licht die Lofoten insbesondere machen. Wenn Sie die Mitternachtssonne, das Nordlicht oder vielleicht das blaue Licht in dunklen Zeiten sehen wollen, auf [&#8230;]\n","protected":false},"featured_media":39894,"template":"","meta":[],"product_brand":[],"product_cat":[21543],"product_tag":[],"class_list":{"0":"post-147871","1":"product","2":"type-product","3":"status-publish","4":"has-post-thumbnail","6":"product_cat-landkarten","7":"pa_autor-nordeca","8":"pa_erscheinungsjahr-21550","9":"pa_region-skandinavien-norwegen-schweden-finnland","10":"pa_sprache-en-de-norw","12":"first","13":"instock","14":"taxable","15":"shipping-taxable","16":"purchasable","17":"product-type-simple"},"_links":{"self":[{"href":"https:\/\/pizbube.ch\/en\/wp-json\/wp\/v2\/product\/147871","targetHints":{"allow":["GET"]}}],"collection":[{"href":"https:\/\/pizbube.ch\/en\/wp-json\/wp\/v2\/product"}],"about":[{"href":"https:\/\/pizbube.ch\/en\/wp-json\/wp\/v2\/types\/product"}],"wp:featuredmedia":[{"embeddable":true,"href":"https:\/\/pizbube.ch\/en\/wp-json\/wp\/v2\/media\/39894"}],"wp:attachment":[{"href":"https:\/\/pizbube.ch\/en\/wp-json\/wp\/v2\/media?parent=147871"}],"wp:term":[{"taxonomy":"product_brand","embeddable":true,"href":"https:\/\/pizbube.ch\/en\/wp-json\/wp\/v2\/product_brand?post=147871"},{"taxonomy":"product_cat","embeddable":true,"href":"https:\/\/pizbube.ch\/en\/wp-json\/wp\/v2\/product_cat?post=147871"},{"taxonomy":"product_tag","embeddable":true,"href":"https:\/\/pizbube.ch\/en\/wp-json\/wp\/v2\/product_tag?post=147871"}],"curies":[{"name":"wp","href":"https:\/\/api.w.org\/{rel}","templated":true}]}}