{"id":147873,"date":"2021-01-15T10:56:07","date_gmt":"2021-01-15T10:56:07","guid":{"rendered":"https:\/\/codengine3.ch\/?product=import-placeholder-for-204070"},"modified":"2025-11-26T12:39:55","modified_gmt":"2025-11-26T11:39:55","slug":"madeira-die-schoensten-tal-und-hoehenwanderungen","status":"publish","type":"product","link":"https:\/\/pizbube.ch\/en\/shop\/madeira-die-schoensten-tal-und-hoehenwanderungen\/","title":{"rendered":"Madeira &#8211; Die sch\u00f6nsten Levada- und Bergwanderungen"},"content":{"rendered":"<p><span class=\"value\">Strelitzien, Fackellilien, Liebesblumen und Hortensien \u2013 Madeira zeichnet sich durch ein ganzj\u00e4hrig mildes Klima und eine verschwenderische Bl\u00fctenpracht aus. Die atlantische Sch\u00f6nheit ist ein Paradies f\u00fcr Wanderer. 70 abwechslungsreiche Levada- und Bergwanderungen stellt der Rother Wanderf\u00fchrer Madeira vor.<\/span><\/p>\n<p>Schmale Bew\u00e4sserungskan\u00e4le, Levadas genannt, durchziehen die gesamte Insel. Auf ihren Wartungswegen l\u00e4sst sich Madeira ohne gro\u00dfe H\u00f6henunterschiede entdecken: vorbei an kunstvoll angelegten Terrassen, durch eindrucksvolle Schluchten und in urspr\u00fcngliche T\u00e4ler mit immergr\u00fcner subtropischer Vegetation. Auch alpine Wanderrouten h\u00e4lt die Vulkaninsel mit ihrem fast 1900 Meter hohen Zentralmassiv bereit. Spektakul\u00e4r ist die in den Fels geschlagene Strecke vom Pico do Arieiro hinauf zum Pico Ruivo \u2013 die K\u00f6nigstour der Insel. Gem\u00fctlich sind die verschwiegenen Hirtenpfade und die \u00bbveredas\u00ab, alte Dorfverbindungswege, die bis vor wenigen Jahrzehnten den einzigen Zugang zu abgeschiedenen Ortschaften darstellten.<\/p>\n<p>Der Autor Rolf Goetz, seit vielen Jahren auf Madeira zu Fu\u00df unterwegs, hat f\u00fcr den Rother Wanderf\u00fchrer Madeira die sch\u00f6nsten Wanderungen auf der Insel ausgew\u00e4hlt. Das Spektrum reicht von kurzen und leichten Wegen bis zu anspruchsvollen Gipfelanstiegen. Jeder Tourenvorschlag verf\u00fcgt \u00fcber eine \u00fcbersichtliche Kurzinfo, eine ausf\u00fchrliche Wegbeschreibung, einen Kartenausschnitt mit eingezeichnetem Routenverlauf und ein aussagekr\u00e4ftiges H\u00f6henprofil. Zahlreiche Fotos stimmen auf den Wanderurlaub auf Europas Blumeninsel ein. GPS-Daten stehen zum Download bereit.<\/p>\n<p>21., \u00fcberarbeitete Auflage 2026<\/p>\n<p>280 Seiten,<br \/>\n70 H\u00f6henprofile, 70 Wanderk\u00e4rtchen im Ma\u00dfstab 1:50.000, zwei \u00dcbersichtskarten im Ma\u00dfstab 1:250.000 und 1:370.000<\/p>","protected":false},"excerpt":{"rendered":"<p>Strelitzien, Fackellilien, Liebesblumen und Hortensien \u2013 Madeira zeichnet sich durch ein ganzj\u00e4hrig mildes Klima und eine verschwenderische Bl\u00fctenpracht aus. Die atlantische Sch\u00f6nheit ist ein Paradies f\u00fcr Wanderer. 70 abwechslungsreiche Levada- und Bergwanderungen stellt der Rother Wanderf\u00fchrer Madeira vor. Schmale Bew\u00e4sserungskan\u00e4le, Levadas genannt, durchziehen die gesamte Insel. Auf ihren Wartungswegen l\u00e4sst sich Madeira ohne gro\u00dfe H\u00f6henunterschiede [&#8230;]\n","protected":false},"featured_media":182303,"template":"","meta":[],"product_brand":[],"product_cat":[21605],"product_tag":[],"class_list":{"0":"post-147873","1":"product","2":"type-product","3":"status-publish","4":"has-post-thumbnail","6":"product_cat-wanderfuehrer-trekking","7":"pa_autor-goetz","8":"pa_erscheinungsjahr-27654","9":"pa_region-portugal","10":"pa_sprache-de","12":"first","13":"instock","14":"taxable","15":"shipping-taxable","16":"purchasable","17":"product-type-simple"},"_links":{"self":[{"href":"https:\/\/pizbube.ch\/en\/wp-json\/wp\/v2\/product\/147873","targetHints":{"allow":["GET"]}}],"collection":[{"href":"https:\/\/pizbube.ch\/en\/wp-json\/wp\/v2\/product"}],"about":[{"href":"https:\/\/pizbube.ch\/en\/wp-json\/wp\/v2\/types\/product"}],"wp:featuredmedia":[{"embeddable":true,"href":"https:\/\/pizbube.ch\/en\/wp-json\/wp\/v2\/media\/182303"}],"wp:attachment":[{"href":"https:\/\/pizbube.ch\/en\/wp-json\/wp\/v2\/media?parent=147873"}],"wp:term":[{"taxonomy":"product_brand","embeddable":true,"href":"https:\/\/pizbube.ch\/en\/wp-json\/wp\/v2\/product_brand?post=147873"},{"taxonomy":"product_cat","embeddable":true,"href":"https:\/\/pizbube.ch\/en\/wp-json\/wp\/v2\/product_cat?post=147873"},{"taxonomy":"product_tag","embeddable":true,"href":"https:\/\/pizbube.ch\/en\/wp-json\/wp\/v2\/product_tag?post=147873"}],"curies":[{"name":"wp","href":"https:\/\/api.w.org\/{rel}","templated":true}]}}