{"id":147876,"date":"2021-01-15T10:56:07","date_gmt":"2021-01-15T10:56:07","guid":{"rendered":"https:\/\/codengine3.ch\/?product=import-placeholder-for-201033"},"modified":"2021-02-03T22:04:23","modified_gmt":"2021-02-03T21:04:23","slug":"azoren","status":"publish","type":"product","link":"https:\/\/pizbube.ch\/en\/shop\/azoren\/","title":{"rendered":"Azoren"},"content":{"rendered":"<p>\nDie sch\u00f6nsten K\u00fcsten- und Bergwanderungen. 86 Touren. Mit GPS-Daten  <\/p>\n<p>Jeder kennt das Azorenhoch: Hier entsteht es. Viereinhalb Flugstunden von<br \/>\nDeutschland entfernt liegen die neun Inseln der Azoren &#8211; Santa Maria, S\u00e3o<br \/>\nMiguel, Pico, Faial, S\u00e3o Jorge, Terceira, Graciosa, Flores und Corvo &#8211; mitten<br \/>\nim Atlantik. Bislang vom Massentourismus verschont, ist die zu Portugal<br \/>\ngeh\u00f6rende Inselgruppe ein Paradies f\u00fcr Naturliebhaber und Individualisten.  <\/p>\n<p>Die Landschaft der Azoren zeigt ein Bild der Extreme. M\u00e4rchenhafte W\u00e4lder<br \/>\nwechseln sich ab mit traumhaften H\u00fcgellandschaften und tiefblauen Kraterseen.<br \/>\nErloschene Vulkane ragen hoch hinauf und unz\u00e4hlige tiefe T\u00e4ler durchschneiden<br \/>\ndas Vulkangestein. Die oft schwer zug\u00e4nglichen Fl\u00e4chen im K\u00fcstenbereich sind<br \/>\n\u00e4u\u00dfert fruchtbar und werden intensiv bewirtschaftet.<\/p>\n<p>Von den vielen Aussichtspunkten hat man atemberaubende Ausblicke auf<br \/>\nVulkankrater, Seen, die H\u00fcgellandschaft oder die bizarre K\u00fcstenlinie. Weitere<br \/>\nAttraktionen sind dampfende Schwefelquellen, Fumarole, hei\u00dfe Quellen sowie<br \/>\nThermalbadeseen. Dementsprechend reicht das Spektrum der Wanderm\u00f6glichkeiten<br \/>\nvon gem\u00fctlichen Spazierg\u00e4ngen durch Wiesen und W\u00e4lder oder an der K\u00fcste<br \/>\nentlang bis zur ernsthaften Bergtour auf den Pico, den h\u00f6chsten Gipfel<br \/>\nPortugals.  <\/p>\n<p>Der Autor Roman Martin ist seit Jahren immer wieder auf den Azoren unterwegs.<br \/>\nIn diesem Rother Wanderf\u00fchrer pr\u00e4sentiert er mit 86 Tourenvorschl\u00e4gen einen<br \/>\numfassenden Querschnitt der Wanderm\u00f6glichkeiten auf allen Inseln. F\u00fcr alle<br \/>\nRouten stehen umfangreiche GPS-Daten zum Download bereit. Mit der Auflistung<br \/>\nder wichtigsten Fakten, detaillierten Wegbeschreibungen, Kartenausschnitten<br \/>\nmit eingezeichnetem Routenverlauf, H\u00f6henprofilen sowie vielen Tipps liefert<br \/>\ndas Buch alle n\u00f6tigen Informationen f\u00fcr einen gelungenen Wanderurlaub auf den<br \/>\nAzoren.  <\/p>\n<p>6., neu bearb., erw. Auflage.<br \/>\n288 Seiten mit 202 Farbabbildungen 86 H\u00f6henprofile, 86 Wanderk\u00e4rtchen im<br \/>\nMa\u00dfstab 1:50.000\/1:75.000, 10 \u00dcbersichtskarten, GPS-Tracks zum Download  <\/p>","protected":false},"excerpt":{"rendered":"<ul>\n<li><a href=\"https:\/\/pizbube.ch\/wp-content\/uploads\/attachments\/a_029\/CF8CBF19E78DF60CA51E6628AB48C8A3.pdf\" target=\"_blank\" rel=\"noopener\">PDF: azoren_inhalt<\/a><\/li>\n<\/ul>","protected":false},"featured_media":28186,"template":"","meta":[],"product_brand":[],"product_cat":[21605],"product_tag":[],"class_list":{"0":"post-147876","1":"product","2":"type-product","3":"status-publish","4":"has-post-thumbnail","6":"product_cat-wanderfuehrer-trekking","7":"pa_autor-martin","8":"pa_erscheinungsjahr-21586","9":"pa_region-portugal","10":"pa_sprache-de","12":"first","13":"instock","14":"taxable","15":"shipping-taxable","16":"purchasable","17":"product-type-simple"},"_links":{"self":[{"href":"https:\/\/pizbube.ch\/en\/wp-json\/wp\/v2\/product\/147876","targetHints":{"allow":["GET"]}}],"collection":[{"href":"https:\/\/pizbube.ch\/en\/wp-json\/wp\/v2\/product"}],"about":[{"href":"https:\/\/pizbube.ch\/en\/wp-json\/wp\/v2\/types\/product"}],"wp:featuredmedia":[{"embeddable":true,"href":"https:\/\/pizbube.ch\/en\/wp-json\/wp\/v2\/media\/28186"}],"wp:attachment":[{"href":"https:\/\/pizbube.ch\/en\/wp-json\/wp\/v2\/media?parent=147876"}],"wp:term":[{"taxonomy":"product_brand","embeddable":true,"href":"https:\/\/pizbube.ch\/en\/wp-json\/wp\/v2\/product_brand?post=147876"},{"taxonomy":"product_cat","embeddable":true,"href":"https:\/\/pizbube.ch\/en\/wp-json\/wp\/v2\/product_cat?post=147876"},{"taxonomy":"product_tag","embeddable":true,"href":"https:\/\/pizbube.ch\/en\/wp-json\/wp\/v2\/product_tag?post=147876"}],"curies":[{"name":"wp","href":"https:\/\/api.w.org\/{rel}","templated":true}]}}