{"id":147877,"date":"2021-01-15T10:56:07","date_gmt":"2021-01-15T10:56:07","guid":{"rendered":"https:\/\/codengine3.ch\/?product=import-placeholder-for-208470"},"modified":"2021-01-15T17:54:23","modified_gmt":"2021-01-15T17:54:23","slug":"madeira-50-wandertouren","status":"publish","type":"product","link":"https:\/\/pizbube.ch\/en\/shop\/madeira-50-wandertouren\/","title":{"rendered":"Madeira &#8211; 50 Wandertouren"},"content":{"rendered":"<p>\nF\u00fcr Wanderfreunde und Naturliebhaber ist Madeira ein wahres Paradies.<br \/>\nEntdecken l\u00e4sst sich die Insel auf anspruchsvollen Pfaden oder auch kleinen<br \/>\nSpazierg\u00e4ngen. Mal geht es durch liebliche, mal durch ungest\u00fcme Natur, mal<br \/>\nentlang der Levadas (Netz aus Kan\u00e4len und Tunnels) oder hoch hinauf auf<br \/>\nKlettersteige. Mal f\u00fchren die Wege durch feuchte Urw\u00e4lder oder \u00fcber kahlen<br \/>\nFels. Viele bequeme Waldwege im wohltuenden Schatten der B\u00e4ume hat die Insel<br \/>\nebenso zu bieten wie auch sch\u00f6ne Promenaden direkt am Meer \u2026<\/p>\n<p>Der neue Wanderf\u00fchrer Madeira empfiehlt sich f\u00fcr ambitionierte Sportler ebenso<br \/>\nwie auch f\u00fcr Erholung suchende Urlauber. 50 Routen f\u00fchren zu den beliebtesten,<br \/>\naber auch zu den weniger bekannten, ungew\u00f6hnlicheren Ausflugszielen und sind<br \/>\nalle von den Autoren getestet worden. Detailliert mit Gehzeiten, H\u00f6henangaben<br \/>\nund Karten sorgen sie f\u00fcr eine breite und fl\u00e4chendeckende Erkundung der Insel.<\/p>\n<p>Viele Touren lassen sich miteinander kombinieren und so kann jeder selbst<br \/>\nentscheiden, wie ausgiebig eine Wanderung verlaufen soll. Jede Tour gibt<br \/>\nzus\u00e4tzlich noch Informationen zur Trittsicherheit und Orientierung, welche<br \/>\nKondition erforderlich ist und f\u00fcr Schwindel geplagte Wanderer gibt es auch<br \/>\ndazu eine kurze Einsch\u00e4tzung.<\/p>\n<p>Alle Wanderungen wurden mit einem GPS-System protokolliert und die Daten f\u00fcr<br \/>\njede einzelne Wanderung stehen auf der Internetseite des Verlages kostenfrei<br \/>\nzur Verf\u00fcgung. Durchgehend farbig illustriert, 50 Wandertouren, detaillierte<br \/>\nKarten und H\u00f6henprofile sowie GPS-Tracks f\u00fcr jede Wanderung  <\/p>","protected":false},"excerpt":{"rendered":"<p>F\u00fcr Wanderfreunde und Naturliebhaber ist Madeira ein wahres Paradies. Entdecken l\u00e4sst sich die Insel auf anspruchsvollen Pfaden oder auch kleinen Spazierg\u00e4ngen. Mal geht es durch liebliche, mal durch ungest\u00fcme Natur, mal entlang der Levadas (Netz aus Kan\u00e4len und Tunnels) oder hoch hinauf auf Klettersteige. Mal f\u00fchren die Wege durch feuchte Urw\u00e4lder oder \u00fcber kahlen Fels. [&#8230;]\n","protected":false},"featured_media":40289,"template":"","meta":[],"product_brand":[],"product_cat":[21605],"product_tag":[],"class_list":{"0":"post-147877","1":"product","2":"type-product","3":"status-publish","4":"has-post-thumbnail","6":"product_cat-wanderfuehrer-trekking","7":"pa_autor-schetar-koethe","8":"pa_erscheinungsjahr-21546","9":"pa_region-portugal","10":"pa_sprache-de","12":"first","13":"instock","14":"taxable","15":"shipping-taxable","16":"purchasable","17":"product-type-simple"},"_links":{"self":[{"href":"https:\/\/pizbube.ch\/en\/wp-json\/wp\/v2\/product\/147877","targetHints":{"allow":["GET"]}}],"collection":[{"href":"https:\/\/pizbube.ch\/en\/wp-json\/wp\/v2\/product"}],"about":[{"href":"https:\/\/pizbube.ch\/en\/wp-json\/wp\/v2\/types\/product"}],"wp:featuredmedia":[{"embeddable":true,"href":"https:\/\/pizbube.ch\/en\/wp-json\/wp\/v2\/media\/40289"}],"wp:attachment":[{"href":"https:\/\/pizbube.ch\/en\/wp-json\/wp\/v2\/media?parent=147877"}],"wp:term":[{"taxonomy":"product_brand","embeddable":true,"href":"https:\/\/pizbube.ch\/en\/wp-json\/wp\/v2\/product_brand?post=147877"},{"taxonomy":"product_cat","embeddable":true,"href":"https:\/\/pizbube.ch\/en\/wp-json\/wp\/v2\/product_cat?post=147877"},{"taxonomy":"product_tag","embeddable":true,"href":"https:\/\/pizbube.ch\/en\/wp-json\/wp\/v2\/product_tag?post=147877"}],"curies":[{"name":"wp","href":"https:\/\/api.w.org\/{rel}","templated":true}]}}