{"id":147878,"date":"2021-01-15T10:56:07","date_gmt":"2021-01-15T10:56:07","guid":{"rendered":"https:\/\/codengine3.ch\/?product=import-placeholder-for-200297"},"modified":"2021-01-15T10:56:13","modified_gmt":"2021-01-15T10:56:13","slug":"dovrefjell-ost-knutso-1100000","status":"publish","type":"product","link":"https:\/\/pizbube.ch\/en\/shop\/dovrefjell-ost-knutso-1100000\/","title":{"rendered":"Dovrefjell \u00d8st Knuts\u00f8 1:100&#8217;000"},"content":{"rendered":"<p>Turkart Dovrefjell \u00d8st Knuts\u00f8 Sheet 2710<\/p>\n<p>Turkart med informasjon som skil\u00f8yper, fotruter, alpinanlegg og turisthytter.<br \/>\nKartet har ogs\u00e5 en tekstside med aktuell informasjon.<\/p>\n<p>Die nationale Wanderkarten-serie umfasst mehr als 200 Karten und deckt die<br \/>\nbelie-btesten Wandergebiete Norwegens ab.Die Wanderkarten sind an die<br \/>\neinzelnen Wandergebiete angepasst und enthalten Wanderwege, H\u00fctten und lokale<br \/>\nInformationen.<\/p>","protected":false},"excerpt":{"rendered":"<p>Turkart Dovrefjell \u00d8st Knuts\u00f8 Sheet 2710 Turkart med informasjon som skil\u00f8yper, fotruter, alpinanlegg og turisthytter. Kartet har ogs\u00e5 en tekstside med aktuell informasjon. Die nationale Wanderkarten-serie umfasst mehr als 200 Karten und deckt die belie-btesten Wandergebiete Norwegens ab.Die Wanderkarten sind an die einzelnen Wandergebiete angepasst und enthalten Wanderwege, H\u00fctten und lokale Informationen.<\/p>","protected":false},"featured_media":38804,"template":"","meta":[],"product_brand":[],"product_cat":[21543],"product_tag":[],"class_list":{"0":"post-147878","1":"product","2":"type-product","3":"status-publish","4":"has-post-thumbnail","6":"product_cat-landkarten","7":"pa_autor-nordeca","8":"pa_erscheinungsjahr-21693","9":"pa_region-skandinavien-norwegen-schweden-finnland","10":"pa_sprache-en","12":"first","13":"instock","14":"taxable","15":"shipping-taxable","16":"purchasable","17":"product-type-simple"},"_links":{"self":[{"href":"https:\/\/pizbube.ch\/en\/wp-json\/wp\/v2\/product\/147878","targetHints":{"allow":["GET"]}}],"collection":[{"href":"https:\/\/pizbube.ch\/en\/wp-json\/wp\/v2\/product"}],"about":[{"href":"https:\/\/pizbube.ch\/en\/wp-json\/wp\/v2\/types\/product"}],"wp:featuredmedia":[{"embeddable":true,"href":"https:\/\/pizbube.ch\/en\/wp-json\/wp\/v2\/media\/38804"}],"wp:attachment":[{"href":"https:\/\/pizbube.ch\/en\/wp-json\/wp\/v2\/media?parent=147878"}],"wp:term":[{"taxonomy":"product_brand","embeddable":true,"href":"https:\/\/pizbube.ch\/en\/wp-json\/wp\/v2\/product_brand?post=147878"},{"taxonomy":"product_cat","embeddable":true,"href":"https:\/\/pizbube.ch\/en\/wp-json\/wp\/v2\/product_cat?post=147878"},{"taxonomy":"product_tag","embeddable":true,"href":"https:\/\/pizbube.ch\/en\/wp-json\/wp\/v2\/product_tag?post=147878"}],"curies":[{"name":"wp","href":"https:\/\/api.w.org\/{rel}","templated":true}]}}