{"id":147880,"date":"2021-01-15T10:56:07","date_gmt":"2021-01-15T10:56:07","guid":{"rendered":"https:\/\/codengine3.ch\/?product=import-placeholder-for-208520"},"modified":"2022-08-13T15:04:42","modified_gmt":"2022-08-13T13:04:42","slug":"oppdal-klatreforer","status":"publish","type":"product","link":"https:\/\/pizbube.ch\/en\/shop\/oppdal-klatreforer\/","title":{"rendered":"Oppdal Klatref\u00f8rer"},"content":{"rendered":"<p>Phototopo Guidebook for Oppdal in Norway;<br \/>\nnorwegian Text only.<\/p>\n<p>Norges triveligste fjellbygd byr p\u00e5 mer enn ski og sauer.<br \/>\nDu finner ogs\u00e5 fantastisk fin klatring spredt over et stort omr\u00e5de med mange<br \/>\nforskjellige ruter.<\/p>\n<p>Klatref\u00f8rer for Oppdal er en komplett beskrivelse av klippeklatringen i<br \/>\nOppdalsomr\u00e5det. Boka beskriver 130 forskjellige ruter og er rikt illustrert<br \/>\nmed kart, symboler og inspirerende bilder.<\/p>\n<p>75 sider<br \/>\nFarge<br \/>\nNorsk tekst<br \/>\nForfattere: Rune Kvalsnes og Ingvild Suorza Svean (grafisk)<\/p>","protected":false},"excerpt":{"rendered":"<p>Phototopo Guidebook for Oppdal in Norway; norwegian Text only. Norges triveligste fjellbygd byr p\u00e5 mer enn ski og sauer. Du finner ogs\u00e5 fantastisk fin klatring spredt over et stort omr\u00e5de med mange forskjellige ruter. Klatref\u00f8rer for Oppdal er en komplett beskrivelse av klippeklatringen i Oppdalsomr\u00e5det. Boka beskriver 130 forskjellige ruter og er rikt illustrert med [&#8230;]\n","protected":false},"featured_media":40441,"template":"","meta":[],"product_brand":[],"product_cat":[21539],"product_tag":[],"class_list":{"0":"post-147880","1":"product","2":"type-product","3":"status-publish","4":"has-post-thumbnail","6":"product_cat-fuehrerliteratur-sportklettern-bouldern","7":"pa_autor-vpg","8":"pa_erscheinungsjahr-21568","9":"pa_region-skandinavien-norwegen-schweden-finnland","10":"pa_sprache-norweg","12":"first","13":"onbackorder","14":"taxable","15":"shipping-taxable","16":"purchasable","17":"product-type-simple"},"_links":{"self":[{"href":"https:\/\/pizbube.ch\/en\/wp-json\/wp\/v2\/product\/147880","targetHints":{"allow":["GET"]}}],"collection":[{"href":"https:\/\/pizbube.ch\/en\/wp-json\/wp\/v2\/product"}],"about":[{"href":"https:\/\/pizbube.ch\/en\/wp-json\/wp\/v2\/types\/product"}],"wp:featuredmedia":[{"embeddable":true,"href":"https:\/\/pizbube.ch\/en\/wp-json\/wp\/v2\/media\/40441"}],"wp:attachment":[{"href":"https:\/\/pizbube.ch\/en\/wp-json\/wp\/v2\/media?parent=147880"}],"wp:term":[{"taxonomy":"product_brand","embeddable":true,"href":"https:\/\/pizbube.ch\/en\/wp-json\/wp\/v2\/product_brand?post=147880"},{"taxonomy":"product_cat","embeddable":true,"href":"https:\/\/pizbube.ch\/en\/wp-json\/wp\/v2\/product_cat?post=147880"},{"taxonomy":"product_tag","embeddable":true,"href":"https:\/\/pizbube.ch\/en\/wp-json\/wp\/v2\/product_tag?post=147880"}],"curies":[{"name":"wp","href":"https:\/\/api.w.org\/{rel}","templated":true}]}}