{"id":147881,"date":"2021-01-15T10:56:07","date_gmt":"2021-01-15T10:56:07","guid":{"rendered":"https:\/\/codengine3.ch\/?product=import-placeholder-for-200721"},"modified":"2024-04-26T09:47:59","modified_gmt":"2024-04-26T07:47:59","slug":"wanderwege-mittelskandinavien","status":"publish","type":"product","link":"https:\/\/pizbube.ch\/en\/shop\/wanderwege-mittelskandinavien\/","title":{"rendered":"Wanderwege Mittelskandinavien"},"content":{"rendered":"<p>Wandergebiete:<br \/>\nSylarna. Femundsmarka und Rogen, Rondane, Dovrefjell, Trollheimen, Nordm\u00f8re<br \/>\nsowie Tafjordfjellene.<\/p>\n<p>\u201eWanderwege \u2013 Mittelskandinavien\u201c ist ein umfassender Wanderf\u00fchrer, der<br \/>\ngrundlegende Informationen f\u00fcr jeden bereith\u00e4lt, der von Wanderungen in der<br \/>\nbeeindruckenden Berglandschaft und der weiten Wildnis Skandinaviens tr\u00e4umt.<\/p>\n<p>Das Buch enth\u00e4lt detaillierte Beschreibungen von \u00fcber 200 Wanderrouten. Durch<br \/>\ndie Kombination verschiedener Routen kann sich jeder seine individuelle<br \/>\nWandertour zusammenstellen.<\/p>\n<p>Zus\u00e4tzlich gibt der reich bebilderte Band viele n\u00fctzliche Informationen zum<br \/>\n\u00dcbernachten in H\u00fctten, zur Anreise und Wanderzeit und andere praktische<br \/>\nWandertipps \u2013 und nicht zu vergessen die Moschusochsen und die Waldrentiere.<\/p>\n<p>\u2022 Anreise nach Mittelskandinavien<br \/>\n\u2022 Vorbereitung &amp; Planung einer Wandertour<br \/>\n\u2022 H\u00fctten und \u00dcbernachtungsm\u00f6glichkeiten<br \/>\n\u2022 Zelten, Feuer machen, Trinkwasser, Br\u00fccken, Flussquerungen, Wegmarkierungen,<br \/>\nGefahren<br \/>\n\u2022 \u00fcber 200 Wanderrouten<br \/>\n\u2022 farbige \u00dcbersichtskarten<br \/>\n\u2022 sch\u00f6ne und informative Farbfotos<\/p>\n<p>1. Auflage 2018<\/p>\n<p>Autor:\u00a0Harri Ahonen,<br \/>\n\u00fcbersetzt aus dem Finnischen von\u00a0Anke Michler-Janhunen<br \/>\n360 Seiten, Format 21,5 x 21,5 cm,\u00a0Hardcover, Fadenheftung<\/p>","protected":false},"excerpt":{"rendered":"<ul>\n<li><a href=\"https:\/\/pizbube.ch\/wp-content\/uploads\/attachments\/a_005\/419D46CAAB630EA30CB1366C5822815F.pdf\" target=\"_blank\" rel=\"noopener\">PDF: Inhalt_Mittelskandinavien.pdf<\/a><\/li>\n<\/ul>","protected":false},"featured_media":172742,"template":"","meta":[],"product_brand":[],"product_cat":[21605],"product_tag":[],"class_list":{"0":"post-147881","1":"product","2":"type-product","3":"status-publish","4":"has-post-thumbnail","6":"product_cat-wanderfuehrer-trekking","7":"pa_autor-ahonen","8":"pa_erscheinungsjahr-21546","9":"pa_region-skandinavien-norwegen-schweden-finnland","10":"pa_sprache-de","12":"first","13":"instock","14":"taxable","15":"shipping-taxable","16":"purchasable","17":"product-type-simple"},"_links":{"self":[{"href":"https:\/\/pizbube.ch\/en\/wp-json\/wp\/v2\/product\/147881","targetHints":{"allow":["GET"]}}],"collection":[{"href":"https:\/\/pizbube.ch\/en\/wp-json\/wp\/v2\/product"}],"about":[{"href":"https:\/\/pizbube.ch\/en\/wp-json\/wp\/v2\/types\/product"}],"wp:featuredmedia":[{"embeddable":true,"href":"https:\/\/pizbube.ch\/en\/wp-json\/wp\/v2\/media\/172742"}],"wp:attachment":[{"href":"https:\/\/pizbube.ch\/en\/wp-json\/wp\/v2\/media?parent=147881"}],"wp:term":[{"taxonomy":"product_brand","embeddable":true,"href":"https:\/\/pizbube.ch\/en\/wp-json\/wp\/v2\/product_brand?post=147881"},{"taxonomy":"product_cat","embeddable":true,"href":"https:\/\/pizbube.ch\/en\/wp-json\/wp\/v2\/product_cat?post=147881"},{"taxonomy":"product_tag","embeddable":true,"href":"https:\/\/pizbube.ch\/en\/wp-json\/wp\/v2\/product_tag?post=147881"}],"curies":[{"name":"wp","href":"https:\/\/api.w.org\/{rel}","templated":true}]}}