{"id":147882,"date":"2021-01-15T10:56:08","date_gmt":"2021-01-15T10:56:08","guid":{"rendered":"https:\/\/codengine3.ch\/?product=import-placeholder-for-207644"},"modified":"2021-01-15T16:05:32","modified_gmt":"2021-01-15T16:05:32","slug":"norwegen-olavsweg","status":"publish","type":"product","link":"https:\/\/pizbube.ch\/en\/shop\/norwegen-olavsweg\/","title":{"rendered":"Norwegen: Olavsweg"},"content":{"rendered":"<p>Dieser Pilgerf\u00fchrer beschreibt die als Gudbrandsdalsweg bekannte Strecke von<br \/>\nOslo nach Trondheim. 660 km f\u00fchren Sie von der Hauptstadt Norwegens nach<br \/>\nNorden zum Nidarosdom, der Grabkirche des heiligen Olavs.<\/p>\n<p>In diesem Wanderf\u00fchrer finden Sie detaillierte Etappenbeschreibungen der<br \/>\n\u00f6stlichen Variante \u00fcber Hamar, Lillehammer und das Gudbrandsdal. Hinweise zur<br \/>\nOrientierung auf dem teilweise nicht klar gekennzeichneten Wanderweg werden um<br \/>\nhilfreiche Informationen zu \u00dcbernachtungsm\u00f6glichkeiten erg\u00e4nzt. Die Autorin<br \/>\nerkl\u00e4rt zudem die Besonderheiten einer Wanderung in Norwegen sowie historische<br \/>\nHintergr\u00fcnde des Olavswegs und seiner Sehensw\u00fcrdigkeiten. Komplettiert wird<br \/>\nder kompakte Pilgerf\u00fchrer durch genaues Kartenmaterial.<\/p>\n<p>1. Auflage 2016, 256 Seiten, 42 Karten, 98 farbige Abbildungen, 36 farbige<br \/>\nH\u00f6henprofile<\/p>","protected":false},"excerpt":{"rendered":"<p>Dieser Pilgerf\u00fchrer beschreibt die als Gudbrandsdalsweg bekannte Strecke von Oslo nach Trondheim. 660 km f\u00fchren Sie von der Hauptstadt Norwegens nach Norden zum Nidarosdom, der Grabkirche des heiligen Olavs. In diesem Wanderf\u00fchrer finden Sie detaillierte Etappenbeschreibungen der \u00f6stlichen Variante \u00fcber Hamar, Lillehammer und das Gudbrandsdal. Hinweise zur Orientierung auf dem teilweise nicht klar gekennzeichneten Wanderweg [&#8230;]\n","protected":false},"featured_media":38025,"template":"","meta":[],"product_brand":[],"product_cat":[21605],"product_tag":[],"class_list":{"0":"post-147882","1":"product","2":"type-product","3":"status-publish","4":"has-post-thumbnail","6":"product_cat-wanderfuehrer-trekking","7":"pa_autor-engler","8":"pa_erscheinungsjahr-21571","9":"pa_region-skandinavien-norwegen-schweden-finnland","10":"pa_sprache-de","12":"first","13":"instock","14":"taxable","15":"shipping-taxable","16":"purchasable","17":"product-type-simple"},"_links":{"self":[{"href":"https:\/\/pizbube.ch\/en\/wp-json\/wp\/v2\/product\/147882","targetHints":{"allow":["GET"]}}],"collection":[{"href":"https:\/\/pizbube.ch\/en\/wp-json\/wp\/v2\/product"}],"about":[{"href":"https:\/\/pizbube.ch\/en\/wp-json\/wp\/v2\/types\/product"}],"wp:featuredmedia":[{"embeddable":true,"href":"https:\/\/pizbube.ch\/en\/wp-json\/wp\/v2\/media\/38025"}],"wp:attachment":[{"href":"https:\/\/pizbube.ch\/en\/wp-json\/wp\/v2\/media?parent=147882"}],"wp:term":[{"taxonomy":"product_brand","embeddable":true,"href":"https:\/\/pizbube.ch\/en\/wp-json\/wp\/v2\/product_brand?post=147882"},{"taxonomy":"product_cat","embeddable":true,"href":"https:\/\/pizbube.ch\/en\/wp-json\/wp\/v2\/product_cat?post=147882"},{"taxonomy":"product_tag","embeddable":true,"href":"https:\/\/pizbube.ch\/en\/wp-json\/wp\/v2\/product_tag?post=147882"}],"curies":[{"name":"wp","href":"https:\/\/api.w.org\/{rel}","templated":true}]}}