{"id":147885,"date":"2021-01-15T10:56:08","date_gmt":"2021-01-15T10:56:08","guid":{"rendered":"https:\/\/codengine3.ch\/?product=import-placeholder-for-207299"},"modified":"2022-09-10T11:33:28","modified_gmt":"2022-09-10T09:33:28","slug":"aiguilles-rouges-2-leau-noire","status":"publish","type":"product","link":"https:\/\/pizbube.ch\/en\/shop\/aiguilles-rouges-2-leau-noire\/","title":{"rendered":"Aiguilles Rouges 2 &#8211; L`eau noire"},"content":{"rendered":"<div class=\"elementor-element elementor-element-41e12ac elementor-widget elementor-widget-text-editor\" data-id=\"41e12ac\" data-element_type=\"widget\" data-widget_type=\"text-editor.default\">\n<div class=\"elementor-widget-container\">\n<div class=\"elementor-text-editor elementor-clearfix\">\n<div class=\"elementor-element elementor-element-4197063 elementor-widget elementor-widget-text-editor\" data-id=\"4197063\" data-element_type=\"widget\" data-widget_type=\"text-editor.default\">\n<div class=\"elementor-widget-container\">\n<div class=\"elementor-text-editor elementor-clearfix\">\n<p>Falaises petites et grandes du massif des Aiguilles Rouges, en partie en terrain d\u2019aventure. Secteur Vallorcine.<\/p>\n<\/div>\n<\/div>\n<\/div>\n<\/div>\n<\/div>\n<\/div>\n<p>Il couvre un secteur allant du col des Montets (F) \u00e0 la r\u00e9gion de Emosson-<br \/>\nPasset (CH).<\/p>\n<p>D`innombrables nouveaut\u00e9s y sont pr\u00e9sent\u00e9es, avec des itin\u00e9raires `plaisir`<br \/>\nallant jusqu`\u00e0 800 m\u00e8tres de hauteur.<br \/>\nCes secteurs sont accessibles rapidement tout autant de la vall\u00e9e de Chamonix<br \/>\n(par le col des Montets) que de Suisse romande (par le col de la Forclaz).<\/p>\n<p>Nouveau concept light:<br \/>\n`blabla` d`introduction r\u00e9duit mais large choix d`itin\u00e9raires, avec trac\u00e9s sur<br \/>\nphotos et croquis pr\u00e9cis (192 pages \/ 1 cahier couleur).<\/p>\n<p>Topo tr\u00e8s soign\u00e9 comme \u00e0 l\u2019habitude avec Michel Piola.<\/p>\n<p>Ce topo d\u00e9crit de nombreux secteurs petits ou grands, en voies sportives et en terrain d\u2019aventure. La plupart des voies sont de quelques longueurs ou de plusieurs centaines de m\u00e8tres, \u00e9quip\u00e9es ou en terrain d\u2019aventure, mais on trouve aussi quelques \u00ab\u00a0couennes\u00a0\u00bb.<\/p>\n<p><strong>Liste des sites d\u2019escalade sur ce topo :<br \/>\n<\/strong><br \/>\nAiguille de Mesure<br \/>\nAiguille NE de Praz-Torrent<br \/>\nVallon de B\u00e9rard<br \/>\nMont Oreb<br \/>\nTr\u00e9-les-Eaux inf\u00e9rieur<br \/>\nCorne E de Loriaz<br \/>\nContrefort de l\u2019Aiguille de Charmo<br \/>\nPain de Sucre des Perrons<br \/>\nPointe Vouillouz<br \/>\nGrand Perron<br \/>\nTour Grise<br \/>\nAiguille de Van<br \/>\nTravers\u00e9e des Perrons<br \/>\nGorges de la Veudale<br \/>\nPointe de la Veudale<br \/>\nLa L\u00e9ch\u00e8re<br \/>\nPasset du bas<br \/>\nMur du Loup<br \/>\nPasset du Haut<br \/>\nLe Bouchy<\/p>\n<p>192 pages en deux couleurs.<\/p>\n<p>&nbsp;<\/p>","protected":false},"excerpt":{"rendered":"<p>Falaises petites et grandes du massif des Aiguilles Rouges, en partie en terrain d\u2019aventure. Secteur Vallorcine. Il couvre un secteur allant du col des Montets (F) \u00e0 la r\u00e9gion de Emosson- Passet (CH). D`innombrables nouveaut\u00e9s y sont pr\u00e9sent\u00e9es, avec des itin\u00e9raires `plaisir` allant jusqu`\u00e0 800 m\u00e8tres de hauteur. Ces secteurs sont accessibles rapidement tout autant [&#8230;]\n","protected":false},"featured_media":163568,"template":"","meta":[],"product_brand":[],"product_cat":[21539],"product_tag":[],"class_list":{"0":"post-147885","1":"product","2":"type-product","3":"status-publish","4":"has-post-thumbnail","6":"product_cat-fuehrerliteratur-sportklettern-bouldern","7":"pa_autor-piola","8":"pa_erscheinungsjahr-21621","9":"pa_region-frankreich","10":"pa_sprache-fr","12":"first","13":"instock","14":"taxable","15":"shipping-taxable","16":"purchasable","17":"product-type-simple"},"_links":{"self":[{"href":"https:\/\/pizbube.ch\/en\/wp-json\/wp\/v2\/product\/147885","targetHints":{"allow":["GET"]}}],"collection":[{"href":"https:\/\/pizbube.ch\/en\/wp-json\/wp\/v2\/product"}],"about":[{"href":"https:\/\/pizbube.ch\/en\/wp-json\/wp\/v2\/types\/product"}],"wp:featuredmedia":[{"embeddable":true,"href":"https:\/\/pizbube.ch\/en\/wp-json\/wp\/v2\/media\/163568"}],"wp:attachment":[{"href":"https:\/\/pizbube.ch\/en\/wp-json\/wp\/v2\/media?parent=147885"}],"wp:term":[{"taxonomy":"product_brand","embeddable":true,"href":"https:\/\/pizbube.ch\/en\/wp-json\/wp\/v2\/product_brand?post=147885"},{"taxonomy":"product_cat","embeddable":true,"href":"https:\/\/pizbube.ch\/en\/wp-json\/wp\/v2\/product_cat?post=147885"},{"taxonomy":"product_tag","embeddable":true,"href":"https:\/\/pizbube.ch\/en\/wp-json\/wp\/v2\/product_tag?post=147885"}],"curies":[{"name":"wp","href":"https:\/\/api.w.org\/{rel}","templated":true}]}}