{"id":147886,"date":"2021-01-15T10:56:08","date_gmt":"2021-01-15T10:56:08","guid":{"rendered":"https:\/\/codengine3.ch\/?product=import-placeholder-for-202357"},"modified":"2021-01-15T12:35:35","modified_gmt":"2021-01-15T12:35:35","slug":"les-aiguilles-rouges-escalade-au-soleil","status":"publish","type":"product","link":"https:\/\/pizbube.ch\/en\/shop\/les-aiguilles-rouges-escalade-au-soleil\/","title":{"rendered":"Les Aiguilles Rouges &#8211; Escalade au soleil"},"content":{"rendered":"<p>Escalades au soleil: 80 itin\u00e9raires, 8 \u00e9coles d&#8216; escalade face au Mont Blanc!  <\/p>\n<p>Les Houches, le Br\u00e9vent, la Fl\u00e9g\u00e8re, Lac Blanc, Poya,<br \/>\nBarberine, Passet, Emosson, Falaise du Renard (Topof\u00fchrer)<\/p>","protected":false},"excerpt":{"rendered":"<p>Escalades au soleil: 80 itin\u00e9raires, 8 \u00e9coles d&#8216; escalade face au Mont Blanc! Les Houches, le Br\u00e9vent, la Fl\u00e9g\u00e8re, Lac Blanc, Poya, Barberine, Passet, Emosson, Falaise du Renard (Topof\u00fchrer)<\/p>","protected":false},"featured_media":29737,"template":"","meta":[],"product_brand":[],"product_cat":[21539],"product_tag":[],"class_list":{"0":"post-147886","1":"product","2":"type-product","3":"status-publish","4":"has-post-thumbnail","6":"product_cat-fuehrerliteratur-sportklettern-bouldern","7":"pa_autor-dulac-perroux","8":"pa_erscheinungsjahr-22242","9":"pa_region-frankreich","10":"pa_sprache-fr","12":"first","13":"instock","14":"taxable","15":"shipping-taxable","16":"purchasable","17":"product-type-simple"},"_links":{"self":[{"href":"https:\/\/pizbube.ch\/en\/wp-json\/wp\/v2\/product\/147886","targetHints":{"allow":["GET"]}}],"collection":[{"href":"https:\/\/pizbube.ch\/en\/wp-json\/wp\/v2\/product"}],"about":[{"href":"https:\/\/pizbube.ch\/en\/wp-json\/wp\/v2\/types\/product"}],"wp:featuredmedia":[{"embeddable":true,"href":"https:\/\/pizbube.ch\/en\/wp-json\/wp\/v2\/media\/29737"}],"wp:attachment":[{"href":"https:\/\/pizbube.ch\/en\/wp-json\/wp\/v2\/media?parent=147886"}],"wp:term":[{"taxonomy":"product_brand","embeddable":true,"href":"https:\/\/pizbube.ch\/en\/wp-json\/wp\/v2\/product_brand?post=147886"},{"taxonomy":"product_cat","embeddable":true,"href":"https:\/\/pizbube.ch\/en\/wp-json\/wp\/v2\/product_cat?post=147886"},{"taxonomy":"product_tag","embeddable":true,"href":"https:\/\/pizbube.ch\/en\/wp-json\/wp\/v2\/product_tag?post=147886"}],"curies":[{"name":"wp","href":"https:\/\/api.w.org\/{rel}","templated":true}]}}