{"id":147887,"date":"2021-01-15T10:56:08","date_gmt":"2021-01-15T10:56:08","guid":{"rendered":"https:\/\/codengine3.ch\/?product=import-placeholder-for-205745"},"modified":"2025-08-27T11:03:01","modified_gmt":"2025-08-27T09:03:01","slug":"opposite-mont-blanc-the-aiguilles-rouges-1","status":"publish","type":"product","link":"https:\/\/pizbube.ch\/en\/shop\/opposite-mont-blanc-the-aiguilles-rouges-1\/","title":{"rendered":"Opposite Mont Blanc &#8211; The Aiguilles Rouges 1"},"content":{"rendered":"<p>Rock Climbing Topoguidebook;<br \/>\nFrom the Br\u00e9vent to the Ch\u00e9zerys slabs.<\/p>\n<p>The Aiguilles Rouges are the range of peaks on the other side of the Chamonix<br \/>\nValley to the Mont Blanc Range. They sit outside of the rainshadow of the<br \/>\nmajor summits and so are often in climbable condition when the higher peaks<br \/>\nare not. However, outside of a few popular training climbs such as the Index,<br \/>\nthis is still an adventurous area with glacier approaches and long (up to 12<br \/>\npitch) rock routes such as the classic Voie des Dalles (F5c) on the Pouce.<\/p>\n<p>Over 170 major climbs are described on the Chamonix valley side of the range,<br \/>\nmany of which are quickly accessible via telepherique. Areas covered in this<br \/>\nvolume are: Br\u00e9vent, Plampra &#8211; Charlanon, Index &#8211; Gli\u00e8re &#8211; Pouce, Floria &#8211;<br \/>\nGapard &#8211; Crochues, Belv\u00e9d\u00e8re &#8211; Chamois &#8211; Pers\u00e9v\u00e9rance, Ch\u00e9zerys.<\/p>\n<p>256 p.<\/p>","protected":false},"excerpt":{"rendered":"<p>Rock Climbing Topoguidebook; From the Br\u00e9vent to the Ch\u00e9zerys slabs. The Aiguilles Rouges are the range of peaks on the other side of the Chamonix Valley to the Mont Blanc Range. They sit outside of the rainshadow of the major summits and so are often in climbable condition when the higher peaks are not. However, [&#8230;]\n","protected":false},"featured_media":168408,"template":"","meta":[],"product_brand":[],"product_cat":[21539],"product_tag":[],"class_list":{"0":"post-147887","1":"product","2":"type-product","3":"status-publish","4":"has-post-thumbnail","6":"product_cat-fuehrerliteratur-sportklettern-bouldern","7":"pa_autor-piola","8":"pa_erscheinungsjahr-21693","9":"pa_region-frankreich","10":"pa_sprache-en","12":"first","13":"instock","14":"taxable","15":"shipping-taxable","16":"purchasable","17":"product-type-simple"},"_links":{"self":[{"href":"https:\/\/pizbube.ch\/en\/wp-json\/wp\/v2\/product\/147887","targetHints":{"allow":["GET"]}}],"collection":[{"href":"https:\/\/pizbube.ch\/en\/wp-json\/wp\/v2\/product"}],"about":[{"href":"https:\/\/pizbube.ch\/en\/wp-json\/wp\/v2\/types\/product"}],"wp:featuredmedia":[{"embeddable":true,"href":"https:\/\/pizbube.ch\/en\/wp-json\/wp\/v2\/media\/168408"}],"wp:attachment":[{"href":"https:\/\/pizbube.ch\/en\/wp-json\/wp\/v2\/media?parent=147887"}],"wp:term":[{"taxonomy":"product_brand","embeddable":true,"href":"https:\/\/pizbube.ch\/en\/wp-json\/wp\/v2\/product_brand?post=147887"},{"taxonomy":"product_cat","embeddable":true,"href":"https:\/\/pizbube.ch\/en\/wp-json\/wp\/v2\/product_cat?post=147887"},{"taxonomy":"product_tag","embeddable":true,"href":"https:\/\/pizbube.ch\/en\/wp-json\/wp\/v2\/product_tag?post=147887"}],"curies":[{"name":"wp","href":"https:\/\/api.w.org\/{rel}","templated":true}]}}